{"id":6469,"date":"2024-09-12T12:03:32","date_gmt":"2024-09-12T12:03:32","guid":{"rendered":"https:\/\/bastardsknives.com\/?post_type=product&#038;p=6469"},"modified":"2024-09-12T12:03:32","modified_gmt":"2024-09-12T12:03:32","slug":"fibra-de-carbono-jungle-wear","status":"publish","type":"product","link":"https:\/\/bastardsknives.com\/es\/producto\/fibra-de-carbono-jungle-wear\/","title":{"rendered":"FIBRA DE CARBONO \u00abJungle Wear\u00bb"},"content":{"rendered":"<p>Presentamos nuestro compuesto epoxi\/fibra de carbono \u00abJungle Wear\u00bb, un material inspirado en la importancia de proteger las selvas tropicales del mundo, que generan el 20% del ox\u00edgeno mundial y desempe\u00f1an un papel vital en la reducci\u00f3n de la contaminaci\u00f3n. Nuestro compromiso con la sostenibilidad significa que todos nuestros compuestos, incluido el \u00abJungle Wear\u00bb, se producen utilizando \u00fanicamente fuentes de energ\u00eda renovables. Este material ligero y de gran rigidez ofrece una estabilidad dimensional y una resistencia a la corrosi\u00f3n excepcionales, adem\u00e1s de un aspecto visualmente llamativo. Puede mecanizarse f\u00e1cilmente mediante taladrado, fresado o rectificado, y es resistente a agentes de limpieza, aceites, grasas y \u00e1cidos d\u00e9biles. La versatilidad de \u00abJungle Wear\u00bb permite pulirlo, pintarlo o barnizarlo para una amplia gama de aplicaciones. La caracter\u00edstica exclusiva de este compuesto son sus capas de fibra de carbono verde de dos tonos, de s\u00f3lo 0,2 mm de grosor, lo que lo convierte en una opci\u00f3n ideal para proyectos en los que se a\u00fanan est\u00e9tica y rendimiento, desde mangos de cuchillos hasta accesorios de lujo. Tanto si busca un material funcional con un aspecto distintivo como un producto visualmente llamativo con usos pr\u00e1cticos, \u00abJungle Wear\u00bb es la elecci\u00f3n perfecta. Su dise\u00f1o \u00fanico y su alto rendimiento lo hacen adecuado para una gran variedad de proyectos. Para pedidos personalizados, no dude en ponerse en contacto con nosotros.        <\/p>\n","protected":false},"excerpt":{"rendered":"<p>Presentamos nuestro compuesto epoxi\/fibra de carbono \u00abJungle Wear\u00bb, un material inspirado en la importancia de proteger las selvas tropicales del mundo, que generan el 20% del ox\u00edgeno mundial y desempe\u00f1an un papel vital en la reducci\u00f3n de la contaminaci\u00f3n. Nuestro compromiso con la sostenibilidad significa que todos nuestros compuestos, incluido el \u00abJungle Wear\u00bb, se producen&#8230;<\/p>\n","protected":false},"featured_media":6237,"template":"","meta":[],"product_brand":[],"product_cat":[909],"product_tag":[],"class_list":{"0":"post-6469","1":"product","2":"type-product","3":"status-publish","4":"has-post-thumbnail","6":"product_cat-fat-carbon-es","8":"first","9":"instock","10":"taxable","11":"shipping-taxable","12":"purchasable","13":"product-type-variable"},"acf":[],"yoast_head":"<!-- This site is optimized with the Yoast SEO plugin v23.1 - https:\/\/yoast.com\/wordpress\/plugins\/seo\/ -->\n<title>FIBRA DE CARBONO \u00abJungle Wear\u00bb - Bastards Knives<\/title>\n<meta name=\"description\" content=\"Descubra el compuesto de fibra de carbono epoxi &#039;Jungle Wear&#039;: ligero, duradero y perfecto para aplicaciones ecol\u00f3gicas de alto rendimiento.\" \/>\n<meta name=\"robots\" content=\"index, follow, max-snippet:-1, max-image-preview:large, max-video-preview:-1\" \/>\n<link rel=\"canonical\" href=\"https:\/\/bastardsknives.com\/es\/producto\/fibra-de-carbono-jungle-wear\/\" \/>\n<meta property=\"og:locale\" content=\"es_ES\" \/>\n<meta property=\"og:type\" content=\"article\" \/>\n<meta property=\"og:title\" content=\"FIBRA DE CARBONO \u00abJungle Wear\u00bb - Bastards Knives\" \/>\n<meta property=\"og:description\" content=\"Descubra el compuesto de fibra de carbono epoxi &#039;Jungle Wear&#039;: ligero, duradero y perfecto para aplicaciones ecol\u00f3gicas de alto rendimiento.\" \/>\n<meta property=\"og:url\" content=\"https:\/\/bastardsknives.com\/es\/producto\/fibra-de-carbono-jungle-wear\/\" \/>\n<meta property=\"og:site_name\" content=\"Bastards Knives\" \/>\n<meta property=\"og:image\" content=\"https:\/\/bastardsknives.com\/wp-content\/uploads\/2024\/09\/Jungle-wear-1.jpg\" \/>\n\t<meta property=\"og:image:width\" content=\"1600\" \/>\n\t<meta property=\"og:image:height\" content=\"1600\" \/>\n\t<meta property=\"og:image:type\" content=\"image\/jpeg\" \/>\n<meta name=\"twitter:card\" content=\"summary_large_image\" \/>\n<meta name=\"twitter:label1\" content=\"Tiempo de lectura\" \/>\n\t<meta name=\"twitter:data1\" content=\"1 minuto\" \/>\n<script type=\"application\/ld+json\" class=\"yoast-schema-graph\">{\"@context\":\"https:\/\/schema.org\",\"@graph\":[{\"@type\":\"WebPage\",\"@id\":\"https:\/\/bastardsknives.com\/es\/producto\/fibra-de-carbono-jungle-wear\/\",\"url\":\"https:\/\/bastardsknives.com\/es\/producto\/fibra-de-carbono-jungle-wear\/\",\"name\":\"FIBRA DE CARBONO \u00abJungle Wear\u00bb - Bastards Knives\",\"isPartOf\":{\"@id\":\"https:\/\/bastardsknives.com\/es\/#website\"},\"primaryImageOfPage\":{\"@id\":\"https:\/\/bastardsknives.com\/es\/producto\/fibra-de-carbono-jungle-wear\/#primaryimage\"},\"image\":{\"@id\":\"https:\/\/bastardsknives.com\/es\/producto\/fibra-de-carbono-jungle-wear\/#primaryimage\"},\"thumbnailUrl\":\"https:\/\/bastardsknives.com\/wp-content\/uploads\/2024\/09\/Jungle-wear-1.jpg\",\"datePublished\":\"2024-09-12T12:03:32+00:00\",\"dateModified\":\"2024-09-12T12:03:32+00:00\",\"description\":\"Descubra el compuesto de fibra de carbono epoxi 'Jungle Wear': ligero, duradero y perfecto para aplicaciones ecol\u00f3gicas de alto rendimiento.\",\"breadcrumb\":{\"@id\":\"https:\/\/bastardsknives.com\/es\/producto\/fibra-de-carbono-jungle-wear\/#breadcrumb\"},\"inLanguage\":\"es\",\"potentialAction\":[{\"@type\":\"ReadAction\",\"target\":[\"https:\/\/bastardsknives.com\/es\/producto\/fibra-de-carbono-jungle-wear\/\"]}]},{\"@type\":\"ImageObject\",\"inLanguage\":\"es\",\"@id\":\"https:\/\/bastardsknives.com\/es\/producto\/fibra-de-carbono-jungle-wear\/#primaryimage\",\"url\":\"https:\/\/bastardsknives.com\/wp-content\/uploads\/2024\/09\/Jungle-wear-1.jpg\",\"contentUrl\":\"https:\/\/bastardsknives.com\/wp-content\/uploads\/2024\/09\/Jungle-wear-1.jpg\",\"width\":1600,\"height\":1600,\"caption\":\"fibra de carbono epoxi\"},{\"@type\":\"BreadcrumbList\",\"@id\":\"https:\/\/bastardsknives.com\/es\/producto\/fibra-de-carbono-jungle-wear\/#breadcrumb\",\"itemListElement\":[{\"@type\":\"ListItem\",\"position\":1,\"name\":\"Home\",\"item\":\"https:\/\/bastardsknives.com\/es\/\"},{\"@type\":\"ListItem\",\"position\":2,\"name\":\"Tienda\",\"item\":\"https:\/\/bastardsknives.com\/es\/tienda\/\"},{\"@type\":\"ListItem\",\"position\":3,\"name\":\"FIBRA DE CARBONO \u00abJungle Wear\u00bb\"}]},{\"@type\":\"WebSite\",\"@id\":\"https:\/\/bastardsknives.com\/es\/#website\",\"url\":\"https:\/\/bastardsknives.com\/es\/\",\"name\":\"Bastards Knives\",\"description\":\"Bastards Knives | Viviendo al filo\",\"publisher\":{\"@id\":\"https:\/\/bastardsknives.com\/es\/#organization\"},\"potentialAction\":[{\"@type\":\"SearchAction\",\"target\":{\"@type\":\"EntryPoint\",\"urlTemplate\":\"https:\/\/bastardsknives.com\/es\/?s={search_term_string}\"},\"query-input\":\"required name=search_term_string\"}],\"inLanguage\":\"es\"},{\"@type\":\"Organization\",\"@id\":\"https:\/\/bastardsknives.com\/es\/#organization\",\"name\":\"Bastards Knives\",\"url\":\"https:\/\/bastardsknives.com\/es\/\",\"logo\":{\"@type\":\"ImageObject\",\"inLanguage\":\"es\",\"@id\":\"https:\/\/bastardsknives.com\/es\/#\/schema\/logo\/image\/\",\"url\":\"https:\/\/bastardsknives.com\/wp-content\/uploads\/2022\/07\/Logoprod1.png\",\"contentUrl\":\"https:\/\/bastardsknives.com\/wp-content\/uploads\/2022\/07\/Logoprod1.png\",\"width\":284,\"height\":122,\"caption\":\"Bastards Knives\"},\"image\":{\"@id\":\"https:\/\/bastardsknives.com\/es\/#\/schema\/logo\/image\/\"}}]}<\/script>\n<!-- \/ Yoast SEO plugin. -->","yoast_head_json":{"title":"FIBRA DE CARBONO \u00abJungle Wear\u00bb - Bastards Knives","description":"Descubra el compuesto de fibra de carbono epoxi 'Jungle Wear': ligero, duradero y perfecto para aplicaciones ecol\u00f3gicas de alto rendimiento.","robots":{"index":"index","follow":"follow","max-snippet":"max-snippet:-1","max-image-preview":"max-image-preview:large","max-video-preview":"max-video-preview:-1"},"canonical":"https:\/\/bastardsknives.com\/es\/producto\/fibra-de-carbono-jungle-wear\/","og_locale":"es_ES","og_type":"article","og_title":"FIBRA DE CARBONO \u00abJungle Wear\u00bb - Bastards Knives","og_description":"Descubra el compuesto de fibra de carbono epoxi 'Jungle Wear': ligero, duradero y perfecto para aplicaciones ecol\u00f3gicas de alto rendimiento.","og_url":"https:\/\/bastardsknives.com\/es\/producto\/fibra-de-carbono-jungle-wear\/","og_site_name":"Bastards Knives","og_image":[{"width":1600,"height":1600,"url":"https:\/\/bastardsknives.com\/wp-content\/uploads\/2024\/09\/Jungle-wear-1.jpg","type":"image\/jpeg"}],"twitter_card":"summary_large_image","twitter_misc":{"Tiempo de lectura":"1 minuto"},"schema":{"@context":"https:\/\/schema.org","@graph":[{"@type":"WebPage","@id":"https:\/\/bastardsknives.com\/es\/producto\/fibra-de-carbono-jungle-wear\/","url":"https:\/\/bastardsknives.com\/es\/producto\/fibra-de-carbono-jungle-wear\/","name":"FIBRA DE CARBONO \u00abJungle Wear\u00bb - Bastards Knives","isPartOf":{"@id":"https:\/\/bastardsknives.com\/es\/#website"},"primaryImageOfPage":{"@id":"https:\/\/bastardsknives.com\/es\/producto\/fibra-de-carbono-jungle-wear\/#primaryimage"},"image":{"@id":"https:\/\/bastardsknives.com\/es\/producto\/fibra-de-carbono-jungle-wear\/#primaryimage"},"thumbnailUrl":"https:\/\/bastardsknives.com\/wp-content\/uploads\/2024\/09\/Jungle-wear-1.jpg","datePublished":"2024-09-12T12:03:32+00:00","dateModified":"2024-09-12T12:03:32+00:00","description":"Descubra el compuesto de fibra de carbono epoxi 'Jungle Wear': ligero, duradero y perfecto para aplicaciones ecol\u00f3gicas de alto rendimiento.","breadcrumb":{"@id":"https:\/\/bastardsknives.com\/es\/producto\/fibra-de-carbono-jungle-wear\/#breadcrumb"},"inLanguage":"es","potentialAction":[{"@type":"ReadAction","target":["https:\/\/bastardsknives.com\/es\/producto\/fibra-de-carbono-jungle-wear\/"]}]},{"@type":"ImageObject","inLanguage":"es","@id":"https:\/\/bastardsknives.com\/es\/producto\/fibra-de-carbono-jungle-wear\/#primaryimage","url":"https:\/\/bastardsknives.com\/wp-content\/uploads\/2024\/09\/Jungle-wear-1.jpg","contentUrl":"https:\/\/bastardsknives.com\/wp-content\/uploads\/2024\/09\/Jungle-wear-1.jpg","width":1600,"height":1600,"caption":"fibra de carbono epoxi"},{"@type":"BreadcrumbList","@id":"https:\/\/bastardsknives.com\/es\/producto\/fibra-de-carbono-jungle-wear\/#breadcrumb","itemListElement":[{"@type":"ListItem","position":1,"name":"Home","item":"https:\/\/bastardsknives.com\/es\/"},{"@type":"ListItem","position":2,"name":"Tienda","item":"https:\/\/bastardsknives.com\/es\/tienda\/"},{"@type":"ListItem","position":3,"name":"FIBRA DE CARBONO \u00abJungle Wear\u00bb"}]},{"@type":"WebSite","@id":"https:\/\/bastardsknives.com\/es\/#website","url":"https:\/\/bastardsknives.com\/es\/","name":"Bastards Knives","description":"Bastards Knives | Viviendo al filo","publisher":{"@id":"https:\/\/bastardsknives.com\/es\/#organization"},"potentialAction":[{"@type":"SearchAction","target":{"@type":"EntryPoint","urlTemplate":"https:\/\/bastardsknives.com\/es\/?s={search_term_string}"},"query-input":"required name=search_term_string"}],"inLanguage":"es"},{"@type":"Organization","@id":"https:\/\/bastardsknives.com\/es\/#organization","name":"Bastards Knives","url":"https:\/\/bastardsknives.com\/es\/","logo":{"@type":"ImageObject","inLanguage":"es","@id":"https:\/\/bastardsknives.com\/es\/#\/schema\/logo\/image\/","url":"https:\/\/bastardsknives.com\/wp-content\/uploads\/2022\/07\/Logoprod1.png","contentUrl":"https:\/\/bastardsknives.com\/wp-content\/uploads\/2022\/07\/Logoprod1.png","width":284,"height":122,"caption":"Bastards Knives"},"image":{"@id":"https:\/\/bastardsknives.com\/es\/#\/schema\/logo\/image\/"}}]}},"_links":{"self":[{"href":"https:\/\/bastardsknives.com\/es\/wp-json\/wp\/v2\/product\/6469","targetHints":{"allow":["GET"]}}],"collection":[{"href":"https:\/\/bastardsknives.com\/es\/wp-json\/wp\/v2\/product"}],"about":[{"href":"https:\/\/bastardsknives.com\/es\/wp-json\/wp\/v2\/types\/product"}],"wp:featuredmedia":[{"embeddable":true,"href":"https:\/\/bastardsknives.com\/es\/wp-json\/wp\/v2\/media\/6237"}],"wp:attachment":[{"href":"https:\/\/bastardsknives.com\/es\/wp-json\/wp\/v2\/media?parent=6469"}],"wp:term":[{"taxonomy":"product_brand","embeddable":true,"href":"https:\/\/bastardsknives.com\/es\/wp-json\/wp\/v2\/product_brand?post=6469"},{"taxonomy":"product_cat","embeddable":true,"href":"https:\/\/bastardsknives.com\/es\/wp-json\/wp\/v2\/product_cat?post=6469"},{"taxonomy":"product_tag","embeddable":true,"href":"https:\/\/bastardsknives.com\/es\/wp-json\/wp\/v2\/product_tag?post=6469"}],"curies":[{"name":"wp","href":"https:\/\/api.w.org\/{rel}","templated":true}]}}