{"id":6487,"date":"2024-09-12T14:13:49","date_gmt":"2024-09-12T14:13:49","guid":{"rendered":"https:\/\/bastardsknives.com\/?post_type=product&#038;p=6487"},"modified":"2024-09-12T14:13:49","modified_gmt":"2024-09-12T14:13:49","slug":"fibra-de-carbono-mars-valley","status":"publish","type":"product","link":"https:\/\/bastardsknives.com\/es\/producto\/fibra-de-carbono-mars-valley\/","title":{"rendered":"FIBRA DE CARBONO \u00abMars Valley\u00bb"},"content":{"rendered":"<p>Nuestro compuesto de fibra de carbono \u00abMars Valley\u00bb refleja el atractivo visual de nuestro dise\u00f1o \u00abLava Flow\u00bb, pero ofrece una combinaci\u00f3n de colores distinta. Como todas las planchas Fatcarbon, \u00abMars Valley\u00bb es ligero, con una gran rigidez y resistencia, resistencia al impacto y a la corrosi\u00f3n, y una estabilidad dimensional excepcional. Su llamativa est\u00e9tica la hace ideal para una amplia gama de aplicaciones de alto rendimiento. El tono rojizo de nuestro vecino c\u00f3smico, Marte, procede de su superficie de \u00f3xido de hierro, el mismo elemento que da a la sangre su color rojo. Marte, a m\u00e1s de 54 millones de kil\u00f3metros de distancia, ha cautivado la imaginaci\u00f3n humana desde la antig\u00fcedad.    <\/p>\n","protected":false},"excerpt":{"rendered":"<p>Nuestro compuesto de fibra de carbono \u00abMars Valley\u00bb refleja el atractivo visual de nuestro dise\u00f1o \u00abLava Flow\u00bb, pero ofrece una combinaci\u00f3n de colores distinta. Como todas las planchas Fatcarbon, \u00abMars Valley\u00bb es ligero, con una gran rigidez y resistencia, resistencia al impacto y a la corrosi\u00f3n, y una estabilidad dimensional excepcional. Su llamativa est\u00e9tica la&#8230;<\/p>\n","protected":false},"featured_media":6243,"template":"","meta":[],"product_brand":[],"product_cat":[909],"product_tag":[],"class_list":{"0":"post-6487","1":"product","2":"type-product","3":"status-publish","4":"has-post-thumbnail","6":"product_cat-fat-carbon-es","8":"first","9":"instock","10":"taxable","11":"shipping-taxable","12":"purchasable","13":"product-type-variable"},"acf":[],"yoast_head":"<!-- This site is optimized with the Yoast SEO plugin v23.1 - https:\/\/yoast.com\/wordpress\/plugins\/seo\/ -->\n<title>FIBRA DE CARBONO \u00abMars Valley\u00bb - Bastards Knives<\/title>\n<meta name=\"description\" content=\"Descubra el dise\u00f1o de fibra de carbono \u00abMars Valley\u00bb: ligero, fuerte y resistente a los impactos, con un color \u00fanico inspirado en la superficie de \u00f3xido de hierro del planeta rojo.\" \/>\n<meta name=\"robots\" content=\"index, follow, max-snippet:-1, max-image-preview:large, max-video-preview:-1\" \/>\n<link rel=\"canonical\" href=\"https:\/\/bastardsknives.com\/es\/producto\/fibra-de-carbono-mars-valley\/\" \/>\n<meta property=\"og:locale\" content=\"es_ES\" \/>\n<meta property=\"og:type\" content=\"article\" \/>\n<meta property=\"og:title\" content=\"FIBRA DE CARBONO \u00abMars Valley\u00bb - Bastards Knives\" \/>\n<meta property=\"og:description\" content=\"Descubra el dise\u00f1o de fibra de carbono \u00abMars Valley\u00bb: ligero, fuerte y resistente a los impactos, con un color \u00fanico inspirado en la superficie de \u00f3xido de hierro del planeta rojo.\" \/>\n<meta property=\"og:url\" content=\"https:\/\/bastardsknives.com\/es\/producto\/fibra-de-carbono-mars-valley\/\" \/>\n<meta property=\"og:site_name\" content=\"Bastards Knives\" \/>\n<meta property=\"og:image\" content=\"https:\/\/bastardsknives.com\/wp-content\/uploads\/2024\/09\/mars-valey-1.jpg\" \/>\n\t<meta property=\"og:image:width\" content=\"1600\" \/>\n\t<meta property=\"og:image:height\" content=\"1600\" \/>\n\t<meta property=\"og:image:type\" content=\"image\/jpeg\" \/>\n<meta name=\"twitter:card\" content=\"summary_large_image\" \/>\n<meta name=\"twitter:label1\" content=\"Tiempo de lectura\" \/>\n\t<meta name=\"twitter:data1\" content=\"1 minuto\" \/>\n<script type=\"application\/ld+json\" class=\"yoast-schema-graph\">{\"@context\":\"https:\/\/schema.org\",\"@graph\":[{\"@type\":\"WebPage\",\"@id\":\"https:\/\/bastardsknives.com\/es\/producto\/fibra-de-carbono-mars-valley\/\",\"url\":\"https:\/\/bastardsknives.com\/es\/producto\/fibra-de-carbono-mars-valley\/\",\"name\":\"FIBRA DE CARBONO \u00abMars Valley\u00bb - Bastards Knives\",\"isPartOf\":{\"@id\":\"https:\/\/bastardsknives.com\/es\/#website\"},\"primaryImageOfPage\":{\"@id\":\"https:\/\/bastardsknives.com\/es\/producto\/fibra-de-carbono-mars-valley\/#primaryimage\"},\"image\":{\"@id\":\"https:\/\/bastardsknives.com\/es\/producto\/fibra-de-carbono-mars-valley\/#primaryimage\"},\"thumbnailUrl\":\"https:\/\/bastardsknives.com\/wp-content\/uploads\/2024\/09\/mars-valey-1.jpg\",\"datePublished\":\"2024-09-12T14:13:49+00:00\",\"dateModified\":\"2024-09-12T14:13:49+00:00\",\"description\":\"Descubra el dise\u00f1o de fibra de carbono \u00abMars Valley\u00bb: ligero, fuerte y resistente a los impactos, con un color \u00fanico inspirado en la superficie de \u00f3xido de hierro del planeta rojo.\",\"breadcrumb\":{\"@id\":\"https:\/\/bastardsknives.com\/es\/producto\/fibra-de-carbono-mars-valley\/#breadcrumb\"},\"inLanguage\":\"es\",\"potentialAction\":[{\"@type\":\"ReadAction\",\"target\":[\"https:\/\/bastardsknives.com\/es\/producto\/fibra-de-carbono-mars-valley\/\"]}]},{\"@type\":\"ImageObject\",\"inLanguage\":\"es\",\"@id\":\"https:\/\/bastardsknives.com\/es\/producto\/fibra-de-carbono-mars-valley\/#primaryimage\",\"url\":\"https:\/\/bastardsknives.com\/wp-content\/uploads\/2024\/09\/mars-valey-1.jpg\",\"contentUrl\":\"https:\/\/bastardsknives.com\/wp-content\/uploads\/2024\/09\/mars-valey-1.jpg\",\"width\":1600,\"height\":1600,\"caption\":\"carbon design\"},{\"@type\":\"BreadcrumbList\",\"@id\":\"https:\/\/bastardsknives.com\/es\/producto\/fibra-de-carbono-mars-valley\/#breadcrumb\",\"itemListElement\":[{\"@type\":\"ListItem\",\"position\":1,\"name\":\"Home\",\"item\":\"https:\/\/bastardsknives.com\/es\/\"},{\"@type\":\"ListItem\",\"position\":2,\"name\":\"Tienda\",\"item\":\"https:\/\/bastardsknives.com\/es\/tienda\/\"},{\"@type\":\"ListItem\",\"position\":3,\"name\":\"FIBRA DE CARBONO \u00abMars Valley\u00bb\"}]},{\"@type\":\"WebSite\",\"@id\":\"https:\/\/bastardsknives.com\/es\/#website\",\"url\":\"https:\/\/bastardsknives.com\/es\/\",\"name\":\"Bastards Knives\",\"description\":\"Bastards Knives | Viviendo al filo\",\"publisher\":{\"@id\":\"https:\/\/bastardsknives.com\/es\/#organization\"},\"potentialAction\":[{\"@type\":\"SearchAction\",\"target\":{\"@type\":\"EntryPoint\",\"urlTemplate\":\"https:\/\/bastardsknives.com\/es\/?s={search_term_string}\"},\"query-input\":\"required name=search_term_string\"}],\"inLanguage\":\"es\"},{\"@type\":\"Organization\",\"@id\":\"https:\/\/bastardsknives.com\/es\/#organization\",\"name\":\"Bastards Knives\",\"url\":\"https:\/\/bastardsknives.com\/es\/\",\"logo\":{\"@type\":\"ImageObject\",\"inLanguage\":\"es\",\"@id\":\"https:\/\/bastardsknives.com\/es\/#\/schema\/logo\/image\/\",\"url\":\"https:\/\/bastardsknives.com\/wp-content\/uploads\/2022\/07\/Logoprod1.png\",\"contentUrl\":\"https:\/\/bastardsknives.com\/wp-content\/uploads\/2022\/07\/Logoprod1.png\",\"width\":284,\"height\":122,\"caption\":\"Bastards Knives\"},\"image\":{\"@id\":\"https:\/\/bastardsknives.com\/es\/#\/schema\/logo\/image\/\"}}]}<\/script>\n<!-- \/ Yoast SEO plugin. -->","yoast_head_json":{"title":"FIBRA DE CARBONO \u00abMars Valley\u00bb - Bastards Knives","description":"Descubra el dise\u00f1o de fibra de carbono \u00abMars Valley\u00bb: ligero, fuerte y resistente a los impactos, con un color \u00fanico inspirado en la superficie de \u00f3xido de hierro del planeta rojo.","robots":{"index":"index","follow":"follow","max-snippet":"max-snippet:-1","max-image-preview":"max-image-preview:large","max-video-preview":"max-video-preview:-1"},"canonical":"https:\/\/bastardsknives.com\/es\/producto\/fibra-de-carbono-mars-valley\/","og_locale":"es_ES","og_type":"article","og_title":"FIBRA DE CARBONO \u00abMars Valley\u00bb - Bastards Knives","og_description":"Descubra el dise\u00f1o de fibra de carbono \u00abMars Valley\u00bb: ligero, fuerte y resistente a los impactos, con un color \u00fanico inspirado en la superficie de \u00f3xido de hierro del planeta rojo.","og_url":"https:\/\/bastardsknives.com\/es\/producto\/fibra-de-carbono-mars-valley\/","og_site_name":"Bastards Knives","og_image":[{"width":1600,"height":1600,"url":"https:\/\/bastardsknives.com\/wp-content\/uploads\/2024\/09\/mars-valey-1.jpg","type":"image\/jpeg"}],"twitter_card":"summary_large_image","twitter_misc":{"Tiempo de lectura":"1 minuto"},"schema":{"@context":"https:\/\/schema.org","@graph":[{"@type":"WebPage","@id":"https:\/\/bastardsknives.com\/es\/producto\/fibra-de-carbono-mars-valley\/","url":"https:\/\/bastardsknives.com\/es\/producto\/fibra-de-carbono-mars-valley\/","name":"FIBRA DE CARBONO \u00abMars Valley\u00bb - Bastards Knives","isPartOf":{"@id":"https:\/\/bastardsknives.com\/es\/#website"},"primaryImageOfPage":{"@id":"https:\/\/bastardsknives.com\/es\/producto\/fibra-de-carbono-mars-valley\/#primaryimage"},"image":{"@id":"https:\/\/bastardsknives.com\/es\/producto\/fibra-de-carbono-mars-valley\/#primaryimage"},"thumbnailUrl":"https:\/\/bastardsknives.com\/wp-content\/uploads\/2024\/09\/mars-valey-1.jpg","datePublished":"2024-09-12T14:13:49+00:00","dateModified":"2024-09-12T14:13:49+00:00","description":"Descubra el dise\u00f1o de fibra de carbono \u00abMars Valley\u00bb: ligero, fuerte y resistente a los impactos, con un color \u00fanico inspirado en la superficie de \u00f3xido de hierro del planeta rojo.","breadcrumb":{"@id":"https:\/\/bastardsknives.com\/es\/producto\/fibra-de-carbono-mars-valley\/#breadcrumb"},"inLanguage":"es","potentialAction":[{"@type":"ReadAction","target":["https:\/\/bastardsknives.com\/es\/producto\/fibra-de-carbono-mars-valley\/"]}]},{"@type":"ImageObject","inLanguage":"es","@id":"https:\/\/bastardsknives.com\/es\/producto\/fibra-de-carbono-mars-valley\/#primaryimage","url":"https:\/\/bastardsknives.com\/wp-content\/uploads\/2024\/09\/mars-valey-1.jpg","contentUrl":"https:\/\/bastardsknives.com\/wp-content\/uploads\/2024\/09\/mars-valey-1.jpg","width":1600,"height":1600,"caption":"carbon design"},{"@type":"BreadcrumbList","@id":"https:\/\/bastardsknives.com\/es\/producto\/fibra-de-carbono-mars-valley\/#breadcrumb","itemListElement":[{"@type":"ListItem","position":1,"name":"Home","item":"https:\/\/bastardsknives.com\/es\/"},{"@type":"ListItem","position":2,"name":"Tienda","item":"https:\/\/bastardsknives.com\/es\/tienda\/"},{"@type":"ListItem","position":3,"name":"FIBRA DE CARBONO \u00abMars Valley\u00bb"}]},{"@type":"WebSite","@id":"https:\/\/bastardsknives.com\/es\/#website","url":"https:\/\/bastardsknives.com\/es\/","name":"Bastards Knives","description":"Bastards Knives | Viviendo al filo","publisher":{"@id":"https:\/\/bastardsknives.com\/es\/#organization"},"potentialAction":[{"@type":"SearchAction","target":{"@type":"EntryPoint","urlTemplate":"https:\/\/bastardsknives.com\/es\/?s={search_term_string}"},"query-input":"required name=search_term_string"}],"inLanguage":"es"},{"@type":"Organization","@id":"https:\/\/bastardsknives.com\/es\/#organization","name":"Bastards Knives","url":"https:\/\/bastardsknives.com\/es\/","logo":{"@type":"ImageObject","inLanguage":"es","@id":"https:\/\/bastardsknives.com\/es\/#\/schema\/logo\/image\/","url":"https:\/\/bastardsknives.com\/wp-content\/uploads\/2022\/07\/Logoprod1.png","contentUrl":"https:\/\/bastardsknives.com\/wp-content\/uploads\/2022\/07\/Logoprod1.png","width":284,"height":122,"caption":"Bastards Knives"},"image":{"@id":"https:\/\/bastardsknives.com\/es\/#\/schema\/logo\/image\/"}}]}},"_links":{"self":[{"href":"https:\/\/bastardsknives.com\/es\/wp-json\/wp\/v2\/product\/6487","targetHints":{"allow":["GET"]}}],"collection":[{"href":"https:\/\/bastardsknives.com\/es\/wp-json\/wp\/v2\/product"}],"about":[{"href":"https:\/\/bastardsknives.com\/es\/wp-json\/wp\/v2\/types\/product"}],"wp:featuredmedia":[{"embeddable":true,"href":"https:\/\/bastardsknives.com\/es\/wp-json\/wp\/v2\/media\/6243"}],"wp:attachment":[{"href":"https:\/\/bastardsknives.com\/es\/wp-json\/wp\/v2\/media?parent=6487"}],"wp:term":[{"taxonomy":"product_brand","embeddable":true,"href":"https:\/\/bastardsknives.com\/es\/wp-json\/wp\/v2\/product_brand?post=6487"},{"taxonomy":"product_cat","embeddable":true,"href":"https:\/\/bastardsknives.com\/es\/wp-json\/wp\/v2\/product_cat?post=6487"},{"taxonomy":"product_tag","embeddable":true,"href":"https:\/\/bastardsknives.com\/es\/wp-json\/wp\/v2\/product_tag?post=6487"}],"curies":[{"name":"wp","href":"https:\/\/api.w.org\/{rel}","templated":true}]}}