{"id":6521,"date":"2024-09-12T15:31:51","date_gmt":"2024-09-12T15:31:51","guid":{"rendered":"https:\/\/bastardsknives.com\/?post_type=product&#038;p=6521"},"modified":"2024-09-12T15:31:51","modified_gmt":"2024-09-12T15:31:51","slug":"fibra-de-carbono-corte-lateral","status":"publish","type":"product","link":"https:\/\/bastardsknives.com\/es\/producto\/fibra-de-carbono-corte-lateral\/","title":{"rendered":"FIBRA DE CARBONO \u00abCorte lateral"},"content":{"rendered":"<p>La textura elegante y refinada de la fibra de carbono \u00abSide Cut\u00bb se asemeja mucho a las vetas de la madera de negrillo, ofreciendo tanto atractivo visual como altas prestaciones. El proceso de creaci\u00f3n de fatcarbon\u00ae \u00abSide Cut\u00bb consiste en apilar capas de fibra de carbono, impregnarlas con un pol\u00edmero y aplicar una fuerza inmensa para consolidar las capas en bloques s\u00f3lidos. A continuaci\u00f3n, estos bloques se cortan en trozos m\u00e1s peque\u00f1os, mostrando una textura que brilla a la luz del sol. La fibra de carbono \u00abSide Cut\u00bb proporciona ligereza, alta resistencia a la flexi\u00f3n, resistencia al impacto y estabilidad dimensional en todos los rangos de temperatura. Sus propiedades \u00fanicas la hacen ideal para la fabricaci\u00f3n de cuchillos, joyer\u00eda, relojer\u00eda, componentes de rob\u00f3tica, aplicaciones espaciales, etc.    <\/p>\n","protected":false},"excerpt":{"rendered":"<p>La textura elegante y refinada de la fibra de carbono \u00abSide Cut\u00bb se asemeja mucho a las vetas de la madera de negrillo, ofreciendo tanto atractivo visual como altas prestaciones. El proceso de creaci\u00f3n de fatcarbon\u00ae \u00abSide Cut\u00bb consiste en apilar capas de fibra de carbono, impregnarlas con un pol\u00edmero y aplicar una fuerza inmensa&#8230;<\/p>\n","protected":false},"featured_media":6252,"template":"","meta":[],"product_brand":[],"product_cat":[909],"product_tag":[],"class_list":{"0":"post-6521","1":"product","2":"type-product","3":"status-publish","4":"has-post-thumbnail","6":"product_cat-fat-carbon-es","8":"first","9":"instock","10":"taxable","11":"shipping-taxable","12":"purchasable","13":"product-type-variable"},"acf":[],"yoast_head":"<!-- This site is optimized with the Yoast SEO plugin v23.1 - https:\/\/yoast.com\/wordpress\/plugins\/seo\/ -->\n<title>FIBRA DE CARBONO \u00abCorte lateral - Bastards Knives<\/title>\n<meta name=\"description\" content=\"Descubra nuestra fibra de carbono \u00abSide Cut\u00bb: elegante textura similar a la madera negra, ligera, resistente y perfecta para cuchillos, joyas, relojes y mucho m\u00e1s.\" \/>\n<meta name=\"robots\" content=\"index, follow, max-snippet:-1, max-image-preview:large, max-video-preview:-1\" \/>\n<link rel=\"canonical\" href=\"https:\/\/bastardsknives.com\/es\/producto\/fibra-de-carbono-corte-lateral\/\" \/>\n<meta property=\"og:locale\" content=\"es_ES\" \/>\n<meta property=\"og:type\" content=\"article\" \/>\n<meta property=\"og:title\" content=\"FIBRA DE CARBONO \u00abCorte lateral - Bastards Knives\" \/>\n<meta property=\"og:description\" content=\"Descubra nuestra fibra de carbono \u00abSide Cut\u00bb: elegante textura similar a la madera negra, ligera, resistente y perfecta para cuchillos, joyas, relojes y mucho m\u00e1s.\" \/>\n<meta property=\"og:url\" content=\"https:\/\/bastardsknives.com\/es\/producto\/fibra-de-carbono-corte-lateral\/\" \/>\n<meta property=\"og:site_name\" content=\"Bastards Knives\" \/>\n<meta property=\"og:image\" content=\"https:\/\/bastardsknives.com\/wp-content\/uploads\/2024\/09\/SideCut-1.jpg\" \/>\n\t<meta property=\"og:image:width\" content=\"1600\" \/>\n\t<meta property=\"og:image:height\" content=\"1600\" \/>\n\t<meta property=\"og:image:type\" content=\"image\/jpeg\" \/>\n<meta name=\"twitter:card\" content=\"summary_large_image\" \/>\n<meta name=\"twitter:label1\" content=\"Tiempo de lectura\" \/>\n\t<meta name=\"twitter:data1\" content=\"1 minuto\" \/>\n<script type=\"application\/ld+json\" class=\"yoast-schema-graph\">{\"@context\":\"https:\/\/schema.org\",\"@graph\":[{\"@type\":\"WebPage\",\"@id\":\"https:\/\/bastardsknives.com\/es\/producto\/fibra-de-carbono-corte-lateral\/\",\"url\":\"https:\/\/bastardsknives.com\/es\/producto\/fibra-de-carbono-corte-lateral\/\",\"name\":\"FIBRA DE CARBONO \u00abCorte lateral - Bastards Knives\",\"isPartOf\":{\"@id\":\"https:\/\/bastardsknives.com\/es\/#website\"},\"primaryImageOfPage\":{\"@id\":\"https:\/\/bastardsknives.com\/es\/producto\/fibra-de-carbono-corte-lateral\/#primaryimage\"},\"image\":{\"@id\":\"https:\/\/bastardsknives.com\/es\/producto\/fibra-de-carbono-corte-lateral\/#primaryimage\"},\"thumbnailUrl\":\"https:\/\/bastardsknives.com\/wp-content\/uploads\/2024\/09\/SideCut-1.jpg\",\"datePublished\":\"2024-09-12T15:31:51+00:00\",\"dateModified\":\"2024-09-12T15:31:51+00:00\",\"description\":\"Descubra nuestra fibra de carbono \u00abSide Cut\u00bb: elegante textura similar a la madera negra, ligera, resistente y perfecta para cuchillos, joyas, relojes y mucho m\u00e1s.\",\"breadcrumb\":{\"@id\":\"https:\/\/bastardsknives.com\/es\/producto\/fibra-de-carbono-corte-lateral\/#breadcrumb\"},\"inLanguage\":\"es\",\"potentialAction\":[{\"@type\":\"ReadAction\",\"target\":[\"https:\/\/bastardsknives.com\/es\/producto\/fibra-de-carbono-corte-lateral\/\"]}]},{\"@type\":\"ImageObject\",\"inLanguage\":\"es\",\"@id\":\"https:\/\/bastardsknives.com\/es\/producto\/fibra-de-carbono-corte-lateral\/#primaryimage\",\"url\":\"https:\/\/bastardsknives.com\/wp-content\/uploads\/2024\/09\/SideCut-1.jpg\",\"contentUrl\":\"https:\/\/bastardsknives.com\/wp-content\/uploads\/2024\/09\/SideCut-1.jpg\",\"width\":1600,\"height\":1600,\"caption\":\"Side Cut carbon fiber\"},{\"@type\":\"BreadcrumbList\",\"@id\":\"https:\/\/bastardsknives.com\/es\/producto\/fibra-de-carbono-corte-lateral\/#breadcrumb\",\"itemListElement\":[{\"@type\":\"ListItem\",\"position\":1,\"name\":\"Home\",\"item\":\"https:\/\/bastardsknives.com\/es\/\"},{\"@type\":\"ListItem\",\"position\":2,\"name\":\"Tienda\",\"item\":\"https:\/\/bastardsknives.com\/es\/tienda\/\"},{\"@type\":\"ListItem\",\"position\":3,\"name\":\"FIBRA DE CARBONO \u00abCorte lateral\"}]},{\"@type\":\"WebSite\",\"@id\":\"https:\/\/bastardsknives.com\/es\/#website\",\"url\":\"https:\/\/bastardsknives.com\/es\/\",\"name\":\"Bastards Knives\",\"description\":\"Bastards Knives | Viviendo al filo\",\"publisher\":{\"@id\":\"https:\/\/bastardsknives.com\/es\/#organization\"},\"potentialAction\":[{\"@type\":\"SearchAction\",\"target\":{\"@type\":\"EntryPoint\",\"urlTemplate\":\"https:\/\/bastardsknives.com\/es\/?s={search_term_string}\"},\"query-input\":\"required name=search_term_string\"}],\"inLanguage\":\"es\"},{\"@type\":\"Organization\",\"@id\":\"https:\/\/bastardsknives.com\/es\/#organization\",\"name\":\"Bastards Knives\",\"url\":\"https:\/\/bastardsknives.com\/es\/\",\"logo\":{\"@type\":\"ImageObject\",\"inLanguage\":\"es\",\"@id\":\"https:\/\/bastardsknives.com\/es\/#\/schema\/logo\/image\/\",\"url\":\"https:\/\/bastardsknives.com\/wp-content\/uploads\/2022\/07\/Logoprod1.png\",\"contentUrl\":\"https:\/\/bastardsknives.com\/wp-content\/uploads\/2022\/07\/Logoprod1.png\",\"width\":284,\"height\":122,\"caption\":\"Bastards Knives\"},\"image\":{\"@id\":\"https:\/\/bastardsknives.com\/es\/#\/schema\/logo\/image\/\"}}]}<\/script>\n<!-- \/ Yoast SEO plugin. -->","yoast_head_json":{"title":"FIBRA DE CARBONO \u00abCorte lateral - Bastards Knives","description":"Descubra nuestra fibra de carbono \u00abSide Cut\u00bb: elegante textura similar a la madera negra, ligera, resistente y perfecta para cuchillos, joyas, relojes y mucho m\u00e1s.","robots":{"index":"index","follow":"follow","max-snippet":"max-snippet:-1","max-image-preview":"max-image-preview:large","max-video-preview":"max-video-preview:-1"},"canonical":"https:\/\/bastardsknives.com\/es\/producto\/fibra-de-carbono-corte-lateral\/","og_locale":"es_ES","og_type":"article","og_title":"FIBRA DE CARBONO \u00abCorte lateral - Bastards Knives","og_description":"Descubra nuestra fibra de carbono \u00abSide Cut\u00bb: elegante textura similar a la madera negra, ligera, resistente y perfecta para cuchillos, joyas, relojes y mucho m\u00e1s.","og_url":"https:\/\/bastardsknives.com\/es\/producto\/fibra-de-carbono-corte-lateral\/","og_site_name":"Bastards Knives","og_image":[{"width":1600,"height":1600,"url":"https:\/\/bastardsknives.com\/wp-content\/uploads\/2024\/09\/SideCut-1.jpg","type":"image\/jpeg"}],"twitter_card":"summary_large_image","twitter_misc":{"Tiempo de lectura":"1 minuto"},"schema":{"@context":"https:\/\/schema.org","@graph":[{"@type":"WebPage","@id":"https:\/\/bastardsknives.com\/es\/producto\/fibra-de-carbono-corte-lateral\/","url":"https:\/\/bastardsknives.com\/es\/producto\/fibra-de-carbono-corte-lateral\/","name":"FIBRA DE CARBONO \u00abCorte lateral - Bastards Knives","isPartOf":{"@id":"https:\/\/bastardsknives.com\/es\/#website"},"primaryImageOfPage":{"@id":"https:\/\/bastardsknives.com\/es\/producto\/fibra-de-carbono-corte-lateral\/#primaryimage"},"image":{"@id":"https:\/\/bastardsknives.com\/es\/producto\/fibra-de-carbono-corte-lateral\/#primaryimage"},"thumbnailUrl":"https:\/\/bastardsknives.com\/wp-content\/uploads\/2024\/09\/SideCut-1.jpg","datePublished":"2024-09-12T15:31:51+00:00","dateModified":"2024-09-12T15:31:51+00:00","description":"Descubra nuestra fibra de carbono \u00abSide Cut\u00bb: elegante textura similar a la madera negra, ligera, resistente y perfecta para cuchillos, joyas, relojes y mucho m\u00e1s.","breadcrumb":{"@id":"https:\/\/bastardsknives.com\/es\/producto\/fibra-de-carbono-corte-lateral\/#breadcrumb"},"inLanguage":"es","potentialAction":[{"@type":"ReadAction","target":["https:\/\/bastardsknives.com\/es\/producto\/fibra-de-carbono-corte-lateral\/"]}]},{"@type":"ImageObject","inLanguage":"es","@id":"https:\/\/bastardsknives.com\/es\/producto\/fibra-de-carbono-corte-lateral\/#primaryimage","url":"https:\/\/bastardsknives.com\/wp-content\/uploads\/2024\/09\/SideCut-1.jpg","contentUrl":"https:\/\/bastardsknives.com\/wp-content\/uploads\/2024\/09\/SideCut-1.jpg","width":1600,"height":1600,"caption":"Side Cut carbon fiber"},{"@type":"BreadcrumbList","@id":"https:\/\/bastardsknives.com\/es\/producto\/fibra-de-carbono-corte-lateral\/#breadcrumb","itemListElement":[{"@type":"ListItem","position":1,"name":"Home","item":"https:\/\/bastardsknives.com\/es\/"},{"@type":"ListItem","position":2,"name":"Tienda","item":"https:\/\/bastardsknives.com\/es\/tienda\/"},{"@type":"ListItem","position":3,"name":"FIBRA DE CARBONO \u00abCorte lateral"}]},{"@type":"WebSite","@id":"https:\/\/bastardsknives.com\/es\/#website","url":"https:\/\/bastardsknives.com\/es\/","name":"Bastards Knives","description":"Bastards Knives | Viviendo al filo","publisher":{"@id":"https:\/\/bastardsknives.com\/es\/#organization"},"potentialAction":[{"@type":"SearchAction","target":{"@type":"EntryPoint","urlTemplate":"https:\/\/bastardsknives.com\/es\/?s={search_term_string}"},"query-input":"required name=search_term_string"}],"inLanguage":"es"},{"@type":"Organization","@id":"https:\/\/bastardsknives.com\/es\/#organization","name":"Bastards Knives","url":"https:\/\/bastardsknives.com\/es\/","logo":{"@type":"ImageObject","inLanguage":"es","@id":"https:\/\/bastardsknives.com\/es\/#\/schema\/logo\/image\/","url":"https:\/\/bastardsknives.com\/wp-content\/uploads\/2022\/07\/Logoprod1.png","contentUrl":"https:\/\/bastardsknives.com\/wp-content\/uploads\/2022\/07\/Logoprod1.png","width":284,"height":122,"caption":"Bastards Knives"},"image":{"@id":"https:\/\/bastardsknives.com\/es\/#\/schema\/logo\/image\/"}}]}},"_links":{"self":[{"href":"https:\/\/bastardsknives.com\/es\/wp-json\/wp\/v2\/product\/6521","targetHints":{"allow":["GET"]}}],"collection":[{"href":"https:\/\/bastardsknives.com\/es\/wp-json\/wp\/v2\/product"}],"about":[{"href":"https:\/\/bastardsknives.com\/es\/wp-json\/wp\/v2\/types\/product"}],"wp:featuredmedia":[{"embeddable":true,"href":"https:\/\/bastardsknives.com\/es\/wp-json\/wp\/v2\/media\/6252"}],"wp:attachment":[{"href":"https:\/\/bastardsknives.com\/es\/wp-json\/wp\/v2\/media?parent=6521"}],"wp:term":[{"taxonomy":"product_brand","embeddable":true,"href":"https:\/\/bastardsknives.com\/es\/wp-json\/wp\/v2\/product_brand?post=6521"},{"taxonomy":"product_cat","embeddable":true,"href":"https:\/\/bastardsknives.com\/es\/wp-json\/wp\/v2\/product_cat?post=6521"},{"taxonomy":"product_tag","embeddable":true,"href":"https:\/\/bastardsknives.com\/es\/wp-json\/wp\/v2\/product_tag?post=6521"}],"curies":[{"name":"wp","href":"https:\/\/api.w.org\/{rel}","templated":true}]}}