{"id":6659,"date":"2024-09-13T10:35:56","date_gmt":"2024-09-13T10:35:56","guid":{"rendered":"https:\/\/bastardsknives.com\/?post_type=product&#038;p=6659"},"modified":"2024-09-13T10:35:58","modified_gmt":"2024-09-13T10:35:58","slug":"escamas-de-cuchillo-crosscut-de-fibra-de-carbono","status":"publish","type":"product","link":"https:\/\/bastardsknives.com\/es\/producto\/escamas-de-cuchillo-crosscut-de-fibra-de-carbono\/","title":{"rendered":"Escamas de cuchillo \u00abCrosscut\u00bb de FIBRA DE CARBONO"},"content":{"rendered":"<p>Hemos dise\u00f1ado estos bloques de compuesto de carbono espec\u00edficamente para fabricantes de cuchillos, disponibles en 7 de nuestros dise\u00f1os probados, incluidos \u00abArctic Storm\u00bb, \u00abJungle Wear\u00bb y \u00abMars Valley\u00bb. Son ligeros, resistentes a los productos de limpieza, aceites, grasas y \u00e1cidos d\u00e9biles, y ofrecen durabilidad, estanqueidad, f\u00e1cil mecanizaci\u00f3n y estabilidad dimensional. Las escamas \u00abCrosscut\u00bb est\u00e1n disponibles en varios tama\u00f1os y grosores. Eleve hoy mismo sus cuchillos con la esencia de las fuerzas naturales. Las piezas \u00abCrosscut\u00bb cortadas a partir de bloques de fibra de carbono de 50 mm (2\u2033) o 75 mm (3\u2033) de grosor ofrecen a\u00fan m\u00e1s opciones de color y brillo.    <\/p>\n","protected":false},"excerpt":{"rendered":"<p>Hemos dise\u00f1ado estos bloques de compuesto de carbono espec\u00edficamente para fabricantes de cuchillos, disponibles en 7 de nuestros dise\u00f1os probados, incluidos \u00abArctic Storm\u00bb, \u00abJungle Wear\u00bb y \u00abMars Valley\u00bb. Son ligeros, resistentes a los productos de limpieza, aceites, grasas y \u00e1cidos d\u00e9biles, y ofrecen durabilidad, estanqueidad, f\u00e1cil mecanizaci\u00f3n y estabilidad dimensional. Las escamas \u00abCrosscut\u00bb est\u00e1n disponibles&#8230;<\/p>\n","protected":false},"featured_media":6627,"template":"","meta":[],"product_brand":[],"product_cat":[909],"product_tag":[],"class_list":{"0":"post-6659","1":"product","2":"type-product","3":"status-publish","4":"has-post-thumbnail","6":"product_cat-fat-carbon-es","8":"first","9":"instock","10":"taxable","11":"shipping-taxable","12":"purchasable","13":"product-type-variable"},"acf":[],"yoast_head":"<!-- This site is optimized with the Yoast SEO plugin v23.1 - https:\/\/yoast.com\/wordpress\/plugins\/seo\/ -->\n<title>Escamas de cuchillo \u00abCrosscut\u00bb de FIBRA DE CARBONO - Bastards Knives<\/title>\n<meta name=\"description\" content=\"Compuesto de carbono para la fabricaci\u00f3n de cuchillos de alta calidad: duradero, ligero y mecanizable con una gran variedad de colores y grosores.\" \/>\n<meta name=\"robots\" content=\"index, follow, max-snippet:-1, max-image-preview:large, max-video-preview:-1\" \/>\n<link rel=\"canonical\" href=\"https:\/\/bastardsknives.com\/es\/producto\/escamas-de-cuchillo-crosscut-de-fibra-de-carbono\/\" \/>\n<meta property=\"og:locale\" content=\"es_ES\" \/>\n<meta property=\"og:type\" content=\"article\" \/>\n<meta property=\"og:title\" content=\"Escamas de cuchillo \u00abCrosscut\u00bb de FIBRA DE CARBONO - Bastards Knives\" \/>\n<meta property=\"og:description\" content=\"Compuesto de carbono para la fabricaci\u00f3n de cuchillos de alta calidad: duradero, ligero y mecanizable con una gran variedad de colores y grosores.\" \/>\n<meta property=\"og:url\" content=\"https:\/\/bastardsknives.com\/es\/producto\/escamas-de-cuchillo-crosscut-de-fibra-de-carbono\/\" \/>\n<meta property=\"og:site_name\" content=\"Bastards Knives\" \/>\n<meta property=\"article:modified_time\" content=\"2024-09-13T10:35:58+00:00\" \/>\n<meta property=\"og:image\" content=\"https:\/\/bastardsknives.com\/wp-content\/uploads\/2024\/09\/crosscut.webp\" \/>\n\t<meta property=\"og:image:width\" content=\"600\" \/>\n\t<meta property=\"og:image:height\" content=\"600\" \/>\n\t<meta property=\"og:image:type\" content=\"image\/webp\" \/>\n<meta name=\"twitter:card\" content=\"summary_large_image\" \/>\n<meta name=\"twitter:label1\" content=\"Tiempo de lectura\" \/>\n\t<meta name=\"twitter:data1\" content=\"1 minuto\" \/>\n<script type=\"application\/ld+json\" class=\"yoast-schema-graph\">{\"@context\":\"https:\/\/schema.org\",\"@graph\":[{\"@type\":\"WebPage\",\"@id\":\"https:\/\/bastardsknives.com\/es\/producto\/escamas-de-cuchillo-crosscut-de-fibra-de-carbono\/\",\"url\":\"https:\/\/bastardsknives.com\/es\/producto\/escamas-de-cuchillo-crosscut-de-fibra-de-carbono\/\",\"name\":\"Escamas de cuchillo \u00abCrosscut\u00bb de FIBRA DE CARBONO - Bastards Knives\",\"isPartOf\":{\"@id\":\"https:\/\/bastardsknives.com\/es\/#website\"},\"primaryImageOfPage\":{\"@id\":\"https:\/\/bastardsknives.com\/es\/producto\/escamas-de-cuchillo-crosscut-de-fibra-de-carbono\/#primaryimage\"},\"image\":{\"@id\":\"https:\/\/bastardsknives.com\/es\/producto\/escamas-de-cuchillo-crosscut-de-fibra-de-carbono\/#primaryimage\"},\"thumbnailUrl\":\"https:\/\/bastardsknives.com\/wp-content\/uploads\/2024\/09\/crosscut.webp\",\"datePublished\":\"2024-09-13T10:35:56+00:00\",\"dateModified\":\"2024-09-13T10:35:58+00:00\",\"description\":\"Compuesto de carbono para la fabricaci\u00f3n de cuchillos de alta calidad: duradero, ligero y mecanizable con una gran variedad de colores y grosores.\",\"breadcrumb\":{\"@id\":\"https:\/\/bastardsknives.com\/es\/producto\/escamas-de-cuchillo-crosscut-de-fibra-de-carbono\/#breadcrumb\"},\"inLanguage\":\"es\",\"potentialAction\":[{\"@type\":\"ReadAction\",\"target\":[\"https:\/\/bastardsknives.com\/es\/producto\/escamas-de-cuchillo-crosscut-de-fibra-de-carbono\/\"]}]},{\"@type\":\"ImageObject\",\"inLanguage\":\"es\",\"@id\":\"https:\/\/bastardsknives.com\/es\/producto\/escamas-de-cuchillo-crosscut-de-fibra-de-carbono\/#primaryimage\",\"url\":\"https:\/\/bastardsknives.com\/wp-content\/uploads\/2024\/09\/crosscut.webp\",\"contentUrl\":\"https:\/\/bastardsknives.com\/wp-content\/uploads\/2024\/09\/crosscut.webp\",\"width\":600,\"height\":600},{\"@type\":\"BreadcrumbList\",\"@id\":\"https:\/\/bastardsknives.com\/es\/producto\/escamas-de-cuchillo-crosscut-de-fibra-de-carbono\/#breadcrumb\",\"itemListElement\":[{\"@type\":\"ListItem\",\"position\":1,\"name\":\"Home\",\"item\":\"https:\/\/bastardsknives.com\/es\/\"},{\"@type\":\"ListItem\",\"position\":2,\"name\":\"Tienda\",\"item\":\"https:\/\/bastardsknives.com\/es\/tienda\/\"},{\"@type\":\"ListItem\",\"position\":3,\"name\":\"Escamas de cuchillo \u00abCrosscut\u00bb de FIBRA DE CARBONO\"}]},{\"@type\":\"WebSite\",\"@id\":\"https:\/\/bastardsknives.com\/es\/#website\",\"url\":\"https:\/\/bastardsknives.com\/es\/\",\"name\":\"Bastards Knives\",\"description\":\"Bastards Knives | Viviendo al filo\",\"publisher\":{\"@id\":\"https:\/\/bastardsknives.com\/es\/#organization\"},\"potentialAction\":[{\"@type\":\"SearchAction\",\"target\":{\"@type\":\"EntryPoint\",\"urlTemplate\":\"https:\/\/bastardsknives.com\/es\/?s={search_term_string}\"},\"query-input\":\"required name=search_term_string\"}],\"inLanguage\":\"es\"},{\"@type\":\"Organization\",\"@id\":\"https:\/\/bastardsknives.com\/es\/#organization\",\"name\":\"Bastards Knives\",\"url\":\"https:\/\/bastardsknives.com\/es\/\",\"logo\":{\"@type\":\"ImageObject\",\"inLanguage\":\"es\",\"@id\":\"https:\/\/bastardsknives.com\/es\/#\/schema\/logo\/image\/\",\"url\":\"https:\/\/bastardsknives.com\/wp-content\/uploads\/2022\/07\/Logoprod1.png\",\"contentUrl\":\"https:\/\/bastardsknives.com\/wp-content\/uploads\/2022\/07\/Logoprod1.png\",\"width\":284,\"height\":122,\"caption\":\"Bastards Knives\"},\"image\":{\"@id\":\"https:\/\/bastardsknives.com\/es\/#\/schema\/logo\/image\/\"}}]}<\/script>\n<!-- \/ Yoast SEO plugin. -->","yoast_head_json":{"title":"Escamas de cuchillo \u00abCrosscut\u00bb de FIBRA DE CARBONO - Bastards Knives","description":"Compuesto de carbono para la fabricaci\u00f3n de cuchillos de alta calidad: duradero, ligero y mecanizable con una gran variedad de colores y grosores.","robots":{"index":"index","follow":"follow","max-snippet":"max-snippet:-1","max-image-preview":"max-image-preview:large","max-video-preview":"max-video-preview:-1"},"canonical":"https:\/\/bastardsknives.com\/es\/producto\/escamas-de-cuchillo-crosscut-de-fibra-de-carbono\/","og_locale":"es_ES","og_type":"article","og_title":"Escamas de cuchillo \u00abCrosscut\u00bb de FIBRA DE CARBONO - Bastards Knives","og_description":"Compuesto de carbono para la fabricaci\u00f3n de cuchillos de alta calidad: duradero, ligero y mecanizable con una gran variedad de colores y grosores.","og_url":"https:\/\/bastardsknives.com\/es\/producto\/escamas-de-cuchillo-crosscut-de-fibra-de-carbono\/","og_site_name":"Bastards Knives","article_modified_time":"2024-09-13T10:35:58+00:00","og_image":[{"width":600,"height":600,"url":"https:\/\/bastardsknives.com\/wp-content\/uploads\/2024\/09\/crosscut.webp","type":"image\/webp"}],"twitter_card":"summary_large_image","twitter_misc":{"Tiempo de lectura":"1 minuto"},"schema":{"@context":"https:\/\/schema.org","@graph":[{"@type":"WebPage","@id":"https:\/\/bastardsknives.com\/es\/producto\/escamas-de-cuchillo-crosscut-de-fibra-de-carbono\/","url":"https:\/\/bastardsknives.com\/es\/producto\/escamas-de-cuchillo-crosscut-de-fibra-de-carbono\/","name":"Escamas de cuchillo \u00abCrosscut\u00bb de FIBRA DE CARBONO - Bastards Knives","isPartOf":{"@id":"https:\/\/bastardsknives.com\/es\/#website"},"primaryImageOfPage":{"@id":"https:\/\/bastardsknives.com\/es\/producto\/escamas-de-cuchillo-crosscut-de-fibra-de-carbono\/#primaryimage"},"image":{"@id":"https:\/\/bastardsknives.com\/es\/producto\/escamas-de-cuchillo-crosscut-de-fibra-de-carbono\/#primaryimage"},"thumbnailUrl":"https:\/\/bastardsknives.com\/wp-content\/uploads\/2024\/09\/crosscut.webp","datePublished":"2024-09-13T10:35:56+00:00","dateModified":"2024-09-13T10:35:58+00:00","description":"Compuesto de carbono para la fabricaci\u00f3n de cuchillos de alta calidad: duradero, ligero y mecanizable con una gran variedad de colores y grosores.","breadcrumb":{"@id":"https:\/\/bastardsknives.com\/es\/producto\/escamas-de-cuchillo-crosscut-de-fibra-de-carbono\/#breadcrumb"},"inLanguage":"es","potentialAction":[{"@type":"ReadAction","target":["https:\/\/bastardsknives.com\/es\/producto\/escamas-de-cuchillo-crosscut-de-fibra-de-carbono\/"]}]},{"@type":"ImageObject","inLanguage":"es","@id":"https:\/\/bastardsknives.com\/es\/producto\/escamas-de-cuchillo-crosscut-de-fibra-de-carbono\/#primaryimage","url":"https:\/\/bastardsknives.com\/wp-content\/uploads\/2024\/09\/crosscut.webp","contentUrl":"https:\/\/bastardsknives.com\/wp-content\/uploads\/2024\/09\/crosscut.webp","width":600,"height":600},{"@type":"BreadcrumbList","@id":"https:\/\/bastardsknives.com\/es\/producto\/escamas-de-cuchillo-crosscut-de-fibra-de-carbono\/#breadcrumb","itemListElement":[{"@type":"ListItem","position":1,"name":"Home","item":"https:\/\/bastardsknives.com\/es\/"},{"@type":"ListItem","position":2,"name":"Tienda","item":"https:\/\/bastardsknives.com\/es\/tienda\/"},{"@type":"ListItem","position":3,"name":"Escamas de cuchillo \u00abCrosscut\u00bb de FIBRA DE CARBONO"}]},{"@type":"WebSite","@id":"https:\/\/bastardsknives.com\/es\/#website","url":"https:\/\/bastardsknives.com\/es\/","name":"Bastards Knives","description":"Bastards Knives | Viviendo al filo","publisher":{"@id":"https:\/\/bastardsknives.com\/es\/#organization"},"potentialAction":[{"@type":"SearchAction","target":{"@type":"EntryPoint","urlTemplate":"https:\/\/bastardsknives.com\/es\/?s={search_term_string}"},"query-input":"required name=search_term_string"}],"inLanguage":"es"},{"@type":"Organization","@id":"https:\/\/bastardsknives.com\/es\/#organization","name":"Bastards Knives","url":"https:\/\/bastardsknives.com\/es\/","logo":{"@type":"ImageObject","inLanguage":"es","@id":"https:\/\/bastardsknives.com\/es\/#\/schema\/logo\/image\/","url":"https:\/\/bastardsknives.com\/wp-content\/uploads\/2022\/07\/Logoprod1.png","contentUrl":"https:\/\/bastardsknives.com\/wp-content\/uploads\/2022\/07\/Logoprod1.png","width":284,"height":122,"caption":"Bastards Knives"},"image":{"@id":"https:\/\/bastardsknives.com\/es\/#\/schema\/logo\/image\/"}}]}},"_links":{"self":[{"href":"https:\/\/bastardsknives.com\/es\/wp-json\/wp\/v2\/product\/6659","targetHints":{"allow":["GET"]}}],"collection":[{"href":"https:\/\/bastardsknives.com\/es\/wp-json\/wp\/v2\/product"}],"about":[{"href":"https:\/\/bastardsknives.com\/es\/wp-json\/wp\/v2\/types\/product"}],"wp:featuredmedia":[{"embeddable":true,"href":"https:\/\/bastardsknives.com\/es\/wp-json\/wp\/v2\/media\/6627"}],"wp:attachment":[{"href":"https:\/\/bastardsknives.com\/es\/wp-json\/wp\/v2\/media?parent=6659"}],"wp:term":[{"taxonomy":"product_brand","embeddable":true,"href":"https:\/\/bastardsknives.com\/es\/wp-json\/wp\/v2\/product_brand?post=6659"},{"taxonomy":"product_cat","embeddable":true,"href":"https:\/\/bastardsknives.com\/es\/wp-json\/wp\/v2\/product_cat?post=6659"},{"taxonomy":"product_tag","embeddable":true,"href":"https:\/\/bastardsknives.com\/es\/wp-json\/wp\/v2\/product_tag?post=6659"}],"curies":[{"name":"wp","href":"https:\/\/api.w.org\/{rel}","templated":true}]}}