{"id":6735,"date":"2024-09-13T12:25:58","date_gmt":"2024-09-13T12:25:58","guid":{"rendered":"https:\/\/bastardsknives.com\/?post_type=product&#038;p=6735"},"modified":"2024-09-13T12:25:58","modified_gmt":"2024-09-13T12:25:58","slug":"fibra-de-carbono-pines-peak","status":"publish","type":"product","link":"https:\/\/bastardsknives.com\/es\/producto\/fibra-de-carbono-pines-peak\/","title":{"rendered":"FIBRA DE CARBONO \u00abPines Peak\u00bb"},"content":{"rendered":"<p>Presentamos FATCARBON\u00ae Colored Carbon Fiber \u00abPines Peak\u00bb, nuestro \u00faltimo composite mecanizable. Esta maravilla de fibra de carbono ligera presenta un dise\u00f1o \u00fanico de dos tonos en verde vibrante y blanco pr\u00edstino, inspirado en la belleza de los picos y valles de los bosques. \u00abPines Peak\u00bb combina una est\u00e9tica impresionante con un alto rendimiento. Es ideal para el mecanizado a medida de mangos de cuchillos, cajas de relojes y joyas. El composite permite taladrar, fresar y rectificar f\u00e1cilmente tanto con m\u00e1quinas manuales como CNC. Gracias a su excepcional relaci\u00f3n resistencia-peso, \u00abPines Peak\u00bb ofrece durabilidad y atractivo visual, lo que lo convierte en la elecci\u00f3n perfecta para fabricar productos llamativos y de alto rendimiento.     <\/p>\n","protected":false},"excerpt":{"rendered":"<p>Presentamos FATCARBON\u00ae Colored Carbon Fiber \u00abPines Peak\u00bb, nuestro \u00faltimo composite mecanizable. Esta maravilla de fibra de carbono ligera presenta un dise\u00f1o \u00fanico de dos tonos en verde vibrante y blanco pr\u00edstino, inspirado en la belleza de los picos y valles de los bosques. \u00abPines Peak\u00bb combina una est\u00e9tica impresionante con un alto rendimiento. Es ideal&#8230;<\/p>\n","protected":false},"featured_media":6327,"template":"","meta":[],"product_brand":[],"product_cat":[909],"product_tag":[],"class_list":{"0":"post-6735","1":"product","2":"type-product","3":"status-publish","4":"has-post-thumbnail","6":"product_cat-fat-carbon-es","8":"first","9":"instock","10":"taxable","11":"shipping-taxable","12":"purchasable","13":"product-type-variable"},"acf":[],"yoast_head":"<!-- This site is optimized with the Yoast SEO plugin v23.1 - https:\/\/yoast.com\/wordpress\/plugins\/seo\/ -->\n<title>FIBRA DE CARBONO \u00abPines Peak\u00bb - Bastards Knives<\/title>\n<meta name=\"description\" content=\"Fibra de carbono coloreada: ligera, duradera y visualmente impactante. Ideal para el mecanizado de alto rendimiento con una excepcional relaci\u00f3n resistencia-peso.\" \/>\n<meta name=\"robots\" content=\"index, follow, max-snippet:-1, max-image-preview:large, max-video-preview:-1\" \/>\n<link rel=\"canonical\" href=\"https:\/\/bastardsknives.com\/es\/producto\/fibra-de-carbono-pines-peak\/\" \/>\n<meta property=\"og:locale\" content=\"es_ES\" \/>\n<meta property=\"og:type\" content=\"article\" \/>\n<meta property=\"og:title\" content=\"FIBRA DE CARBONO \u00abPines Peak\u00bb - Bastards Knives\" \/>\n<meta property=\"og:description\" content=\"Fibra de carbono coloreada: ligera, duradera y visualmente impactante. Ideal para el mecanizado de alto rendimiento con una excepcional relaci\u00f3n resistencia-peso.\" \/>\n<meta property=\"og:url\" content=\"https:\/\/bastardsknives.com\/es\/producto\/fibra-de-carbono-pines-peak\/\" \/>\n<meta property=\"og:site_name\" content=\"Bastards Knives\" \/>\n<meta property=\"og:image\" content=\"https:\/\/bastardsknives.com\/wp-content\/uploads\/2024\/09\/Pines-peak-1.jpg\" \/>\n\t<meta property=\"og:image:width\" content=\"1600\" \/>\n\t<meta property=\"og:image:height\" content=\"1600\" \/>\n\t<meta property=\"og:image:type\" content=\"image\/jpeg\" \/>\n<meta name=\"twitter:card\" content=\"summary_large_image\" \/>\n<meta name=\"twitter:label1\" content=\"Tiempo de lectura\" \/>\n\t<meta name=\"twitter:data1\" content=\"1 minuto\" \/>\n<script type=\"application\/ld+json\" class=\"yoast-schema-graph\">{\"@context\":\"https:\/\/schema.org\",\"@graph\":[{\"@type\":\"WebPage\",\"@id\":\"https:\/\/bastardsknives.com\/es\/producto\/fibra-de-carbono-pines-peak\/\",\"url\":\"https:\/\/bastardsknives.com\/es\/producto\/fibra-de-carbono-pines-peak\/\",\"name\":\"FIBRA DE CARBONO \u00abPines Peak\u00bb - Bastards Knives\",\"isPartOf\":{\"@id\":\"https:\/\/bastardsknives.com\/es\/#website\"},\"primaryImageOfPage\":{\"@id\":\"https:\/\/bastardsknives.com\/es\/producto\/fibra-de-carbono-pines-peak\/#primaryimage\"},\"image\":{\"@id\":\"https:\/\/bastardsknives.com\/es\/producto\/fibra-de-carbono-pines-peak\/#primaryimage\"},\"thumbnailUrl\":\"https:\/\/bastardsknives.com\/wp-content\/uploads\/2024\/09\/Pines-peak-1.jpg\",\"datePublished\":\"2024-09-13T12:25:58+00:00\",\"dateModified\":\"2024-09-13T12:25:58+00:00\",\"description\":\"Fibra de carbono coloreada: ligera, duradera y visualmente impactante. Ideal para el mecanizado de alto rendimiento con una excepcional relaci\u00f3n resistencia-peso.\",\"breadcrumb\":{\"@id\":\"https:\/\/bastardsknives.com\/es\/producto\/fibra-de-carbono-pines-peak\/#breadcrumb\"},\"inLanguage\":\"es\",\"potentialAction\":[{\"@type\":\"ReadAction\",\"target\":[\"https:\/\/bastardsknives.com\/es\/producto\/fibra-de-carbono-pines-peak\/\"]}]},{\"@type\":\"ImageObject\",\"inLanguage\":\"es\",\"@id\":\"https:\/\/bastardsknives.com\/es\/producto\/fibra-de-carbono-pines-peak\/#primaryimage\",\"url\":\"https:\/\/bastardsknives.com\/wp-content\/uploads\/2024\/09\/Pines-peak-1.jpg\",\"contentUrl\":\"https:\/\/bastardsknives.com\/wp-content\/uploads\/2024\/09\/Pines-peak-1.jpg\",\"width\":1600,\"height\":1600,\"caption\":\"Fibra de carbono coloreada\"},{\"@type\":\"BreadcrumbList\",\"@id\":\"https:\/\/bastardsknives.com\/es\/producto\/fibra-de-carbono-pines-peak\/#breadcrumb\",\"itemListElement\":[{\"@type\":\"ListItem\",\"position\":1,\"name\":\"Home\",\"item\":\"https:\/\/bastardsknives.com\/es\/\"},{\"@type\":\"ListItem\",\"position\":2,\"name\":\"Tienda\",\"item\":\"https:\/\/bastardsknives.com\/es\/tienda\/\"},{\"@type\":\"ListItem\",\"position\":3,\"name\":\"FIBRA DE CARBONO \u00abPines Peak\u00bb\"}]},{\"@type\":\"WebSite\",\"@id\":\"https:\/\/bastardsknives.com\/es\/#website\",\"url\":\"https:\/\/bastardsknives.com\/es\/\",\"name\":\"Bastards Knives\",\"description\":\"Bastards Knives | Viviendo al filo\",\"publisher\":{\"@id\":\"https:\/\/bastardsknives.com\/es\/#organization\"},\"potentialAction\":[{\"@type\":\"SearchAction\",\"target\":{\"@type\":\"EntryPoint\",\"urlTemplate\":\"https:\/\/bastardsknives.com\/es\/?s={search_term_string}\"},\"query-input\":\"required name=search_term_string\"}],\"inLanguage\":\"es\"},{\"@type\":\"Organization\",\"@id\":\"https:\/\/bastardsknives.com\/es\/#organization\",\"name\":\"Bastards Knives\",\"url\":\"https:\/\/bastardsknives.com\/es\/\",\"logo\":{\"@type\":\"ImageObject\",\"inLanguage\":\"es\",\"@id\":\"https:\/\/bastardsknives.com\/es\/#\/schema\/logo\/image\/\",\"url\":\"https:\/\/bastardsknives.com\/wp-content\/uploads\/2022\/07\/Logoprod1.png\",\"contentUrl\":\"https:\/\/bastardsknives.com\/wp-content\/uploads\/2022\/07\/Logoprod1.png\",\"width\":284,\"height\":122,\"caption\":\"Bastards Knives\"},\"image\":{\"@id\":\"https:\/\/bastardsknives.com\/es\/#\/schema\/logo\/image\/\"}}]}<\/script>\n<!-- \/ Yoast SEO plugin. -->","yoast_head_json":{"title":"FIBRA DE CARBONO \u00abPines Peak\u00bb - Bastards Knives","description":"Fibra de carbono coloreada: ligera, duradera y visualmente impactante. Ideal para el mecanizado de alto rendimiento con una excepcional relaci\u00f3n resistencia-peso.","robots":{"index":"index","follow":"follow","max-snippet":"max-snippet:-1","max-image-preview":"max-image-preview:large","max-video-preview":"max-video-preview:-1"},"canonical":"https:\/\/bastardsknives.com\/es\/producto\/fibra-de-carbono-pines-peak\/","og_locale":"es_ES","og_type":"article","og_title":"FIBRA DE CARBONO \u00abPines Peak\u00bb - Bastards Knives","og_description":"Fibra de carbono coloreada: ligera, duradera y visualmente impactante. Ideal para el mecanizado de alto rendimiento con una excepcional relaci\u00f3n resistencia-peso.","og_url":"https:\/\/bastardsknives.com\/es\/producto\/fibra-de-carbono-pines-peak\/","og_site_name":"Bastards Knives","og_image":[{"width":1600,"height":1600,"url":"https:\/\/bastardsknives.com\/wp-content\/uploads\/2024\/09\/Pines-peak-1.jpg","type":"image\/jpeg"}],"twitter_card":"summary_large_image","twitter_misc":{"Tiempo de lectura":"1 minuto"},"schema":{"@context":"https:\/\/schema.org","@graph":[{"@type":"WebPage","@id":"https:\/\/bastardsknives.com\/es\/producto\/fibra-de-carbono-pines-peak\/","url":"https:\/\/bastardsknives.com\/es\/producto\/fibra-de-carbono-pines-peak\/","name":"FIBRA DE CARBONO \u00abPines Peak\u00bb - Bastards Knives","isPartOf":{"@id":"https:\/\/bastardsknives.com\/es\/#website"},"primaryImageOfPage":{"@id":"https:\/\/bastardsknives.com\/es\/producto\/fibra-de-carbono-pines-peak\/#primaryimage"},"image":{"@id":"https:\/\/bastardsknives.com\/es\/producto\/fibra-de-carbono-pines-peak\/#primaryimage"},"thumbnailUrl":"https:\/\/bastardsknives.com\/wp-content\/uploads\/2024\/09\/Pines-peak-1.jpg","datePublished":"2024-09-13T12:25:58+00:00","dateModified":"2024-09-13T12:25:58+00:00","description":"Fibra de carbono coloreada: ligera, duradera y visualmente impactante. Ideal para el mecanizado de alto rendimiento con una excepcional relaci\u00f3n resistencia-peso.","breadcrumb":{"@id":"https:\/\/bastardsknives.com\/es\/producto\/fibra-de-carbono-pines-peak\/#breadcrumb"},"inLanguage":"es","potentialAction":[{"@type":"ReadAction","target":["https:\/\/bastardsknives.com\/es\/producto\/fibra-de-carbono-pines-peak\/"]}]},{"@type":"ImageObject","inLanguage":"es","@id":"https:\/\/bastardsknives.com\/es\/producto\/fibra-de-carbono-pines-peak\/#primaryimage","url":"https:\/\/bastardsknives.com\/wp-content\/uploads\/2024\/09\/Pines-peak-1.jpg","contentUrl":"https:\/\/bastardsknives.com\/wp-content\/uploads\/2024\/09\/Pines-peak-1.jpg","width":1600,"height":1600,"caption":"Fibra de carbono coloreada"},{"@type":"BreadcrumbList","@id":"https:\/\/bastardsknives.com\/es\/producto\/fibra-de-carbono-pines-peak\/#breadcrumb","itemListElement":[{"@type":"ListItem","position":1,"name":"Home","item":"https:\/\/bastardsknives.com\/es\/"},{"@type":"ListItem","position":2,"name":"Tienda","item":"https:\/\/bastardsknives.com\/es\/tienda\/"},{"@type":"ListItem","position":3,"name":"FIBRA DE CARBONO \u00abPines Peak\u00bb"}]},{"@type":"WebSite","@id":"https:\/\/bastardsknives.com\/es\/#website","url":"https:\/\/bastardsknives.com\/es\/","name":"Bastards Knives","description":"Bastards Knives | Viviendo al filo","publisher":{"@id":"https:\/\/bastardsknives.com\/es\/#organization"},"potentialAction":[{"@type":"SearchAction","target":{"@type":"EntryPoint","urlTemplate":"https:\/\/bastardsknives.com\/es\/?s={search_term_string}"},"query-input":"required name=search_term_string"}],"inLanguage":"es"},{"@type":"Organization","@id":"https:\/\/bastardsknives.com\/es\/#organization","name":"Bastards Knives","url":"https:\/\/bastardsknives.com\/es\/","logo":{"@type":"ImageObject","inLanguage":"es","@id":"https:\/\/bastardsknives.com\/es\/#\/schema\/logo\/image\/","url":"https:\/\/bastardsknives.com\/wp-content\/uploads\/2022\/07\/Logoprod1.png","contentUrl":"https:\/\/bastardsknives.com\/wp-content\/uploads\/2022\/07\/Logoprod1.png","width":284,"height":122,"caption":"Bastards Knives"},"image":{"@id":"https:\/\/bastardsknives.com\/es\/#\/schema\/logo\/image\/"}}]}},"_links":{"self":[{"href":"https:\/\/bastardsknives.com\/es\/wp-json\/wp\/v2\/product\/6735","targetHints":{"allow":["GET"]}}],"collection":[{"href":"https:\/\/bastardsknives.com\/es\/wp-json\/wp\/v2\/product"}],"about":[{"href":"https:\/\/bastardsknives.com\/es\/wp-json\/wp\/v2\/types\/product"}],"wp:featuredmedia":[{"embeddable":true,"href":"https:\/\/bastardsknives.com\/es\/wp-json\/wp\/v2\/media\/6327"}],"wp:attachment":[{"href":"https:\/\/bastardsknives.com\/es\/wp-json\/wp\/v2\/media?parent=6735"}],"wp:term":[{"taxonomy":"product_brand","embeddable":true,"href":"https:\/\/bastardsknives.com\/es\/wp-json\/wp\/v2\/product_brand?post=6735"},{"taxonomy":"product_cat","embeddable":true,"href":"https:\/\/bastardsknives.com\/es\/wp-json\/wp\/v2\/product_cat?post=6735"},{"taxonomy":"product_tag","embeddable":true,"href":"https:\/\/bastardsknives.com\/es\/wp-json\/wp\/v2\/product_tag?post=6735"}],"curies":[{"name":"wp","href":"https:\/\/api.w.org\/{rel}","templated":true}]}}