{"id":6801,"date":"2024-09-13T14:37:59","date_gmt":"2024-09-13T14:37:59","guid":{"rendered":"https:\/\/bastardsknives.com\/?post_type=product&#038;p=6801"},"modified":"2024-09-13T14:38:00","modified_gmt":"2024-09-13T14:38:00","slug":"fibra-de-carbono-twill-weave-3k","status":"publish","type":"product","link":"https:\/\/bastardsknives.com\/es\/producto\/fibra-de-carbono-twill-weave-3k\/","title":{"rendered":"FIBRA DE CARBONO \u00abTwill Weave\u00bb 3K"},"content":{"rendered":"<div class=\"flex max-w-full flex-col flex-grow\">\n<div class=\"min-h-[20px] text-message flex w-full flex-col items-end gap-2 whitespace-normal break-words [.text-message+&amp;]:mt-5\" dir=\"auto\" data-message-author-role=\"assistant\" data-message-id=\"71e85335-6696-4cf2-bd46-6124df172c98\">\n<div class=\"flex w-full flex-col gap-1 empty:hidden first:pt-[3px]\">\n<div class=\"markdown prose w-full break-words dark:prose-invert light\"> S\u00ed, menos es m\u00e1s, \u00a1y aqu\u00ed tambi\u00e9n se aplica! Nuestra fibra de carbono Twill 3K con infusi\u00f3n de resina es el caballo de batalla de la fibra de carbono. Ligera, r\u00edgida y f\u00e1cil de trabajar, las hebras de fibra 3K m\u00e1s peque\u00f1as, de 200 g\/m\u00b2, ofrecen un aspecto refinado con una cuadr\u00edcula ajustada. La fibra de carbono 3K Twill weave destaca en la aviaci\u00f3n, los deportes, los art\u00edculos recreativos y las artes.    <\/div>\n<\/div>\n<\/div>\n<\/div>\n","protected":false},"excerpt":{"rendered":"<p>S\u00ed, menos es m\u00e1s, \u00a1y aqu\u00ed tambi\u00e9n se aplica! Nuestra fibra de carbono Twill 3K con infusi\u00f3n de resina es el caballo de batalla de la fibra de carbono. Ligera, r\u00edgida y f\u00e1cil de trabajar, las hebras de fibra 3K m\u00e1s peque\u00f1as, de 200 g\/m\u00b2, ofrecen un aspecto refinado con una cuadr\u00edcula ajustada. La fibra&#8230;<\/p>\n","protected":false},"featured_media":6354,"template":"","meta":[],"product_brand":[],"product_cat":[909],"product_tag":[],"class_list":{"0":"post-6801","1":"product","2":"type-product","3":"status-publish","4":"has-post-thumbnail","6":"product_cat-fat-carbon-es","8":"first","9":"instock","10":"taxable","11":"shipping-taxable","12":"purchasable","13":"product-type-variable"},"acf":[],"yoast_head":"<!-- This site is optimized with the Yoast SEO plugin v23.1 - https:\/\/yoast.com\/wordpress\/plugins\/seo\/ -->\n<title>FIBRA DE CARBONO \u00abTwill Weave\u00bb 3K - Bastards Knives<\/title>\n<meta name=\"description\" content=\"Fibra de carbono con infusi\u00f3n de resina: ligera, duradera y con una fina ret\u00edcula. Ideal para aplicaciones aeron\u00e1uticas, deportivas y art\u00edsticas.\" \/>\n<meta name=\"robots\" content=\"index, follow, max-snippet:-1, max-image-preview:large, max-video-preview:-1\" \/>\n<link rel=\"canonical\" href=\"https:\/\/bastardsknives.com\/es\/producto\/fibra-de-carbono-twill-weave-3k\/\" \/>\n<meta property=\"og:locale\" content=\"es_ES\" \/>\n<meta property=\"og:type\" content=\"article\" \/>\n<meta property=\"og:title\" content=\"FIBRA DE CARBONO \u00abTwill Weave\u00bb 3K - Bastards Knives\" \/>\n<meta property=\"og:description\" content=\"Fibra de carbono con infusi\u00f3n de resina: ligera, duradera y con una fina ret\u00edcula. Ideal para aplicaciones aeron\u00e1uticas, deportivas y art\u00edsticas.\" \/>\n<meta property=\"og:url\" content=\"https:\/\/bastardsknives.com\/es\/producto\/fibra-de-carbono-twill-weave-3k\/\" \/>\n<meta property=\"og:site_name\" content=\"Bastards Knives\" \/>\n<meta property=\"article:modified_time\" content=\"2024-09-13T14:38:00+00:00\" \/>\n<meta property=\"og:image\" content=\"https:\/\/bastardsknives.com\/wp-content\/uploads\/2024\/09\/twill-3k-1.jpg\" \/>\n\t<meta property=\"og:image:width\" content=\"1600\" \/>\n\t<meta property=\"og:image:height\" content=\"1600\" \/>\n\t<meta property=\"og:image:type\" content=\"image\/jpeg\" \/>\n<meta name=\"twitter:card\" content=\"summary_large_image\" \/>\n<script type=\"application\/ld+json\" class=\"yoast-schema-graph\">{\"@context\":\"https:\/\/schema.org\",\"@graph\":[{\"@type\":\"WebPage\",\"@id\":\"https:\/\/bastardsknives.com\/es\/producto\/fibra-de-carbono-twill-weave-3k\/\",\"url\":\"https:\/\/bastardsknives.com\/es\/producto\/fibra-de-carbono-twill-weave-3k\/\",\"name\":\"FIBRA DE CARBONO \u00abTwill Weave\u00bb 3K - Bastards Knives\",\"isPartOf\":{\"@id\":\"https:\/\/bastardsknives.com\/es\/#website\"},\"primaryImageOfPage\":{\"@id\":\"https:\/\/bastardsknives.com\/es\/producto\/fibra-de-carbono-twill-weave-3k\/#primaryimage\"},\"image\":{\"@id\":\"https:\/\/bastardsknives.com\/es\/producto\/fibra-de-carbono-twill-weave-3k\/#primaryimage\"},\"thumbnailUrl\":\"https:\/\/bastardsknives.com\/wp-content\/uploads\/2024\/09\/twill-3k-1.jpg\",\"datePublished\":\"2024-09-13T14:37:59+00:00\",\"dateModified\":\"2024-09-13T14:38:00+00:00\",\"description\":\"Fibra de carbono con infusi\u00f3n de resina: ligera, duradera y con una fina ret\u00edcula. Ideal para aplicaciones aeron\u00e1uticas, deportivas y art\u00edsticas.\",\"breadcrumb\":{\"@id\":\"https:\/\/bastardsknives.com\/es\/producto\/fibra-de-carbono-twill-weave-3k\/#breadcrumb\"},\"inLanguage\":\"es\",\"potentialAction\":[{\"@type\":\"ReadAction\",\"target\":[\"https:\/\/bastardsknives.com\/es\/producto\/fibra-de-carbono-twill-weave-3k\/\"]}]},{\"@type\":\"ImageObject\",\"inLanguage\":\"es\",\"@id\":\"https:\/\/bastardsknives.com\/es\/producto\/fibra-de-carbono-twill-weave-3k\/#primaryimage\",\"url\":\"https:\/\/bastardsknives.com\/wp-content\/uploads\/2024\/09\/twill-3k-1.jpg\",\"contentUrl\":\"https:\/\/bastardsknives.com\/wp-content\/uploads\/2024\/09\/twill-3k-1.jpg\",\"width\":1600,\"height\":1600},{\"@type\":\"BreadcrumbList\",\"@id\":\"https:\/\/bastardsknives.com\/es\/producto\/fibra-de-carbono-twill-weave-3k\/#breadcrumb\",\"itemListElement\":[{\"@type\":\"ListItem\",\"position\":1,\"name\":\"Home\",\"item\":\"https:\/\/bastardsknives.com\/es\/\"},{\"@type\":\"ListItem\",\"position\":2,\"name\":\"Tienda\",\"item\":\"https:\/\/bastardsknives.com\/es\/tienda\/\"},{\"@type\":\"ListItem\",\"position\":3,\"name\":\"FIBRA DE CARBONO \u00abTwill Weave\u00bb 3K\"}]},{\"@type\":\"WebSite\",\"@id\":\"https:\/\/bastardsknives.com\/es\/#website\",\"url\":\"https:\/\/bastardsknives.com\/es\/\",\"name\":\"Bastards Knives\",\"description\":\"Bastards Knives | Viviendo al filo\",\"publisher\":{\"@id\":\"https:\/\/bastardsknives.com\/es\/#organization\"},\"potentialAction\":[{\"@type\":\"SearchAction\",\"target\":{\"@type\":\"EntryPoint\",\"urlTemplate\":\"https:\/\/bastardsknives.com\/es\/?s={search_term_string}\"},\"query-input\":\"required name=search_term_string\"}],\"inLanguage\":\"es\"},{\"@type\":\"Organization\",\"@id\":\"https:\/\/bastardsknives.com\/es\/#organization\",\"name\":\"Bastards Knives\",\"url\":\"https:\/\/bastardsknives.com\/es\/\",\"logo\":{\"@type\":\"ImageObject\",\"inLanguage\":\"es\",\"@id\":\"https:\/\/bastardsknives.com\/es\/#\/schema\/logo\/image\/\",\"url\":\"https:\/\/bastardsknives.com\/wp-content\/uploads\/2022\/07\/Logoprod1.png\",\"contentUrl\":\"https:\/\/bastardsknives.com\/wp-content\/uploads\/2022\/07\/Logoprod1.png\",\"width\":284,\"height\":122,\"caption\":\"Bastards Knives\"},\"image\":{\"@id\":\"https:\/\/bastardsknives.com\/es\/#\/schema\/logo\/image\/\"}}]}<\/script>\n<!-- \/ Yoast SEO plugin. -->","yoast_head_json":{"title":"FIBRA DE CARBONO \u00abTwill Weave\u00bb 3K - Bastards Knives","description":"Fibra de carbono con infusi\u00f3n de resina: ligera, duradera y con una fina ret\u00edcula. Ideal para aplicaciones aeron\u00e1uticas, deportivas y art\u00edsticas.","robots":{"index":"index","follow":"follow","max-snippet":"max-snippet:-1","max-image-preview":"max-image-preview:large","max-video-preview":"max-video-preview:-1"},"canonical":"https:\/\/bastardsknives.com\/es\/producto\/fibra-de-carbono-twill-weave-3k\/","og_locale":"es_ES","og_type":"article","og_title":"FIBRA DE CARBONO \u00abTwill Weave\u00bb 3K - Bastards Knives","og_description":"Fibra de carbono con infusi\u00f3n de resina: ligera, duradera y con una fina ret\u00edcula. Ideal para aplicaciones aeron\u00e1uticas, deportivas y art\u00edsticas.","og_url":"https:\/\/bastardsknives.com\/es\/producto\/fibra-de-carbono-twill-weave-3k\/","og_site_name":"Bastards Knives","article_modified_time":"2024-09-13T14:38:00+00:00","og_image":[{"width":1600,"height":1600,"url":"https:\/\/bastardsknives.com\/wp-content\/uploads\/2024\/09\/twill-3k-1.jpg","type":"image\/jpeg"}],"twitter_card":"summary_large_image","schema":{"@context":"https:\/\/schema.org","@graph":[{"@type":"WebPage","@id":"https:\/\/bastardsknives.com\/es\/producto\/fibra-de-carbono-twill-weave-3k\/","url":"https:\/\/bastardsknives.com\/es\/producto\/fibra-de-carbono-twill-weave-3k\/","name":"FIBRA DE CARBONO \u00abTwill Weave\u00bb 3K - Bastards Knives","isPartOf":{"@id":"https:\/\/bastardsknives.com\/es\/#website"},"primaryImageOfPage":{"@id":"https:\/\/bastardsknives.com\/es\/producto\/fibra-de-carbono-twill-weave-3k\/#primaryimage"},"image":{"@id":"https:\/\/bastardsknives.com\/es\/producto\/fibra-de-carbono-twill-weave-3k\/#primaryimage"},"thumbnailUrl":"https:\/\/bastardsknives.com\/wp-content\/uploads\/2024\/09\/twill-3k-1.jpg","datePublished":"2024-09-13T14:37:59+00:00","dateModified":"2024-09-13T14:38:00+00:00","description":"Fibra de carbono con infusi\u00f3n de resina: ligera, duradera y con una fina ret\u00edcula. Ideal para aplicaciones aeron\u00e1uticas, deportivas y art\u00edsticas.","breadcrumb":{"@id":"https:\/\/bastardsknives.com\/es\/producto\/fibra-de-carbono-twill-weave-3k\/#breadcrumb"},"inLanguage":"es","potentialAction":[{"@type":"ReadAction","target":["https:\/\/bastardsknives.com\/es\/producto\/fibra-de-carbono-twill-weave-3k\/"]}]},{"@type":"ImageObject","inLanguage":"es","@id":"https:\/\/bastardsknives.com\/es\/producto\/fibra-de-carbono-twill-weave-3k\/#primaryimage","url":"https:\/\/bastardsknives.com\/wp-content\/uploads\/2024\/09\/twill-3k-1.jpg","contentUrl":"https:\/\/bastardsknives.com\/wp-content\/uploads\/2024\/09\/twill-3k-1.jpg","width":1600,"height":1600},{"@type":"BreadcrumbList","@id":"https:\/\/bastardsknives.com\/es\/producto\/fibra-de-carbono-twill-weave-3k\/#breadcrumb","itemListElement":[{"@type":"ListItem","position":1,"name":"Home","item":"https:\/\/bastardsknives.com\/es\/"},{"@type":"ListItem","position":2,"name":"Tienda","item":"https:\/\/bastardsknives.com\/es\/tienda\/"},{"@type":"ListItem","position":3,"name":"FIBRA DE CARBONO \u00abTwill Weave\u00bb 3K"}]},{"@type":"WebSite","@id":"https:\/\/bastardsknives.com\/es\/#website","url":"https:\/\/bastardsknives.com\/es\/","name":"Bastards Knives","description":"Bastards Knives | Viviendo al filo","publisher":{"@id":"https:\/\/bastardsknives.com\/es\/#organization"},"potentialAction":[{"@type":"SearchAction","target":{"@type":"EntryPoint","urlTemplate":"https:\/\/bastardsknives.com\/es\/?s={search_term_string}"},"query-input":"required name=search_term_string"}],"inLanguage":"es"},{"@type":"Organization","@id":"https:\/\/bastardsknives.com\/es\/#organization","name":"Bastards Knives","url":"https:\/\/bastardsknives.com\/es\/","logo":{"@type":"ImageObject","inLanguage":"es","@id":"https:\/\/bastardsknives.com\/es\/#\/schema\/logo\/image\/","url":"https:\/\/bastardsknives.com\/wp-content\/uploads\/2022\/07\/Logoprod1.png","contentUrl":"https:\/\/bastardsknives.com\/wp-content\/uploads\/2022\/07\/Logoprod1.png","width":284,"height":122,"caption":"Bastards Knives"},"image":{"@id":"https:\/\/bastardsknives.com\/es\/#\/schema\/logo\/image\/"}}]}},"_links":{"self":[{"href":"https:\/\/bastardsknives.com\/es\/wp-json\/wp\/v2\/product\/6801","targetHints":{"allow":["GET"]}}],"collection":[{"href":"https:\/\/bastardsknives.com\/es\/wp-json\/wp\/v2\/product"}],"about":[{"href":"https:\/\/bastardsknives.com\/es\/wp-json\/wp\/v2\/types\/product"}],"wp:featuredmedia":[{"embeddable":true,"href":"https:\/\/bastardsknives.com\/es\/wp-json\/wp\/v2\/media\/6354"}],"wp:attachment":[{"href":"https:\/\/bastardsknives.com\/es\/wp-json\/wp\/v2\/media?parent=6801"}],"wp:term":[{"taxonomy":"product_brand","embeddable":true,"href":"https:\/\/bastardsknives.com\/es\/wp-json\/wp\/v2\/product_brand?post=6801"},{"taxonomy":"product_cat","embeddable":true,"href":"https:\/\/bastardsknives.com\/es\/wp-json\/wp\/v2\/product_cat?post=6801"},{"taxonomy":"product_tag","embeddable":true,"href":"https:\/\/bastardsknives.com\/es\/wp-json\/wp\/v2\/product_tag?post=6801"}],"curies":[{"name":"wp","href":"https:\/\/api.w.org\/{rel}","templated":true}]}}