{"id":7102,"date":"2024-11-04T19:52:11","date_gmt":"2024-11-04T19:52:11","guid":{"rendered":"https:\/\/bastardsknives.com\/?post_type=product&#038;p=7102"},"modified":"2024-11-08T11:28:52","modified_gmt":"2024-11-08T11:28:52","slug":"alcyon-full-titanium-by-tim-bernard","status":"publish","type":"product","link":"https:\/\/bastardsknives.com\/es\/producto\/alcyon-full-titanium-by-tim-bernard\/","title":{"rendered":"Alcyon Full Titanium by Tim Bernard"},"content":{"rendered":"<p><strong>Alcyon Full Titanium &#8211; Una obra maestra de la artesan\u00eda moderna<\/strong><\/p>\n<p>El Alcyon Full Titanium es m\u00e1s que una navaja. Combina artesan\u00eda y funcionalidad al m\u00e1s alto nivel. Fabricado por Bastards Knives y dise\u00f1ado por el joven y talentoso franc\u00e9s Tim Bernard del Atelier Neve, esta navaja representa una mezcla perfecta de est\u00e9tica y dise\u00f1o moderno. Con sus materiales de alta calidad y sus l\u00edneas perfectamente perfiladas, la Alcyon Folder atrae no s\u00f3lo a coleccionistas y entusiastas, sino tambi\u00e9n a usuarios que exigen el m\u00e1ximo nivel a sus herramientas.<\/p>\n<p><strong>Tres variantes exclusivas para las exigencias individuales<\/strong><\/p>\n<p>La Alcyon est\u00e1 disponible en tres elegantes versiones: Full Titanium, Fatcarbon Marbled Gold y Marbled Black. Cada versi\u00f3n tiene su propio car\u00e1cter exclusivo e impresiona por su especial elegancia y extraordinaria calidad. El coraz\u00f3n de la navaja es la hoja de acero M390, conocido por su excepcional afilado y dureza. Con una longitud de 9 cm y una forma curvada de Spear Point modificada, la hoja ofrece excelentes propiedades de corte y permite un trabajo preciso.<\/p>\n<p><strong>Tecnolog\u00eda perfecta con flipper y rodamiento de bolas cer\u00e1micas<\/strong><\/p>\n<p>La hoja se abre de forma suave y sencilla gracias a un flipper. Este mecanismo se basa en rodamientos de bolas cer\u00e1micas de alta calidad, que garantizan un movimiento fluido y especialmente suave. Los aficionados y expertos aprecian esta tecnolog\u00eda, que combina funcionalidad y est\u00e9tica al m\u00e1s alto nivel.<\/p>\n<p><strong>Cierre de bot\u00f3n para m\u00e1xima seguridad<\/strong><\/p>\n<p>El mecanismo de bloqueo por bot\u00f3n de la Alcyon no s\u00f3lo garantiza la m\u00e1xima seguridad, sino que tambi\u00e9n confiere a la navaja un factor de juego \u00fanico. Se abre con el flipper y se cierra c\u00f3modamente pulsando un bot\u00f3n. Funcionamiento c\u00f3modo y seguro: un placer t\u00e1ctil para todos aquellos que valoran la tecnolog\u00eda y la sofisticaci\u00f3n.<\/p>\n<p><strong>Elegancia y robustez &#8211; el clip curvado<\/strong><\/p>\n<p>El clip curvado no s\u00f3lo es funcional, sino que tambi\u00e9n se integra armoniosamente en el dise\u00f1o general. Acent\u00faa la combinaci\u00f3n de robustez y elegancia y convierte a la Alcyon Full Titanium en un acompa\u00f1ante con estilo. Con una longitud total de 21 cm, la navaja se adapta c\u00f3modamente a la mano y revela todo su esplendor: perfecta para el exigente uso diario o como pieza central de una colecci\u00f3n exclusiva.<\/p>\n<p>&nbsp;<\/p>\n","protected":false},"excerpt":{"rendered":"<p>Alcyon Full Titanium &#8211; Una obra maestra de la artesan\u00eda moderna El Alcyon Full Titanium es m\u00e1s que una navaja. Combina artesan\u00eda y funcionalidad al m\u00e1s alto nivel. Fabricado por Bastards Knives y dise\u00f1ado por el joven y talentoso franc\u00e9s Tim Bernard del Atelier Neve, esta navaja representa una mezcla perfecta de est\u00e9tica y dise\u00f1o&#8230;<\/p>\n","protected":false},"featured_media":7095,"template":"","meta":[],"product_brand":[],"product_cat":[947,760],"product_tag":[937,809,936,934,931,846],"class_list":{"0":"post-7102","1":"product","2":"type-product","3":"status-publish","4":"has-post-thumbnail","6":"product_cat-atelier-neve-es","7":"product_cat-cuchillos-y-navajas","8":"product_tag-button-lock-es","9":"product_tag-edc-es","10":"product_tag-flipper-es","11":"product_tag-neve-es","12":"product_tag-tim-bernard","13":"product_tag-titanio","15":"first","16":"instock","17":"taxable","18":"shipping-taxable","19":"purchasable","20":"product-type-simple"},"acf":[],"yoast_head":"<!-- This site is optimized with the Yoast SEO plugin v23.1 - https:\/\/yoast.com\/wordpress\/plugins\/seo\/ -->\n<title>Alcyon Full Titanium by Tim Bernard - Bastards Knives<\/title>\n<meta name=\"robots\" content=\"index, follow, max-snippet:-1, max-image-preview:large, max-video-preview:-1\" \/>\n<link rel=\"canonical\" href=\"https:\/\/bastardsknives.com\/es\/producto\/alcyon-full-titanium-by-tim-bernard\/\" \/>\n<meta property=\"og:locale\" content=\"es_ES\" \/>\n<meta property=\"og:type\" content=\"article\" \/>\n<meta property=\"og:title\" content=\"Alcyon Full Titanium by Tim Bernard - Bastards Knives\" \/>\n<meta property=\"og:description\" content=\"Alcyon Full Titanium &#8211; Una obra maestra de la artesan\u00eda moderna El Alcyon Full Titanium es m\u00e1s que una navaja. Combina artesan\u00eda y funcionalidad al m\u00e1s alto nivel. Fabricado por Bastards Knives y dise\u00f1ado por el joven y talentoso franc\u00e9s Tim Bernard del Atelier Neve, esta navaja representa una mezcla perfecta de est\u00e9tica y dise\u00f1o...\" \/>\n<meta property=\"og:url\" content=\"https:\/\/bastardsknives.com\/es\/producto\/alcyon-full-titanium-by-tim-bernard\/\" \/>\n<meta property=\"og:site_name\" content=\"Bastards Knives\" \/>\n<meta property=\"article:modified_time\" content=\"2024-11-08T11:28:52+00:00\" \/>\n<meta property=\"og:image\" content=\"https:\/\/bastardsknives.com\/wp-content\/uploads\/2024\/11\/Alcyon-Titan.webp\" \/>\n\t<meta property=\"og:image:width\" content=\"1600\" \/>\n\t<meta property=\"og:image:height\" content=\"1600\" \/>\n\t<meta property=\"og:image:type\" content=\"image\/webp\" \/>\n<meta name=\"twitter:card\" content=\"summary_large_image\" \/>\n<meta name=\"twitter:label1\" content=\"Tiempo de lectura\" \/>\n\t<meta name=\"twitter:data1\" content=\"2 minutos\" \/>\n<script type=\"application\/ld+json\" class=\"yoast-schema-graph\">{\"@context\":\"https:\/\/schema.org\",\"@graph\":[{\"@type\":\"WebPage\",\"@id\":\"https:\/\/bastardsknives.com\/es\/producto\/alcyon-full-titanium-by-tim-bernard\/\",\"url\":\"https:\/\/bastardsknives.com\/es\/producto\/alcyon-full-titanium-by-tim-bernard\/\",\"name\":\"Alcyon Full Titanium by Tim Bernard - Bastards Knives\",\"isPartOf\":{\"@id\":\"https:\/\/bastardsknives.com\/es\/#website\"},\"primaryImageOfPage\":{\"@id\":\"https:\/\/bastardsknives.com\/es\/producto\/alcyon-full-titanium-by-tim-bernard\/#primaryimage\"},\"image\":{\"@id\":\"https:\/\/bastardsknives.com\/es\/producto\/alcyon-full-titanium-by-tim-bernard\/#primaryimage\"},\"thumbnailUrl\":\"https:\/\/bastardsknives.com\/wp-content\/uploads\/2024\/11\/Alcyon-Titan.webp\",\"datePublished\":\"2024-11-04T19:52:11+00:00\",\"dateModified\":\"2024-11-08T11:28:52+00:00\",\"breadcrumb\":{\"@id\":\"https:\/\/bastardsknives.com\/es\/producto\/alcyon-full-titanium-by-tim-bernard\/#breadcrumb\"},\"inLanguage\":\"es\",\"potentialAction\":[{\"@type\":\"ReadAction\",\"target\":[\"https:\/\/bastardsknives.com\/es\/producto\/alcyon-full-titanium-by-tim-bernard\/\"]}]},{\"@type\":\"ImageObject\",\"inLanguage\":\"es\",\"@id\":\"https:\/\/bastardsknives.com\/es\/producto\/alcyon-full-titanium-by-tim-bernard\/#primaryimage\",\"url\":\"https:\/\/bastardsknives.com\/wp-content\/uploads\/2024\/11\/Alcyon-Titan.webp\",\"contentUrl\":\"https:\/\/bastardsknives.com\/wp-content\/uploads\/2024\/11\/Alcyon-Titan.webp\",\"width\":1600,\"height\":1600},{\"@type\":\"BreadcrumbList\",\"@id\":\"https:\/\/bastardsknives.com\/es\/producto\/alcyon-full-titanium-by-tim-bernard\/#breadcrumb\",\"itemListElement\":[{\"@type\":\"ListItem\",\"position\":1,\"name\":\"Home\",\"item\":\"https:\/\/bastardsknives.com\/es\/\"},{\"@type\":\"ListItem\",\"position\":2,\"name\":\"Tienda\",\"item\":\"https:\/\/bastardsknives.com\/es\/tienda\/\"},{\"@type\":\"ListItem\",\"position\":3,\"name\":\"Alcyon Full Titanium by Tim Bernard\"}]},{\"@type\":\"WebSite\",\"@id\":\"https:\/\/bastardsknives.com\/es\/#website\",\"url\":\"https:\/\/bastardsknives.com\/es\/\",\"name\":\"Bastards Knives\",\"description\":\"Bastards Knives | Viviendo al filo\",\"publisher\":{\"@id\":\"https:\/\/bastardsknives.com\/es\/#organization\"},\"potentialAction\":[{\"@type\":\"SearchAction\",\"target\":{\"@type\":\"EntryPoint\",\"urlTemplate\":\"https:\/\/bastardsknives.com\/es\/?s={search_term_string}\"},\"query-input\":\"required name=search_term_string\"}],\"inLanguage\":\"es\"},{\"@type\":\"Organization\",\"@id\":\"https:\/\/bastardsknives.com\/es\/#organization\",\"name\":\"Bastards Knives\",\"url\":\"https:\/\/bastardsknives.com\/es\/\",\"logo\":{\"@type\":\"ImageObject\",\"inLanguage\":\"es\",\"@id\":\"https:\/\/bastardsknives.com\/es\/#\/schema\/logo\/image\/\",\"url\":\"https:\/\/bastardsknives.com\/wp-content\/uploads\/2022\/07\/Logoprod1.png\",\"contentUrl\":\"https:\/\/bastardsknives.com\/wp-content\/uploads\/2022\/07\/Logoprod1.png\",\"width\":284,\"height\":122,\"caption\":\"Bastards Knives\"},\"image\":{\"@id\":\"https:\/\/bastardsknives.com\/es\/#\/schema\/logo\/image\/\"}}]}<\/script>\n<!-- \/ Yoast SEO plugin. -->","yoast_head_json":{"title":"Alcyon Full Titanium by Tim Bernard - Bastards Knives","robots":{"index":"index","follow":"follow","max-snippet":"max-snippet:-1","max-image-preview":"max-image-preview:large","max-video-preview":"max-video-preview:-1"},"canonical":"https:\/\/bastardsknives.com\/es\/producto\/alcyon-full-titanium-by-tim-bernard\/","og_locale":"es_ES","og_type":"article","og_title":"Alcyon Full Titanium by Tim Bernard - Bastards Knives","og_description":"Alcyon Full Titanium &#8211; Una obra maestra de la artesan\u00eda moderna El Alcyon Full Titanium es m\u00e1s que una navaja. Combina artesan\u00eda y funcionalidad al m\u00e1s alto nivel. Fabricado por Bastards Knives y dise\u00f1ado por el joven y talentoso franc\u00e9s Tim Bernard del Atelier Neve, esta navaja representa una mezcla perfecta de est\u00e9tica y dise\u00f1o...","og_url":"https:\/\/bastardsknives.com\/es\/producto\/alcyon-full-titanium-by-tim-bernard\/","og_site_name":"Bastards Knives","article_modified_time":"2024-11-08T11:28:52+00:00","og_image":[{"width":1600,"height":1600,"url":"https:\/\/bastardsknives.com\/wp-content\/uploads\/2024\/11\/Alcyon-Titan.webp","type":"image\/webp"}],"twitter_card":"summary_large_image","twitter_misc":{"Tiempo de lectura":"2 minutos"},"schema":{"@context":"https:\/\/schema.org","@graph":[{"@type":"WebPage","@id":"https:\/\/bastardsknives.com\/es\/producto\/alcyon-full-titanium-by-tim-bernard\/","url":"https:\/\/bastardsknives.com\/es\/producto\/alcyon-full-titanium-by-tim-bernard\/","name":"Alcyon Full Titanium by Tim Bernard - Bastards Knives","isPartOf":{"@id":"https:\/\/bastardsknives.com\/es\/#website"},"primaryImageOfPage":{"@id":"https:\/\/bastardsknives.com\/es\/producto\/alcyon-full-titanium-by-tim-bernard\/#primaryimage"},"image":{"@id":"https:\/\/bastardsknives.com\/es\/producto\/alcyon-full-titanium-by-tim-bernard\/#primaryimage"},"thumbnailUrl":"https:\/\/bastardsknives.com\/wp-content\/uploads\/2024\/11\/Alcyon-Titan.webp","datePublished":"2024-11-04T19:52:11+00:00","dateModified":"2024-11-08T11:28:52+00:00","breadcrumb":{"@id":"https:\/\/bastardsknives.com\/es\/producto\/alcyon-full-titanium-by-tim-bernard\/#breadcrumb"},"inLanguage":"es","potentialAction":[{"@type":"ReadAction","target":["https:\/\/bastardsknives.com\/es\/producto\/alcyon-full-titanium-by-tim-bernard\/"]}]},{"@type":"ImageObject","inLanguage":"es","@id":"https:\/\/bastardsknives.com\/es\/producto\/alcyon-full-titanium-by-tim-bernard\/#primaryimage","url":"https:\/\/bastardsknives.com\/wp-content\/uploads\/2024\/11\/Alcyon-Titan.webp","contentUrl":"https:\/\/bastardsknives.com\/wp-content\/uploads\/2024\/11\/Alcyon-Titan.webp","width":1600,"height":1600},{"@type":"BreadcrumbList","@id":"https:\/\/bastardsknives.com\/es\/producto\/alcyon-full-titanium-by-tim-bernard\/#breadcrumb","itemListElement":[{"@type":"ListItem","position":1,"name":"Home","item":"https:\/\/bastardsknives.com\/es\/"},{"@type":"ListItem","position":2,"name":"Tienda","item":"https:\/\/bastardsknives.com\/es\/tienda\/"},{"@type":"ListItem","position":3,"name":"Alcyon Full Titanium by Tim Bernard"}]},{"@type":"WebSite","@id":"https:\/\/bastardsknives.com\/es\/#website","url":"https:\/\/bastardsknives.com\/es\/","name":"Bastards Knives","description":"Bastards Knives | Viviendo al filo","publisher":{"@id":"https:\/\/bastardsknives.com\/es\/#organization"},"potentialAction":[{"@type":"SearchAction","target":{"@type":"EntryPoint","urlTemplate":"https:\/\/bastardsknives.com\/es\/?s={search_term_string}"},"query-input":"required name=search_term_string"}],"inLanguage":"es"},{"@type":"Organization","@id":"https:\/\/bastardsknives.com\/es\/#organization","name":"Bastards Knives","url":"https:\/\/bastardsknives.com\/es\/","logo":{"@type":"ImageObject","inLanguage":"es","@id":"https:\/\/bastardsknives.com\/es\/#\/schema\/logo\/image\/","url":"https:\/\/bastardsknives.com\/wp-content\/uploads\/2022\/07\/Logoprod1.png","contentUrl":"https:\/\/bastardsknives.com\/wp-content\/uploads\/2022\/07\/Logoprod1.png","width":284,"height":122,"caption":"Bastards Knives"},"image":{"@id":"https:\/\/bastardsknives.com\/es\/#\/schema\/logo\/image\/"}}]}},"_links":{"self":[{"href":"https:\/\/bastardsknives.com\/es\/wp-json\/wp\/v2\/product\/7102","targetHints":{"allow":["GET"]}}],"collection":[{"href":"https:\/\/bastardsknives.com\/es\/wp-json\/wp\/v2\/product"}],"about":[{"href":"https:\/\/bastardsknives.com\/es\/wp-json\/wp\/v2\/types\/product"}],"wp:featuredmedia":[{"embeddable":true,"href":"https:\/\/bastardsknives.com\/es\/wp-json\/wp\/v2\/media\/7095"}],"wp:attachment":[{"href":"https:\/\/bastardsknives.com\/es\/wp-json\/wp\/v2\/media?parent=7102"}],"wp:term":[{"taxonomy":"product_brand","embeddable":true,"href":"https:\/\/bastardsknives.com\/es\/wp-json\/wp\/v2\/product_brand?post=7102"},{"taxonomy":"product_cat","embeddable":true,"href":"https:\/\/bastardsknives.com\/es\/wp-json\/wp\/v2\/product_cat?post=7102"},{"taxonomy":"product_tag","embeddable":true,"href":"https:\/\/bastardsknives.com\/es\/wp-json\/wp\/v2\/product_tag?post=7102"}],"curies":[{"name":"wp","href":"https:\/\/api.w.org\/{rel}","templated":true}]}}