{"id":8314,"date":"2025-06-28T14:06:02","date_gmt":"2025-06-28T14:06:02","guid":{"rendered":"https:\/\/bastardsknives.com\/?post_type=product&#038;p=8314"},"modified":"2025-06-28T18:41:22","modified_gmt":"2025-06-28T18:41:22","slug":"octavus-by-la-forge-agab","status":"publish","type":"product","link":"https:\/\/bastardsknives.com\/es\/producto\/octavus-by-la-forge-agab\/","title":{"rendered":"Octavus by La Forge Agab"},"content":{"rendered":"<p><strong>Octavus &#8211; Para quienes hacen las cosas con estilo<\/strong><br \/>\nSin adornos ni ostentaci\u00f3n. Octavus es sin\u00f3nimo de claridad, fuerza y buen dise\u00f1o. Gabriel Berthelemy, m\u00e1s conocido como La Forge Agab, se inspir\u00f3 en el rugby. \u00bfEl nombre? Un homenaje al \u00abocho\u00bb, el hombre que mantiene unido el juego. Igual que este cuchillo.<\/p>\n<p><strong>Hoja con agarre<\/strong><br \/>\nLa hoja de 7,9 cm de longitud fabricada en acero CPM 3V corta con facilidad en la vida cotidiana. Ya sea un cart\u00f3n, una cuerda o una manzana, esta pieza cumple. La superficie satinada aporta elegancia, el rendimiento es impresionante. \u00bfY lo mejor? La elecci\u00f3n es tuya: Froontflipper para un look casual o Teton para un look elegante. La funci\u00f3n se une al tacto.<\/p>\n<p><strong>Titanio y Micarta<\/strong><br \/>\nEl mango de titanio es ligero, estable y c\u00f3modo en la mano. Una inserci\u00f3n de Micarta aporta contraste, tacto y car\u00e1cter. Sencilla, pero nada aburrida. \u00bfEl dise\u00f1o? Sencillo. \u00bfEl efecto? Un acierto directo.<\/p>\n<p><strong>EDC que realmente quieres llevar contigo<\/strong><br \/>\nCon una longitud total de 18,1 cm cuando est\u00e1 abierta, la Octavus cabe perfectamente en el bolsillo del pantal\u00f3n &#8211; ni demasiado grande, ni demasiado peque\u00f1a, pero siempre lista para la acci\u00f3n. El Frame Lock mantiene la hoja en su posici\u00f3n y facilita su manejo. Una vez abierta, la navaja muestra de qu\u00e9 est\u00e1 hecha: clara, potente, genial.<\/p>\n<p><strong>Conclusi\u00f3n:<\/strong><br \/>\nLa Octavus es la navaja de bolsillo para la gente que sabe lo que hace y que, al mismo tiempo, quiere lucir bien. Adecuada para el uso diario, elegante, s\u00f3lida. Simplemente un EDC con personalidad.<\/p>\n","protected":false},"excerpt":{"rendered":"<p>Octavus &#8211; Para quienes hacen las cosas con estilo Sin adornos ni ostentaci\u00f3n. Octavus es sin\u00f3nimo de claridad, fuerza y buen dise\u00f1o. Gabriel Berthelemy, m\u00e1s conocido como La Forge Agab, se inspir\u00f3 en el rugby. \u00bfEl nombre? Un homenaje al \u00abocho\u00bb, el hombre que mantiene unido el juego. Igual que este cuchillo. Hoja con agarre&#8230;<\/p>\n","protected":false},"featured_media":8316,"template":"","meta":[],"product_brand":[],"product_cat":[18,760,1088],"product_tag":[1085,809,1046,1084,1071,935],"class_list":{"0":"post-8314","1":"product","2":"type-product","3":"status-publish","4":"has-post-thumbnail","6":"product_cat-bastards-knives","7":"product_cat-cuchillos-y-navajas","8":"product_cat-la-forge-agab-es","9":"product_tag-cpm-3v-es","10":"product_tag-edc-es","11":"product_tag-folder","12":"product_tag-la-forge-agab-es","13":"product_tag-micarta-es","14":"product_tag-titan-es","16":"first","17":"instock","18":"taxable","19":"shipping-taxable","20":"purchasable","21":"product-type-simple"},"acf":[],"yoast_head":"<!-- This site is optimized with the Yoast SEO plugin v23.1 - https:\/\/yoast.com\/wordpress\/plugins\/seo\/ -->\n<title>Octavus by La Forge Agab - Bastards Knives<\/title>\n<meta name=\"robots\" content=\"index, follow, max-snippet:-1, max-image-preview:large, max-video-preview:-1\" \/>\n<link rel=\"canonical\" href=\"https:\/\/bastardsknives.com\/es\/producto\/octavus-by-la-forge-agab\/\" \/>\n<meta property=\"og:locale\" content=\"es_ES\" \/>\n<meta property=\"og:type\" content=\"article\" \/>\n<meta property=\"og:title\" content=\"Octavus by La Forge Agab - Bastards Knives\" \/>\n<meta property=\"og:description\" content=\"Octavus &#8211; Para quienes hacen las cosas con estilo Sin adornos ni ostentaci\u00f3n. Octavus es sin\u00f3nimo de claridad, fuerza y buen dise\u00f1o. Gabriel Berthelemy, m\u00e1s conocido como La Forge Agab, se inspir\u00f3 en el rugby. \u00bfEl nombre? Un homenaje al \u00abocho\u00bb, el hombre que mantiene unido el juego. Igual que este cuchillo. Hoja con agarre...\" \/>\n<meta property=\"og:url\" content=\"https:\/\/bastardsknives.com\/es\/producto\/octavus-by-la-forge-agab\/\" \/>\n<meta property=\"og:site_name\" content=\"Bastards Knives\" \/>\n<meta property=\"article:modified_time\" content=\"2025-06-28T18:41:22+00:00\" \/>\n<meta property=\"og:image\" content=\"https:\/\/bastardsknives.com\/wp-content\/uploads\/2025\/06\/Octavus-Front.jpeg\" \/>\n\t<meta property=\"og:image:width\" content=\"1890\" \/>\n\t<meta property=\"og:image:height\" content=\"1890\" \/>\n\t<meta property=\"og:image:type\" content=\"image\/jpeg\" \/>\n<meta name=\"twitter:card\" content=\"summary_large_image\" \/>\n<meta name=\"twitter:label1\" content=\"Tiempo de lectura\" \/>\n\t<meta name=\"twitter:data1\" content=\"2 minutos\" \/>\n<script type=\"application\/ld+json\" class=\"yoast-schema-graph\">{\"@context\":\"https:\/\/schema.org\",\"@graph\":[{\"@type\":\"WebPage\",\"@id\":\"https:\/\/bastardsknives.com\/es\/producto\/octavus-by-la-forge-agab\/\",\"url\":\"https:\/\/bastardsknives.com\/es\/producto\/octavus-by-la-forge-agab\/\",\"name\":\"Octavus by La Forge Agab - Bastards Knives\",\"isPartOf\":{\"@id\":\"https:\/\/bastardsknives.com\/es\/#website\"},\"primaryImageOfPage\":{\"@id\":\"https:\/\/bastardsknives.com\/es\/producto\/octavus-by-la-forge-agab\/#primaryimage\"},\"image\":{\"@id\":\"https:\/\/bastardsknives.com\/es\/producto\/octavus-by-la-forge-agab\/#primaryimage\"},\"thumbnailUrl\":\"https:\/\/bastardsknives.com\/wp-content\/uploads\/2025\/06\/Octavus-Front.jpeg\",\"datePublished\":\"2025-06-28T14:06:02+00:00\",\"dateModified\":\"2025-06-28T18:41:22+00:00\",\"breadcrumb\":{\"@id\":\"https:\/\/bastardsknives.com\/es\/producto\/octavus-by-la-forge-agab\/#breadcrumb\"},\"inLanguage\":\"es\",\"potentialAction\":[{\"@type\":\"ReadAction\",\"target\":[\"https:\/\/bastardsknives.com\/es\/producto\/octavus-by-la-forge-agab\/\"]}]},{\"@type\":\"ImageObject\",\"inLanguage\":\"es\",\"@id\":\"https:\/\/bastardsknives.com\/es\/producto\/octavus-by-la-forge-agab\/#primaryimage\",\"url\":\"https:\/\/bastardsknives.com\/wp-content\/uploads\/2025\/06\/Octavus-Front.jpeg\",\"contentUrl\":\"https:\/\/bastardsknives.com\/wp-content\/uploads\/2025\/06\/Octavus-Front.jpeg\",\"width\":1890,\"height\":1890},{\"@type\":\"BreadcrumbList\",\"@id\":\"https:\/\/bastardsknives.com\/es\/producto\/octavus-by-la-forge-agab\/#breadcrumb\",\"itemListElement\":[{\"@type\":\"ListItem\",\"position\":1,\"name\":\"Home\",\"item\":\"https:\/\/bastardsknives.com\/es\/\"},{\"@type\":\"ListItem\",\"position\":2,\"name\":\"Tienda\",\"item\":\"https:\/\/bastardsknives.com\/es\/tienda\/\"},{\"@type\":\"ListItem\",\"position\":3,\"name\":\"Octavus by La Forge Agab\"}]},{\"@type\":\"WebSite\",\"@id\":\"https:\/\/bastardsknives.com\/es\/#website\",\"url\":\"https:\/\/bastardsknives.com\/es\/\",\"name\":\"Bastards Knives\",\"description\":\"Bastards Knives | Viviendo al filo\",\"publisher\":{\"@id\":\"https:\/\/bastardsknives.com\/es\/#organization\"},\"potentialAction\":[{\"@type\":\"SearchAction\",\"target\":{\"@type\":\"EntryPoint\",\"urlTemplate\":\"https:\/\/bastardsknives.com\/es\/?s={search_term_string}\"},\"query-input\":\"required name=search_term_string\"}],\"inLanguage\":\"es\"},{\"@type\":\"Organization\",\"@id\":\"https:\/\/bastardsknives.com\/es\/#organization\",\"name\":\"Bastards Knives\",\"url\":\"https:\/\/bastardsknives.com\/es\/\",\"logo\":{\"@type\":\"ImageObject\",\"inLanguage\":\"es\",\"@id\":\"https:\/\/bastardsknives.com\/es\/#\/schema\/logo\/image\/\",\"url\":\"https:\/\/bastardsknives.com\/wp-content\/uploads\/2022\/07\/Logoprod1.png\",\"contentUrl\":\"https:\/\/bastardsknives.com\/wp-content\/uploads\/2022\/07\/Logoprod1.png\",\"width\":284,\"height\":122,\"caption\":\"Bastards Knives\"},\"image\":{\"@id\":\"https:\/\/bastardsknives.com\/es\/#\/schema\/logo\/image\/\"}}]}<\/script>\n<!-- \/ Yoast SEO plugin. -->","yoast_head_json":{"title":"Octavus by La Forge Agab - Bastards Knives","robots":{"index":"index","follow":"follow","max-snippet":"max-snippet:-1","max-image-preview":"max-image-preview:large","max-video-preview":"max-video-preview:-1"},"canonical":"https:\/\/bastardsknives.com\/es\/producto\/octavus-by-la-forge-agab\/","og_locale":"es_ES","og_type":"article","og_title":"Octavus by La Forge Agab - Bastards Knives","og_description":"Octavus &#8211; Para quienes hacen las cosas con estilo Sin adornos ni ostentaci\u00f3n. Octavus es sin\u00f3nimo de claridad, fuerza y buen dise\u00f1o. Gabriel Berthelemy, m\u00e1s conocido como La Forge Agab, se inspir\u00f3 en el rugby. \u00bfEl nombre? Un homenaje al \u00abocho\u00bb, el hombre que mantiene unido el juego. Igual que este cuchillo. Hoja con agarre...","og_url":"https:\/\/bastardsknives.com\/es\/producto\/octavus-by-la-forge-agab\/","og_site_name":"Bastards Knives","article_modified_time":"2025-06-28T18:41:22+00:00","og_image":[{"width":1890,"height":1890,"url":"https:\/\/bastardsknives.com\/wp-content\/uploads\/2025\/06\/Octavus-Front.jpeg","type":"image\/jpeg"}],"twitter_card":"summary_large_image","twitter_misc":{"Tiempo de lectura":"2 minutos"},"schema":{"@context":"https:\/\/schema.org","@graph":[{"@type":"WebPage","@id":"https:\/\/bastardsknives.com\/es\/producto\/octavus-by-la-forge-agab\/","url":"https:\/\/bastardsknives.com\/es\/producto\/octavus-by-la-forge-agab\/","name":"Octavus by La Forge Agab - Bastards Knives","isPartOf":{"@id":"https:\/\/bastardsknives.com\/es\/#website"},"primaryImageOfPage":{"@id":"https:\/\/bastardsknives.com\/es\/producto\/octavus-by-la-forge-agab\/#primaryimage"},"image":{"@id":"https:\/\/bastardsknives.com\/es\/producto\/octavus-by-la-forge-agab\/#primaryimage"},"thumbnailUrl":"https:\/\/bastardsknives.com\/wp-content\/uploads\/2025\/06\/Octavus-Front.jpeg","datePublished":"2025-06-28T14:06:02+00:00","dateModified":"2025-06-28T18:41:22+00:00","breadcrumb":{"@id":"https:\/\/bastardsknives.com\/es\/producto\/octavus-by-la-forge-agab\/#breadcrumb"},"inLanguage":"es","potentialAction":[{"@type":"ReadAction","target":["https:\/\/bastardsknives.com\/es\/producto\/octavus-by-la-forge-agab\/"]}]},{"@type":"ImageObject","inLanguage":"es","@id":"https:\/\/bastardsknives.com\/es\/producto\/octavus-by-la-forge-agab\/#primaryimage","url":"https:\/\/bastardsknives.com\/wp-content\/uploads\/2025\/06\/Octavus-Front.jpeg","contentUrl":"https:\/\/bastardsknives.com\/wp-content\/uploads\/2025\/06\/Octavus-Front.jpeg","width":1890,"height":1890},{"@type":"BreadcrumbList","@id":"https:\/\/bastardsknives.com\/es\/producto\/octavus-by-la-forge-agab\/#breadcrumb","itemListElement":[{"@type":"ListItem","position":1,"name":"Home","item":"https:\/\/bastardsknives.com\/es\/"},{"@type":"ListItem","position":2,"name":"Tienda","item":"https:\/\/bastardsknives.com\/es\/tienda\/"},{"@type":"ListItem","position":3,"name":"Octavus by La Forge Agab"}]},{"@type":"WebSite","@id":"https:\/\/bastardsknives.com\/es\/#website","url":"https:\/\/bastardsknives.com\/es\/","name":"Bastards Knives","description":"Bastards Knives | Viviendo al filo","publisher":{"@id":"https:\/\/bastardsknives.com\/es\/#organization"},"potentialAction":[{"@type":"SearchAction","target":{"@type":"EntryPoint","urlTemplate":"https:\/\/bastardsknives.com\/es\/?s={search_term_string}"},"query-input":"required name=search_term_string"}],"inLanguage":"es"},{"@type":"Organization","@id":"https:\/\/bastardsknives.com\/es\/#organization","name":"Bastards Knives","url":"https:\/\/bastardsknives.com\/es\/","logo":{"@type":"ImageObject","inLanguage":"es","@id":"https:\/\/bastardsknives.com\/es\/#\/schema\/logo\/image\/","url":"https:\/\/bastardsknives.com\/wp-content\/uploads\/2022\/07\/Logoprod1.png","contentUrl":"https:\/\/bastardsknives.com\/wp-content\/uploads\/2022\/07\/Logoprod1.png","width":284,"height":122,"caption":"Bastards Knives"},"image":{"@id":"https:\/\/bastardsknives.com\/es\/#\/schema\/logo\/image\/"}}]}},"_links":{"self":[{"href":"https:\/\/bastardsknives.com\/es\/wp-json\/wp\/v2\/product\/8314","targetHints":{"allow":["GET"]}}],"collection":[{"href":"https:\/\/bastardsknives.com\/es\/wp-json\/wp\/v2\/product"}],"about":[{"href":"https:\/\/bastardsknives.com\/es\/wp-json\/wp\/v2\/types\/product"}],"wp:featuredmedia":[{"embeddable":true,"href":"https:\/\/bastardsknives.com\/es\/wp-json\/wp\/v2\/media\/8316"}],"wp:attachment":[{"href":"https:\/\/bastardsknives.com\/es\/wp-json\/wp\/v2\/media?parent=8314"}],"wp:term":[{"taxonomy":"product_brand","embeddable":true,"href":"https:\/\/bastardsknives.com\/es\/wp-json\/wp\/v2\/product_brand?post=8314"},{"taxonomy":"product_cat","embeddable":true,"href":"https:\/\/bastardsknives.com\/es\/wp-json\/wp\/v2\/product_cat?post=8314"},{"taxonomy":"product_tag","embeddable":true,"href":"https:\/\/bastardsknives.com\/es\/wp-json\/wp\/v2\/product_tag?post=8314"}],"curies":[{"name":"wp","href":"https:\/\/api.w.org\/{rel}","templated":true}]}}