{"id":8465,"date":"2025-08-18T00:00:31","date_gmt":"2025-08-18T00:00:31","guid":{"rendered":"https:\/\/bastardsknives.com\/?post_type=product&#038;p=8465"},"modified":"2025-08-19T15:48:41","modified_gmt":"2025-08-19T13:48:41","slug":"xerxes-green-canvas-micarta","status":"publish","type":"product","link":"https:\/\/bastardsknives.com\/es\/producto\/xerxes-green-canvas-micarta\/","title":{"rendered":"Xerxes Green Canvas Micarta"},"content":{"rendered":"<h3><strong>Xerxes Green Canvas Micarta: un dise\u00f1o de Matteo Morini, realizado por Bastards Knives<\/strong><\/h3>\n<h4><strong>La idea: la visi\u00f3n de Matteo Morini<\/strong><\/h4>\n<p>El XERXES Green Canvas Micarta es el resultado de una colaboraci\u00f3n excepcional. La idea original es del dise\u00f1ador italiano Matteo Morini (2mEDC), conocido desde hace a\u00f1os por sus innovadores dise\u00f1os de cuchillos. Para \u00e9l, los cuchillos no son meras herramientas, sino una expresi\u00f3n de personalidad, pasi\u00f3n y artesan\u00eda.<\/p>\n<p>Matteo lo describe as\u00ed:<br \/>\n<em><strong>\u201eIt was born to be a pocket fixed blade as usable and light as possible. Pointy, thin and slicey, it&#8217;s not a workhorse probably but he can take some use.\u201c<\/strong><\/em><\/p>\n<p>Con esta visi\u00f3n en mente, dise\u00f1\u00f3 un cuchillo compacto, afilado y elegante, un compa\u00f1ero para el d\u00eda a d\u00eda sin renunciar al dise\u00f1o.<br \/>\nEn Bastards Knives hemos hecho realidad esta idea con una fabricaci\u00f3n de vanguardia y mucho amor por los detalles.<\/p>\n<h4><strong>Hoja de estilo persa: inspirada y \u00fanica<\/strong><\/h4>\n<p>La hoja del XERXES est\u00e1 profundamente arraigada en la cultura persa de los cuchillos. Matteo lo explica as\u00ed:<br \/>\n<em><strong>\u201eThe original shape of the Xerxes should hint about the origin of its name. Yep, a bit banal maybe, but it was too much of a Persian blade to pass\u2026\u201c<\/strong><\/em><\/p>\n<p>Esta inspiraci\u00f3n se refleja en la geometr\u00eda puntiaguda y las elegantes l\u00edneas. Fabricada en acero CPM-3V de alta calidad, la hoja convence por su extrema dureza y su gran capacidad de corte.<br \/>\nCon 7,6 cent\u00edmetros de longitud de hoja, es lo suficientemente compacta para el uso diario, pero al mismo tiempo lo suficientemente resistente como para realizar trabajos de corte precisos sin esfuerzo.<\/p>\n<h4><strong>Dise\u00f1o del mango en Green Canvas Micarta\u00a0<\/strong><\/h4>\n<p>Las cachas de Canvas Micarta atornilladas no solo son funcionales, sino que tambi\u00e9n forman parte de la filosof\u00eda del dise\u00f1o. Ofrecen un agarre seguro, incluso en condiciones de humedad, y con el tiempo adquieren una p\u00e1tina llena de car\u00e1cter.<br \/>\nAs\u00ed, cada XERXES se convierte en un cuchillo \u00fanico que envejece junto con su propietario, tal y como lo imagin\u00f3 Matteo.<\/p>\n<h4><strong>Funda de cuero: segura y flexible<\/strong><\/h4>\n<p>El cuchillo incluye una funda de cuero hecha a medida con un clip met\u00e1lico robusto. Esto permite llevar el XERXES de forma cl\u00e1sica en el cintur\u00f3n o guardarlo discretamente en el bolsillo. Siempre a mano, bien sujeto y protegido con estilo.<\/p>\n<h4>Entusiasmo palpable<\/h4>\n<p>Cuando Matteo vio el cuchillo terminado por primera vez, qued\u00f3 impresionado:<br \/>\n<em><strong>\u201eLookie what just came in time for Fixed Blade Friday! I\u2019m over the moon with the final product, the quality is stunning and they are exactly like I\u2019ve pictured them!\u201c<\/strong><\/em><\/p>\n<p>Esta alegr\u00eda y pasi\u00f3n se reflejan en cada uno de los XERXES. Es un cuchillo que no solo corta, sino que cuenta una historia: la historia de un dise\u00f1ador que ha hecho realidad su visi\u00f3n hasta el \u00faltimo detalle.<\/p>\n<h4><strong>Caracter\u00edsticas destacadas del producto: Xerxes Green Canvas Micarta<\/strong><\/h4>\n<ul>\n<li>Cuchillo EDC compacto con hoja de estilo persa<\/li>\n<li>Acero de primera calidad CPM-3V: resistente, afilado y fiable<\/li>\n<li>Mangos de Canvas Micarta atornillados: duraderos y antideslizantes<\/li>\n<li>Longitud de la hoja: 7,6 cm, perfecta para trabajos de corte precisos<\/li>\n<li>Funda de cuero con clip: segura y f\u00e1cil de llevar<\/li>\n<li>Dise\u00f1o de Matteo Morini (2mEDC), fabricado por Bastards Knives<\/li>\n<li>Un cuchillo que desarrolla su propia p\u00e1tina con el paso del tiempo<\/li>\n<\/ul>\n","protected":false},"excerpt":{"rendered":"<p>Xerxes Green Canvas Micarta: un dise\u00f1o de Matteo Morini, realizado por Bastards Knives La idea: la visi\u00f3n de Matteo Morini El XERXES Green Canvas Micarta es el resultado de una colaboraci\u00f3n excepcional. La idea original es del dise\u00f1ador italiano Matteo Morini (2mEDC), conocido desde hace a\u00f1os por sus innovadores dise\u00f1os de cuchillos. Para \u00e9l, los&#8230;<\/p>\n","protected":false},"featured_media":8454,"template":"","meta":[],"product_brand":[],"product_cat":[760],"product_tag":[1085,809,808,1071],"class_list":{"0":"post-8465","1":"product","2":"type-product","3":"status-publish","4":"has-post-thumbnail","6":"product_cat-cuchillos-y-navajas","7":"product_tag-cpm-3v-es","8":"product_tag-edc-es","9":"product_tag-fixed-es","10":"product_tag-micarta-es","12":"first","13":"instock","14":"taxable","15":"shipping-taxable","16":"purchasable","17":"product-type-simple"},"acf":[],"yoast_head":"<!-- This site is optimized with the Yoast SEO plugin v23.1 - https:\/\/yoast.com\/wordpress\/plugins\/seo\/ -->\n<title>Xerxes Green Canvas Micarta - Bastards Knives<\/title>\n<meta name=\"robots\" content=\"index, follow, max-snippet:-1, max-image-preview:large, max-video-preview:-1\" \/>\n<link rel=\"canonical\" href=\"https:\/\/bastardsknives.com\/es\/producto\/xerxes-green-canvas-micarta\/\" \/>\n<meta property=\"og:locale\" content=\"es_ES\" \/>\n<meta property=\"og:type\" content=\"article\" \/>\n<meta property=\"og:title\" content=\"Xerxes Green Canvas Micarta - Bastards Knives\" \/>\n<meta property=\"og:description\" content=\"Xerxes Green Canvas Micarta: un dise\u00f1o de Matteo Morini, realizado por Bastards Knives La idea: la visi\u00f3n de Matteo Morini El XERXES Green Canvas Micarta es el resultado de una colaboraci\u00f3n excepcional. La idea original es del dise\u00f1ador italiano Matteo Morini (2mEDC), conocido desde hace a\u00f1os por sus innovadores dise\u00f1os de cuchillos. Para \u00e9l, los...\" \/>\n<meta property=\"og:url\" content=\"https:\/\/bastardsknives.com\/es\/producto\/xerxes-green-canvas-micarta\/\" \/>\n<meta property=\"og:site_name\" content=\"Bastards Knives\" \/>\n<meta property=\"article:modified_time\" content=\"2025-08-19T13:48:41+00:00\" \/>\n<meta property=\"og:image\" content=\"https:\/\/bastardsknives.com\/wp-content\/uploads\/2025\/08\/Produktvorlage-2025-08-11T123140.586.png\" \/>\n\t<meta property=\"og:image:width\" content=\"800\" \/>\n\t<meta property=\"og:image:height\" content=\"700\" \/>\n\t<meta property=\"og:image:type\" content=\"image\/png\" \/>\n<meta name=\"twitter:card\" content=\"summary_large_image\" \/>\n<meta name=\"twitter:label1\" content=\"Tiempo de lectura\" \/>\n\t<meta name=\"twitter:data1\" content=\"4 minutos\" \/>\n<script type=\"application\/ld+json\" class=\"yoast-schema-graph\">{\"@context\":\"https:\/\/schema.org\",\"@graph\":[{\"@type\":\"WebPage\",\"@id\":\"https:\/\/bastardsknives.com\/es\/producto\/xerxes-green-canvas-micarta\/\",\"url\":\"https:\/\/bastardsknives.com\/es\/producto\/xerxes-green-canvas-micarta\/\",\"name\":\"Xerxes Green Canvas Micarta - Bastards Knives\",\"isPartOf\":{\"@id\":\"https:\/\/bastardsknives.com\/es\/#website\"},\"primaryImageOfPage\":{\"@id\":\"https:\/\/bastardsknives.com\/es\/producto\/xerxes-green-canvas-micarta\/#primaryimage\"},\"image\":{\"@id\":\"https:\/\/bastardsknives.com\/es\/producto\/xerxes-green-canvas-micarta\/#primaryimage\"},\"thumbnailUrl\":\"https:\/\/bastardsknives.com\/wp-content\/uploads\/2025\/08\/Produktvorlage-2025-08-11T123140.586.png\",\"datePublished\":\"2025-08-18T00:00:31+00:00\",\"dateModified\":\"2025-08-19T13:48:41+00:00\",\"breadcrumb\":{\"@id\":\"https:\/\/bastardsknives.com\/es\/producto\/xerxes-green-canvas-micarta\/#breadcrumb\"},\"inLanguage\":\"es\",\"potentialAction\":[{\"@type\":\"ReadAction\",\"target\":[\"https:\/\/bastardsknives.com\/es\/producto\/xerxes-green-canvas-micarta\/\"]}]},{\"@type\":\"ImageObject\",\"inLanguage\":\"es\",\"@id\":\"https:\/\/bastardsknives.com\/es\/producto\/xerxes-green-canvas-micarta\/#primaryimage\",\"url\":\"https:\/\/bastardsknives.com\/wp-content\/uploads\/2025\/08\/Produktvorlage-2025-08-11T123140.586.png\",\"contentUrl\":\"https:\/\/bastardsknives.com\/wp-content\/uploads\/2025\/08\/Produktvorlage-2025-08-11T123140.586.png\",\"width\":800,\"height\":700},{\"@type\":\"BreadcrumbList\",\"@id\":\"https:\/\/bastardsknives.com\/es\/producto\/xerxes-green-canvas-micarta\/#breadcrumb\",\"itemListElement\":[{\"@type\":\"ListItem\",\"position\":1,\"name\":\"Home\",\"item\":\"https:\/\/bastardsknives.com\/es\/\"},{\"@type\":\"ListItem\",\"position\":2,\"name\":\"Tienda\",\"item\":\"https:\/\/bastardsknives.com\/es\/tienda\/\"},{\"@type\":\"ListItem\",\"position\":3,\"name\":\"Xerxes Green Canvas Micarta\"}]},{\"@type\":\"WebSite\",\"@id\":\"https:\/\/bastardsknives.com\/es\/#website\",\"url\":\"https:\/\/bastardsknives.com\/es\/\",\"name\":\"Bastards Knives\",\"description\":\"Bastards Knives | Viviendo al filo\",\"publisher\":{\"@id\":\"https:\/\/bastardsknives.com\/es\/#organization\"},\"potentialAction\":[{\"@type\":\"SearchAction\",\"target\":{\"@type\":\"EntryPoint\",\"urlTemplate\":\"https:\/\/bastardsknives.com\/es\/?s={search_term_string}\"},\"query-input\":\"required name=search_term_string\"}],\"inLanguage\":\"es\"},{\"@type\":\"Organization\",\"@id\":\"https:\/\/bastardsknives.com\/es\/#organization\",\"name\":\"Bastards Knives\",\"url\":\"https:\/\/bastardsknives.com\/es\/\",\"logo\":{\"@type\":\"ImageObject\",\"inLanguage\":\"es\",\"@id\":\"https:\/\/bastardsknives.com\/es\/#\/schema\/logo\/image\/\",\"url\":\"https:\/\/bastardsknives.com\/wp-content\/uploads\/2022\/07\/Logoprod1.png\",\"contentUrl\":\"https:\/\/bastardsknives.com\/wp-content\/uploads\/2022\/07\/Logoprod1.png\",\"width\":284,\"height\":122,\"caption\":\"Bastards Knives\"},\"image\":{\"@id\":\"https:\/\/bastardsknives.com\/es\/#\/schema\/logo\/image\/\"}}]}<\/script>\n<!-- \/ Yoast SEO plugin. -->","yoast_head_json":{"title":"Xerxes Green Canvas Micarta - Bastards Knives","robots":{"index":"index","follow":"follow","max-snippet":"max-snippet:-1","max-image-preview":"max-image-preview:large","max-video-preview":"max-video-preview:-1"},"canonical":"https:\/\/bastardsknives.com\/es\/producto\/xerxes-green-canvas-micarta\/","og_locale":"es_ES","og_type":"article","og_title":"Xerxes Green Canvas Micarta - Bastards Knives","og_description":"Xerxes Green Canvas Micarta: un dise\u00f1o de Matteo Morini, realizado por Bastards Knives La idea: la visi\u00f3n de Matteo Morini El XERXES Green Canvas Micarta es el resultado de una colaboraci\u00f3n excepcional. La idea original es del dise\u00f1ador italiano Matteo Morini (2mEDC), conocido desde hace a\u00f1os por sus innovadores dise\u00f1os de cuchillos. Para \u00e9l, los...","og_url":"https:\/\/bastardsknives.com\/es\/producto\/xerxes-green-canvas-micarta\/","og_site_name":"Bastards Knives","article_modified_time":"2025-08-19T13:48:41+00:00","og_image":[{"width":800,"height":700,"url":"https:\/\/bastardsknives.com\/wp-content\/uploads\/2025\/08\/Produktvorlage-2025-08-11T123140.586.png","type":"image\/png"}],"twitter_card":"summary_large_image","twitter_misc":{"Tiempo de lectura":"4 minutos"},"schema":{"@context":"https:\/\/schema.org","@graph":[{"@type":"WebPage","@id":"https:\/\/bastardsknives.com\/es\/producto\/xerxes-green-canvas-micarta\/","url":"https:\/\/bastardsknives.com\/es\/producto\/xerxes-green-canvas-micarta\/","name":"Xerxes Green Canvas Micarta - Bastards Knives","isPartOf":{"@id":"https:\/\/bastardsknives.com\/es\/#website"},"primaryImageOfPage":{"@id":"https:\/\/bastardsknives.com\/es\/producto\/xerxes-green-canvas-micarta\/#primaryimage"},"image":{"@id":"https:\/\/bastardsknives.com\/es\/producto\/xerxes-green-canvas-micarta\/#primaryimage"},"thumbnailUrl":"https:\/\/bastardsknives.com\/wp-content\/uploads\/2025\/08\/Produktvorlage-2025-08-11T123140.586.png","datePublished":"2025-08-18T00:00:31+00:00","dateModified":"2025-08-19T13:48:41+00:00","breadcrumb":{"@id":"https:\/\/bastardsknives.com\/es\/producto\/xerxes-green-canvas-micarta\/#breadcrumb"},"inLanguage":"es","potentialAction":[{"@type":"ReadAction","target":["https:\/\/bastardsknives.com\/es\/producto\/xerxes-green-canvas-micarta\/"]}]},{"@type":"ImageObject","inLanguage":"es","@id":"https:\/\/bastardsknives.com\/es\/producto\/xerxes-green-canvas-micarta\/#primaryimage","url":"https:\/\/bastardsknives.com\/wp-content\/uploads\/2025\/08\/Produktvorlage-2025-08-11T123140.586.png","contentUrl":"https:\/\/bastardsknives.com\/wp-content\/uploads\/2025\/08\/Produktvorlage-2025-08-11T123140.586.png","width":800,"height":700},{"@type":"BreadcrumbList","@id":"https:\/\/bastardsknives.com\/es\/producto\/xerxes-green-canvas-micarta\/#breadcrumb","itemListElement":[{"@type":"ListItem","position":1,"name":"Home","item":"https:\/\/bastardsknives.com\/es\/"},{"@type":"ListItem","position":2,"name":"Tienda","item":"https:\/\/bastardsknives.com\/es\/tienda\/"},{"@type":"ListItem","position":3,"name":"Xerxes Green Canvas Micarta"}]},{"@type":"WebSite","@id":"https:\/\/bastardsknives.com\/es\/#website","url":"https:\/\/bastardsknives.com\/es\/","name":"Bastards Knives","description":"Bastards Knives | Viviendo al filo","publisher":{"@id":"https:\/\/bastardsknives.com\/es\/#organization"},"potentialAction":[{"@type":"SearchAction","target":{"@type":"EntryPoint","urlTemplate":"https:\/\/bastardsknives.com\/es\/?s={search_term_string}"},"query-input":"required name=search_term_string"}],"inLanguage":"es"},{"@type":"Organization","@id":"https:\/\/bastardsknives.com\/es\/#organization","name":"Bastards Knives","url":"https:\/\/bastardsknives.com\/es\/","logo":{"@type":"ImageObject","inLanguage":"es","@id":"https:\/\/bastardsknives.com\/es\/#\/schema\/logo\/image\/","url":"https:\/\/bastardsknives.com\/wp-content\/uploads\/2022\/07\/Logoprod1.png","contentUrl":"https:\/\/bastardsknives.com\/wp-content\/uploads\/2022\/07\/Logoprod1.png","width":284,"height":122,"caption":"Bastards Knives"},"image":{"@id":"https:\/\/bastardsknives.com\/es\/#\/schema\/logo\/image\/"}}]}},"_links":{"self":[{"href":"https:\/\/bastardsknives.com\/es\/wp-json\/wp\/v2\/product\/8465","targetHints":{"allow":["GET"]}}],"collection":[{"href":"https:\/\/bastardsknives.com\/es\/wp-json\/wp\/v2\/product"}],"about":[{"href":"https:\/\/bastardsknives.com\/es\/wp-json\/wp\/v2\/types\/product"}],"wp:featuredmedia":[{"embeddable":true,"href":"https:\/\/bastardsknives.com\/es\/wp-json\/wp\/v2\/media\/8454"}],"wp:attachment":[{"href":"https:\/\/bastardsknives.com\/es\/wp-json\/wp\/v2\/media?parent=8465"}],"wp:term":[{"taxonomy":"product_brand","embeddable":true,"href":"https:\/\/bastardsknives.com\/es\/wp-json\/wp\/v2\/product_brand?post=8465"},{"taxonomy":"product_cat","embeddable":true,"href":"https:\/\/bastardsknives.com\/es\/wp-json\/wp\/v2\/product_cat?post=8465"},{"taxonomy":"product_tag","embeddable":true,"href":"https:\/\/bastardsknives.com\/es\/wp-json\/wp\/v2\/product_tag?post=8465"}],"curies":[{"name":"wp","href":"https:\/\/api.w.org\/{rel}","templated":true}]}}