{"id":8540,"date":"2025-09-25T11:55:47","date_gmt":"2025-09-25T09:55:47","guid":{"rendered":"https:\/\/bastardsknives.com\/?post_type=product&#038;p=8540"},"modified":"2025-10-01T17:54:35","modified_gmt":"2025-10-01T15:54:35","slug":"arronax-titanio","status":"publish","type":"product","link":"https:\/\/bastardsknives.com\/es\/producto\/arronax-titanio\/","title":{"rendered":"Arronax Titanio"},"content":{"rendered":"<h3>Bastards Knives Arronax Titanium: el retro se une al futuro<br \/>\nDise\u00f1o e inspiraci\u00f3n<\/h3>\n<p>En Bastards Knives nos encantan los cuchillos que son m\u00e1s que simples herramientas. El Arronax Titanium es precisamente una obra de arte. En colaboraci\u00f3n con Stefan Steigerwald, el \u00ab Mad Professor \u00bb del mundo de los cuchillos, hemos creado una navaja slipjoint que combina el retrofuturismo y la est\u00e9tica steampunk en una peque\u00f1a obra maestra port\u00e1til. Llamada as\u00ed en honor al profesor Pierre Aronnax, del cl\u00e1sico de Julio Verne 20 000 leguas de viaje submarino, parece como si el propio capit\u00e1n Nemo la hubiera sacado del bolsillo de su chaqueta.<\/p>\n<h4>Variantes y materiales<\/h4>\n<p>El Arronax est\u00e1 disponible en varias variantes, pero aqu\u00ed te presentamos la versi\u00f3n de titanio: elegantes cachas de titanio combinadas con una hoja de CPM Magnacut, un acero moderno de alto rendimiento que es extremadamente resistente a la corrosi\u00f3n y al desgaste, y al mismo tiempo f\u00e1cil de afilar. Un cuchillo que no solo es bonito, sino que tambi\u00e9n rinde cada d\u00eda.<\/p>\n<h4>Hoja y afilado<\/h4>\n<p>La hoja Sheepsfoot de 7,6 cm de largo del Arronax Titanium convence por su afilado plano para un corte preciso. Las peque\u00f1as rampas y la llamativa \u00abcorneta\u00bb en la punta garantizan un agarre seguro del pulgar y los dedos en trabajos delicados. El acabado satinado acent\u00faa el aspecto elegante y convierte cada corte en una experiencia.<\/p>\n<h4>Mango y ergonom\u00eda<\/h4>\n<p>Nuestras cachas de titanio son divertidas, t\u00e9cnicas y absolutamente ergon\u00f3micas. Las hendiduras estructuradas proporcionan un agarre seguro, mientras que los orificios delante del tornillo del eje recuerdan a las antiguas m\u00e1quinas de vapor. Peque\u00f1os elementos art d\u00e9co se combinan con el dise\u00f1o industrial: un mango que no solo entusiasma a los coleccionistas, sino que tambi\u00e9n convence en el d\u00eda a d\u00eda.<\/p>\n<h4>Mec\u00e1nica y cierre<\/h4>\n<p>Como slipjoint cl\u00e1sico el Arronax Titanium es legal en muchos paises. La hoja se abre con el t\u00edpico \u00abWalk &amp; Talk\u00bb, que hace palpable el encanto de la precisi\u00f3n mec\u00e1nica. Sin mecanismo de bloqueo, solo seguridad basada en resortes y puro encanto retro.<\/p>\n<h4>Clip y aptitud para el uso diario<\/h4>\n<p>Nuestro innovador clip de bolsillo funciona con un mecanismo de resorte: simplemente presiona hacia abajo, ins\u00e9rtalo y listo. Sin enganches, sin ara\u00f1azos, aptitud para el uso diario garantizada. Con solo 70 g de peso y 17,2 cm de longitud total, el Arronax es un compa\u00f1ero discreto que cabe en cualquier bolsillo. El volumen de suministro incluye un pa\u00f1o de microfibra y un estuche resistente con superficie para parches.<\/p>\n","protected":false},"excerpt":{"rendered":"<p>Bastards Knives Arronax Titanium: el retro se une al futuro Dise\u00f1o e inspiraci\u00f3n En Bastards Knives nos encantan los cuchillos que son m\u00e1s que simples herramientas. El Arronax Titanium es precisamente una obra de arte. En colaboraci\u00f3n con Stefan Steigerwald, el \u00ab Mad Professor \u00bb del mundo de los cuchillos, hemos creado una navaja slipjoint&#8230;<\/p>\n","protected":false},"featured_media":8577,"template":"","meta":[],"product_brand":[],"product_cat":[760],"product_tag":[],"class_list":{"0":"post-8540","1":"product","2":"type-product","3":"status-publish","4":"has-post-thumbnail","6":"product_cat-cuchillos-y-navajas","8":"first","9":"outofstock","10":"taxable","11":"shipping-taxable","12":"purchasable","13":"product-type-simple"},"acf":[],"yoast_head":"<!-- This site is optimized with the Yoast SEO plugin v23.1 - https:\/\/yoast.com\/wordpress\/plugins\/seo\/ -->\n<title>Arronax Titanio - Bastards Knives<\/title>\n<meta name=\"robots\" content=\"index, follow, max-snippet:-1, max-image-preview:large, max-video-preview:-1\" \/>\n<link rel=\"canonical\" href=\"https:\/\/bastardsknives.com\/es\/producto\/arronax-titanio\/\" \/>\n<meta property=\"og:locale\" content=\"es_ES\" \/>\n<meta property=\"og:type\" content=\"article\" \/>\n<meta property=\"og:title\" content=\"Arronax Titanio - Bastards Knives\" \/>\n<meta property=\"og:description\" content=\"Bastards Knives Arronax Titanium: el retro se une al futuro Dise\u00f1o e inspiraci\u00f3n En Bastards Knives nos encantan los cuchillos que son m\u00e1s que simples herramientas. El Arronax Titanium es precisamente una obra de arte. En colaboraci\u00f3n con Stefan Steigerwald, el \u00ab Mad Professor \u00bb del mundo de los cuchillos, hemos creado una navaja slipjoint...\" \/>\n<meta property=\"og:url\" content=\"https:\/\/bastardsknives.com\/es\/producto\/arronax-titanio\/\" \/>\n<meta property=\"og:site_name\" content=\"Bastards Knives\" \/>\n<meta property=\"article:modified_time\" content=\"2025-10-01T15:54:35+00:00\" \/>\n<meta property=\"og:image\" content=\"https:\/\/bastardsknives.com\/wp-content\/uploads\/2025\/09\/Produktvorlage-2025-08-27T125309.676.png\" \/>\n\t<meta property=\"og:image:width\" content=\"800\" \/>\n\t<meta property=\"og:image:height\" content=\"700\" \/>\n\t<meta property=\"og:image:type\" content=\"image\/png\" \/>\n<meta name=\"twitter:card\" content=\"summary_large_image\" \/>\n<meta name=\"twitter:label1\" content=\"Tiempo de lectura\" \/>\n\t<meta name=\"twitter:data1\" content=\"3 minutos\" \/>\n<script type=\"application\/ld+json\" class=\"yoast-schema-graph\">{\"@context\":\"https:\/\/schema.org\",\"@graph\":[{\"@type\":\"WebPage\",\"@id\":\"https:\/\/bastardsknives.com\/es\/producto\/arronax-titanio\/\",\"url\":\"https:\/\/bastardsknives.com\/es\/producto\/arronax-titanio\/\",\"name\":\"Arronax Titanio - Bastards Knives\",\"isPartOf\":{\"@id\":\"https:\/\/bastardsknives.com\/es\/#website\"},\"primaryImageOfPage\":{\"@id\":\"https:\/\/bastardsknives.com\/es\/producto\/arronax-titanio\/#primaryimage\"},\"image\":{\"@id\":\"https:\/\/bastardsknives.com\/es\/producto\/arronax-titanio\/#primaryimage\"},\"thumbnailUrl\":\"https:\/\/bastardsknives.com\/wp-content\/uploads\/2025\/09\/Produktvorlage-2025-08-27T125309.676.png\",\"datePublished\":\"2025-09-25T09:55:47+00:00\",\"dateModified\":\"2025-10-01T15:54:35+00:00\",\"breadcrumb\":{\"@id\":\"https:\/\/bastardsknives.com\/es\/producto\/arronax-titanio\/#breadcrumb\"},\"inLanguage\":\"es\",\"potentialAction\":[{\"@type\":\"ReadAction\",\"target\":[\"https:\/\/bastardsknives.com\/es\/producto\/arronax-titanio\/\"]}]},{\"@type\":\"ImageObject\",\"inLanguage\":\"es\",\"@id\":\"https:\/\/bastardsknives.com\/es\/producto\/arronax-titanio\/#primaryimage\",\"url\":\"https:\/\/bastardsknives.com\/wp-content\/uploads\/2025\/09\/Produktvorlage-2025-08-27T125309.676.png\",\"contentUrl\":\"https:\/\/bastardsknives.com\/wp-content\/uploads\/2025\/09\/Produktvorlage-2025-08-27T125309.676.png\",\"width\":800,\"height\":700},{\"@type\":\"BreadcrumbList\",\"@id\":\"https:\/\/bastardsknives.com\/es\/producto\/arronax-titanio\/#breadcrumb\",\"itemListElement\":[{\"@type\":\"ListItem\",\"position\":1,\"name\":\"Home\",\"item\":\"https:\/\/bastardsknives.com\/es\/\"},{\"@type\":\"ListItem\",\"position\":2,\"name\":\"Tienda\",\"item\":\"https:\/\/bastardsknives.com\/es\/tienda\/\"},{\"@type\":\"ListItem\",\"position\":3,\"name\":\"Arronax Titanio\"}]},{\"@type\":\"WebSite\",\"@id\":\"https:\/\/bastardsknives.com\/es\/#website\",\"url\":\"https:\/\/bastardsknives.com\/es\/\",\"name\":\"Bastards Knives\",\"description\":\"Bastards Knives | Viviendo al filo\",\"publisher\":{\"@id\":\"https:\/\/bastardsknives.com\/es\/#organization\"},\"potentialAction\":[{\"@type\":\"SearchAction\",\"target\":{\"@type\":\"EntryPoint\",\"urlTemplate\":\"https:\/\/bastardsknives.com\/es\/?s={search_term_string}\"},\"query-input\":\"required name=search_term_string\"}],\"inLanguage\":\"es\"},{\"@type\":\"Organization\",\"@id\":\"https:\/\/bastardsknives.com\/es\/#organization\",\"name\":\"Bastards Knives\",\"url\":\"https:\/\/bastardsknives.com\/es\/\",\"logo\":{\"@type\":\"ImageObject\",\"inLanguage\":\"es\",\"@id\":\"https:\/\/bastardsknives.com\/es\/#\/schema\/logo\/image\/\",\"url\":\"https:\/\/bastardsknives.com\/wp-content\/uploads\/2022\/07\/Logoprod1.png\",\"contentUrl\":\"https:\/\/bastardsknives.com\/wp-content\/uploads\/2022\/07\/Logoprod1.png\",\"width\":284,\"height\":122,\"caption\":\"Bastards Knives\"},\"image\":{\"@id\":\"https:\/\/bastardsknives.com\/es\/#\/schema\/logo\/image\/\"}}]}<\/script>\n<!-- \/ Yoast SEO plugin. -->","yoast_head_json":{"title":"Arronax Titanio - Bastards Knives","robots":{"index":"index","follow":"follow","max-snippet":"max-snippet:-1","max-image-preview":"max-image-preview:large","max-video-preview":"max-video-preview:-1"},"canonical":"https:\/\/bastardsknives.com\/es\/producto\/arronax-titanio\/","og_locale":"es_ES","og_type":"article","og_title":"Arronax Titanio - Bastards Knives","og_description":"Bastards Knives Arronax Titanium: el retro se une al futuro Dise\u00f1o e inspiraci\u00f3n En Bastards Knives nos encantan los cuchillos que son m\u00e1s que simples herramientas. El Arronax Titanium es precisamente una obra de arte. En colaboraci\u00f3n con Stefan Steigerwald, el \u00ab Mad Professor \u00bb del mundo de los cuchillos, hemos creado una navaja slipjoint...","og_url":"https:\/\/bastardsknives.com\/es\/producto\/arronax-titanio\/","og_site_name":"Bastards Knives","article_modified_time":"2025-10-01T15:54:35+00:00","og_image":[{"width":800,"height":700,"url":"https:\/\/bastardsknives.com\/wp-content\/uploads\/2025\/09\/Produktvorlage-2025-08-27T125309.676.png","type":"image\/png"}],"twitter_card":"summary_large_image","twitter_misc":{"Tiempo de lectura":"3 minutos"},"schema":{"@context":"https:\/\/schema.org","@graph":[{"@type":"WebPage","@id":"https:\/\/bastardsknives.com\/es\/producto\/arronax-titanio\/","url":"https:\/\/bastardsknives.com\/es\/producto\/arronax-titanio\/","name":"Arronax Titanio - Bastards Knives","isPartOf":{"@id":"https:\/\/bastardsknives.com\/es\/#website"},"primaryImageOfPage":{"@id":"https:\/\/bastardsknives.com\/es\/producto\/arronax-titanio\/#primaryimage"},"image":{"@id":"https:\/\/bastardsknives.com\/es\/producto\/arronax-titanio\/#primaryimage"},"thumbnailUrl":"https:\/\/bastardsknives.com\/wp-content\/uploads\/2025\/09\/Produktvorlage-2025-08-27T125309.676.png","datePublished":"2025-09-25T09:55:47+00:00","dateModified":"2025-10-01T15:54:35+00:00","breadcrumb":{"@id":"https:\/\/bastardsknives.com\/es\/producto\/arronax-titanio\/#breadcrumb"},"inLanguage":"es","potentialAction":[{"@type":"ReadAction","target":["https:\/\/bastardsknives.com\/es\/producto\/arronax-titanio\/"]}]},{"@type":"ImageObject","inLanguage":"es","@id":"https:\/\/bastardsknives.com\/es\/producto\/arronax-titanio\/#primaryimage","url":"https:\/\/bastardsknives.com\/wp-content\/uploads\/2025\/09\/Produktvorlage-2025-08-27T125309.676.png","contentUrl":"https:\/\/bastardsknives.com\/wp-content\/uploads\/2025\/09\/Produktvorlage-2025-08-27T125309.676.png","width":800,"height":700},{"@type":"BreadcrumbList","@id":"https:\/\/bastardsknives.com\/es\/producto\/arronax-titanio\/#breadcrumb","itemListElement":[{"@type":"ListItem","position":1,"name":"Home","item":"https:\/\/bastardsknives.com\/es\/"},{"@type":"ListItem","position":2,"name":"Tienda","item":"https:\/\/bastardsknives.com\/es\/tienda\/"},{"@type":"ListItem","position":3,"name":"Arronax Titanio"}]},{"@type":"WebSite","@id":"https:\/\/bastardsknives.com\/es\/#website","url":"https:\/\/bastardsknives.com\/es\/","name":"Bastards Knives","description":"Bastards Knives | Viviendo al filo","publisher":{"@id":"https:\/\/bastardsknives.com\/es\/#organization"},"potentialAction":[{"@type":"SearchAction","target":{"@type":"EntryPoint","urlTemplate":"https:\/\/bastardsknives.com\/es\/?s={search_term_string}"},"query-input":"required name=search_term_string"}],"inLanguage":"es"},{"@type":"Organization","@id":"https:\/\/bastardsknives.com\/es\/#organization","name":"Bastards Knives","url":"https:\/\/bastardsknives.com\/es\/","logo":{"@type":"ImageObject","inLanguage":"es","@id":"https:\/\/bastardsknives.com\/es\/#\/schema\/logo\/image\/","url":"https:\/\/bastardsknives.com\/wp-content\/uploads\/2022\/07\/Logoprod1.png","contentUrl":"https:\/\/bastardsknives.com\/wp-content\/uploads\/2022\/07\/Logoprod1.png","width":284,"height":122,"caption":"Bastards Knives"},"image":{"@id":"https:\/\/bastardsknives.com\/es\/#\/schema\/logo\/image\/"}}]}},"_links":{"self":[{"href":"https:\/\/bastardsknives.com\/es\/wp-json\/wp\/v2\/product\/8540","targetHints":{"allow":["GET"]}}],"collection":[{"href":"https:\/\/bastardsknives.com\/es\/wp-json\/wp\/v2\/product"}],"about":[{"href":"https:\/\/bastardsknives.com\/es\/wp-json\/wp\/v2\/types\/product"}],"wp:featuredmedia":[{"embeddable":true,"href":"https:\/\/bastardsknives.com\/es\/wp-json\/wp\/v2\/media\/8577"}],"wp:attachment":[{"href":"https:\/\/bastardsknives.com\/es\/wp-json\/wp\/v2\/media?parent=8540"}],"wp:term":[{"taxonomy":"product_brand","embeddable":true,"href":"https:\/\/bastardsknives.com\/es\/wp-json\/wp\/v2\/product_brand?post=8540"},{"taxonomy":"product_cat","embeddable":true,"href":"https:\/\/bastardsknives.com\/es\/wp-json\/wp\/v2\/product_cat?post=8540"},{"taxonomy":"product_tag","embeddable":true,"href":"https:\/\/bastardsknives.com\/es\/wp-json\/wp\/v2\/product_tag?post=8540"}],"curies":[{"name":"wp","href":"https:\/\/api.w.org\/{rel}","templated":true}]}}