{"id":8583,"date":"2025-09-25T11:05:12","date_gmt":"2025-09-25T09:05:12","guid":{"rendered":"https:\/\/bastardsknives.com\/?post_type=product&#038;p=8583"},"modified":"2025-09-25T11:57:52","modified_gmt":"2025-09-25T09:57:52","slug":"arronax-titanio-kopie","status":"publish","type":"product","link":"https:\/\/bastardsknives.com\/es\/producto\/arronax-titanio-kopie\/","title":{"rendered":"Arronax Brass"},"content":{"rendered":"<h3>Bastards Knives Arronax Brass: artesan\u00eda steampunk en lat\u00f3n<\/h3>\n<h4>Dise\u00f1o y trasfondo<\/h4>\n<p>Hay fabricantes de cuchillos. Hay fabricantes de cuchillos que son aut\u00e9nticos artistas. Y luego est\u00e1 Stefan Steigerwald, el \u00abprofesor loco\u00bb del mundo de los cuchillos. Su Arronax Brass, desarrollado en colaboraci\u00f3n con Bastards Knives, es un homenaje a la est\u00e9tica retrofuturista y a la precisi\u00f3n mec\u00e1nica. Inspirada en la obra de Julio Verne 20 000 leguas de viaje submarino, esta navaja Slipjoint parece haber sido dise\u00f1ada personalmente por el capit\u00e1n Nemo.<\/p>\n<h4>Variantes y caracter\u00edsticas especiales<\/h4>\n<p>La Arronax est\u00e1 disponible en dos variantes: aqu\u00ed la versi\u00f3n Brass con cachas de lat\u00f3n y hoja D2 satinada. La combinaci\u00f3n del c\u00e1lido lat\u00f3n, el preciso afilado plano y el art\u00edstico dentado hacen que esta navaja sea un verdadero reclamo para coleccionistas y amantes de los objetos EDC especiales.<\/p>\n<h4>Hoja y acero<\/h4>\n<p>La hoja Sheepsfoot de 7,6 cm de largo est\u00e1 fabricada en acero para herramientas D2 de probada eficacia y tiene un acabado satinado. El afilado plano proporciona cortes precisos y controlados, ideales para trabajos delicados en cubierta, en el taller o en la vida cotidiana. El D2 ofrece una muy buena protecci\u00f3n contra el desgaste y, con el cuidado adecuado, es un acero fiable para el uso diario.<\/p>\n<h4>Mango y acabado<\/h4>\n<p>Las cachas de lat\u00f3n llevan la inconfundible firma de Steigerwald: elementos Art D\u00e9co se combinan con cavidades industriales y estructuradas. Los orificios fresados delante del tornillo del eje recuerdan la tecnolog\u00eda de las antiguas m\u00e1quinas de vapor y refuerzan el aspecto n\u00e1utico. Los herrajes y un ingenioso seguro del eje en el lado del clip completan el aspecto mec\u00e1nico.<\/p>\n<h4>Mec\u00e1nica y cierre<\/h4>\n<p>Dise\u00f1ado como slipjoint, la hoja se abre con la caracter\u00edstica sensaci\u00f3n \u00abWalk &amp; Talk\u00bb: sin mecanismo de bloqueo, pero con precisi\u00f3n el\u00e1stica y elegancia t\u00e1ctil.<\/p>\n<h4>Clip, comodidad de transporte y contenido del env\u00edo<\/h4>\n<p>El innovador clip con resorte incorporado funciona como un peque\u00f1o balanc\u00edn: basta con presionarlo y colocarlo, y el cuchillo queda bien sujeto sin colgar ni rayar. A pesar de su aspecto robusto, el Arronax, con sus 100 g, es c\u00f3modo de llevar. El env\u00edo incluye un pa\u00f1o de microfibra y una bolsa resistente con superficie para parches.<\/p>\n","protected":false},"excerpt":{"rendered":"<p>Bastards Knives Arronax Brass: artesan\u00eda steampunk en lat\u00f3n Dise\u00f1o y trasfondo Hay fabricantes de cuchillos. Hay fabricantes de cuchillos que son aut\u00e9nticos artistas. Y luego est\u00e1 Stefan Steigerwald, el \u00abprofesor loco\u00bb del mundo de los cuchillos. Su Arronax Brass, desarrollado en colaboraci\u00f3n con Bastards Knives, es un homenaje a la est\u00e9tica retrofuturista y a la&#8230;<\/p>\n","protected":false},"featured_media":8586,"template":"","meta":[],"product_brand":[],"product_cat":[760,1101],"product_tag":[],"class_list":{"0":"post-8583","1":"product","2":"type-product","3":"status-publish","4":"has-post-thumbnail","6":"product_cat-cuchillos-y-navajas","7":"product_cat-stefan-steigerwald-es","9":"first","10":"instock","11":"taxable","12":"shipping-taxable","13":"purchasable","14":"product-type-simple"},"acf":[],"yoast_head":"<!-- This site is optimized with the Yoast SEO plugin v23.1 - https:\/\/yoast.com\/wordpress\/plugins\/seo\/ -->\n<title>Arronax Brass - Bastards Knives<\/title>\n<meta name=\"robots\" content=\"index, follow, max-snippet:-1, max-image-preview:large, max-video-preview:-1\" \/>\n<link rel=\"canonical\" href=\"https:\/\/bastardsknives.com\/es\/producto\/arronax-titanio-kopie\/\" \/>\n<meta property=\"og:locale\" content=\"es_ES\" \/>\n<meta property=\"og:type\" content=\"article\" \/>\n<meta property=\"og:title\" content=\"Arronax Brass - Bastards Knives\" \/>\n<meta property=\"og:description\" content=\"Bastards Knives Arronax Brass: artesan\u00eda steampunk en lat\u00f3n Dise\u00f1o y trasfondo Hay fabricantes de cuchillos. Hay fabricantes de cuchillos que son aut\u00e9nticos artistas. Y luego est\u00e1 Stefan Steigerwald, el \u00abprofesor loco\u00bb del mundo de los cuchillos. Su Arronax Brass, desarrollado en colaboraci\u00f3n con Bastards Knives, es un homenaje a la est\u00e9tica retrofuturista y a la...\" \/>\n<meta property=\"og:url\" content=\"https:\/\/bastardsknives.com\/es\/producto\/arronax-titanio-kopie\/\" \/>\n<meta property=\"og:site_name\" content=\"Bastards Knives\" \/>\n<meta property=\"article:modified_time\" content=\"2025-09-25T09:57:52+00:00\" \/>\n<meta property=\"og:image\" content=\"https:\/\/bastardsknives.com\/wp-content\/uploads\/2025\/09\/Produktvorlage-2025-08-27T124854.277.png\" \/>\n\t<meta property=\"og:image:width\" content=\"800\" \/>\n\t<meta property=\"og:image:height\" content=\"700\" \/>\n\t<meta property=\"og:image:type\" content=\"image\/png\" \/>\n<meta name=\"twitter:card\" content=\"summary_large_image\" \/>\n<meta name=\"twitter:label1\" content=\"Tiempo de lectura\" \/>\n\t<meta name=\"twitter:data1\" content=\"3 minutos\" \/>\n<script type=\"application\/ld+json\" class=\"yoast-schema-graph\">{\"@context\":\"https:\/\/schema.org\",\"@graph\":[{\"@type\":\"WebPage\",\"@id\":\"https:\/\/bastardsknives.com\/es\/producto\/arronax-titanio-kopie\/\",\"url\":\"https:\/\/bastardsknives.com\/es\/producto\/arronax-titanio-kopie\/\",\"name\":\"Arronax Brass - Bastards Knives\",\"isPartOf\":{\"@id\":\"https:\/\/bastardsknives.com\/es\/#website\"},\"primaryImageOfPage\":{\"@id\":\"https:\/\/bastardsknives.com\/es\/producto\/arronax-titanio-kopie\/#primaryimage\"},\"image\":{\"@id\":\"https:\/\/bastardsknives.com\/es\/producto\/arronax-titanio-kopie\/#primaryimage\"},\"thumbnailUrl\":\"https:\/\/bastardsknives.com\/wp-content\/uploads\/2025\/09\/Produktvorlage-2025-08-27T124854.277.png\",\"datePublished\":\"2025-09-25T09:05:12+00:00\",\"dateModified\":\"2025-09-25T09:57:52+00:00\",\"breadcrumb\":{\"@id\":\"https:\/\/bastardsknives.com\/es\/producto\/arronax-titanio-kopie\/#breadcrumb\"},\"inLanguage\":\"es\",\"potentialAction\":[{\"@type\":\"ReadAction\",\"target\":[\"https:\/\/bastardsknives.com\/es\/producto\/arronax-titanio-kopie\/\"]}]},{\"@type\":\"ImageObject\",\"inLanguage\":\"es\",\"@id\":\"https:\/\/bastardsknives.com\/es\/producto\/arronax-titanio-kopie\/#primaryimage\",\"url\":\"https:\/\/bastardsknives.com\/wp-content\/uploads\/2025\/09\/Produktvorlage-2025-08-27T124854.277.png\",\"contentUrl\":\"https:\/\/bastardsknives.com\/wp-content\/uploads\/2025\/09\/Produktvorlage-2025-08-27T124854.277.png\",\"width\":800,\"height\":700},{\"@type\":\"BreadcrumbList\",\"@id\":\"https:\/\/bastardsknives.com\/es\/producto\/arronax-titanio-kopie\/#breadcrumb\",\"itemListElement\":[{\"@type\":\"ListItem\",\"position\":1,\"name\":\"Home\",\"item\":\"https:\/\/bastardsknives.com\/es\/\"},{\"@type\":\"ListItem\",\"position\":2,\"name\":\"Tienda\",\"item\":\"https:\/\/bastardsknives.com\/es\/tienda\/\"},{\"@type\":\"ListItem\",\"position\":3,\"name\":\"Arronax Brass\"}]},{\"@type\":\"WebSite\",\"@id\":\"https:\/\/bastardsknives.com\/es\/#website\",\"url\":\"https:\/\/bastardsknives.com\/es\/\",\"name\":\"Bastards Knives\",\"description\":\"Bastards Knives | Viviendo al filo\",\"publisher\":{\"@id\":\"https:\/\/bastardsknives.com\/es\/#organization\"},\"potentialAction\":[{\"@type\":\"SearchAction\",\"target\":{\"@type\":\"EntryPoint\",\"urlTemplate\":\"https:\/\/bastardsknives.com\/es\/?s={search_term_string}\"},\"query-input\":\"required name=search_term_string\"}],\"inLanguage\":\"es\"},{\"@type\":\"Organization\",\"@id\":\"https:\/\/bastardsknives.com\/es\/#organization\",\"name\":\"Bastards Knives\",\"url\":\"https:\/\/bastardsknives.com\/es\/\",\"logo\":{\"@type\":\"ImageObject\",\"inLanguage\":\"es\",\"@id\":\"https:\/\/bastardsknives.com\/es\/#\/schema\/logo\/image\/\",\"url\":\"https:\/\/bastardsknives.com\/wp-content\/uploads\/2022\/07\/Logoprod1.png\",\"contentUrl\":\"https:\/\/bastardsknives.com\/wp-content\/uploads\/2022\/07\/Logoprod1.png\",\"width\":284,\"height\":122,\"caption\":\"Bastards Knives\"},\"image\":{\"@id\":\"https:\/\/bastardsknives.com\/es\/#\/schema\/logo\/image\/\"}}]}<\/script>\n<!-- \/ Yoast SEO plugin. -->","yoast_head_json":{"title":"Arronax Brass - Bastards Knives","robots":{"index":"index","follow":"follow","max-snippet":"max-snippet:-1","max-image-preview":"max-image-preview:large","max-video-preview":"max-video-preview:-1"},"canonical":"https:\/\/bastardsknives.com\/es\/producto\/arronax-titanio-kopie\/","og_locale":"es_ES","og_type":"article","og_title":"Arronax Brass - Bastards Knives","og_description":"Bastards Knives Arronax Brass: artesan\u00eda steampunk en lat\u00f3n Dise\u00f1o y trasfondo Hay fabricantes de cuchillos. Hay fabricantes de cuchillos que son aut\u00e9nticos artistas. Y luego est\u00e1 Stefan Steigerwald, el \u00abprofesor loco\u00bb del mundo de los cuchillos. Su Arronax Brass, desarrollado en colaboraci\u00f3n con Bastards Knives, es un homenaje a la est\u00e9tica retrofuturista y a la...","og_url":"https:\/\/bastardsknives.com\/es\/producto\/arronax-titanio-kopie\/","og_site_name":"Bastards Knives","article_modified_time":"2025-09-25T09:57:52+00:00","og_image":[{"width":800,"height":700,"url":"https:\/\/bastardsknives.com\/wp-content\/uploads\/2025\/09\/Produktvorlage-2025-08-27T124854.277.png","type":"image\/png"}],"twitter_card":"summary_large_image","twitter_misc":{"Tiempo de lectura":"3 minutos"},"schema":{"@context":"https:\/\/schema.org","@graph":[{"@type":"WebPage","@id":"https:\/\/bastardsknives.com\/es\/producto\/arronax-titanio-kopie\/","url":"https:\/\/bastardsknives.com\/es\/producto\/arronax-titanio-kopie\/","name":"Arronax Brass - Bastards Knives","isPartOf":{"@id":"https:\/\/bastardsknives.com\/es\/#website"},"primaryImageOfPage":{"@id":"https:\/\/bastardsknives.com\/es\/producto\/arronax-titanio-kopie\/#primaryimage"},"image":{"@id":"https:\/\/bastardsknives.com\/es\/producto\/arronax-titanio-kopie\/#primaryimage"},"thumbnailUrl":"https:\/\/bastardsknives.com\/wp-content\/uploads\/2025\/09\/Produktvorlage-2025-08-27T124854.277.png","datePublished":"2025-09-25T09:05:12+00:00","dateModified":"2025-09-25T09:57:52+00:00","breadcrumb":{"@id":"https:\/\/bastardsknives.com\/es\/producto\/arronax-titanio-kopie\/#breadcrumb"},"inLanguage":"es","potentialAction":[{"@type":"ReadAction","target":["https:\/\/bastardsknives.com\/es\/producto\/arronax-titanio-kopie\/"]}]},{"@type":"ImageObject","inLanguage":"es","@id":"https:\/\/bastardsknives.com\/es\/producto\/arronax-titanio-kopie\/#primaryimage","url":"https:\/\/bastardsknives.com\/wp-content\/uploads\/2025\/09\/Produktvorlage-2025-08-27T124854.277.png","contentUrl":"https:\/\/bastardsknives.com\/wp-content\/uploads\/2025\/09\/Produktvorlage-2025-08-27T124854.277.png","width":800,"height":700},{"@type":"BreadcrumbList","@id":"https:\/\/bastardsknives.com\/es\/producto\/arronax-titanio-kopie\/#breadcrumb","itemListElement":[{"@type":"ListItem","position":1,"name":"Home","item":"https:\/\/bastardsknives.com\/es\/"},{"@type":"ListItem","position":2,"name":"Tienda","item":"https:\/\/bastardsknives.com\/es\/tienda\/"},{"@type":"ListItem","position":3,"name":"Arronax Brass"}]},{"@type":"WebSite","@id":"https:\/\/bastardsknives.com\/es\/#website","url":"https:\/\/bastardsknives.com\/es\/","name":"Bastards Knives","description":"Bastards Knives | Viviendo al filo","publisher":{"@id":"https:\/\/bastardsknives.com\/es\/#organization"},"potentialAction":[{"@type":"SearchAction","target":{"@type":"EntryPoint","urlTemplate":"https:\/\/bastardsknives.com\/es\/?s={search_term_string}"},"query-input":"required name=search_term_string"}],"inLanguage":"es"},{"@type":"Organization","@id":"https:\/\/bastardsknives.com\/es\/#organization","name":"Bastards Knives","url":"https:\/\/bastardsknives.com\/es\/","logo":{"@type":"ImageObject","inLanguage":"es","@id":"https:\/\/bastardsknives.com\/es\/#\/schema\/logo\/image\/","url":"https:\/\/bastardsknives.com\/wp-content\/uploads\/2022\/07\/Logoprod1.png","contentUrl":"https:\/\/bastardsknives.com\/wp-content\/uploads\/2022\/07\/Logoprod1.png","width":284,"height":122,"caption":"Bastards Knives"},"image":{"@id":"https:\/\/bastardsknives.com\/es\/#\/schema\/logo\/image\/"}}]}},"_links":{"self":[{"href":"https:\/\/bastardsknives.com\/es\/wp-json\/wp\/v2\/product\/8583","targetHints":{"allow":["GET"]}}],"collection":[{"href":"https:\/\/bastardsknives.com\/es\/wp-json\/wp\/v2\/product"}],"about":[{"href":"https:\/\/bastardsknives.com\/es\/wp-json\/wp\/v2\/types\/product"}],"wp:featuredmedia":[{"embeddable":true,"href":"https:\/\/bastardsknives.com\/es\/wp-json\/wp\/v2\/media\/8586"}],"wp:attachment":[{"href":"https:\/\/bastardsknives.com\/es\/wp-json\/wp\/v2\/media?parent=8583"}],"wp:term":[{"taxonomy":"product_brand","embeddable":true,"href":"https:\/\/bastardsknives.com\/es\/wp-json\/wp\/v2\/product_brand?post=8583"},{"taxonomy":"product_cat","embeddable":true,"href":"https:\/\/bastardsknives.com\/es\/wp-json\/wp\/v2\/product_cat?post=8583"},{"taxonomy":"product_tag","embeddable":true,"href":"https:\/\/bastardsknives.com\/es\/wp-json\/wp\/v2\/product_tag?post=8583"}],"curies":[{"name":"wp","href":"https:\/\/api.w.org\/{rel}","templated":true}]}}