{"id":8594,"date":"2025-09-26T19:00:29","date_gmt":"2025-09-26T17:00:29","guid":{"rendered":"https:\/\/bastardsknives.com\/?post_type=product&#038;p=8594"},"modified":"2025-10-05T14:47:41","modified_gmt":"2025-10-05T12:47:41","slug":"iberian-canvas-micarta-compra-anticipada","status":"publish","type":"product","link":"https:\/\/bastardsknives.com\/es\/producto\/iberian-canvas-micarta-compra-anticipada\/","title":{"rendered":"Iberian Canvas Micarta"},"content":{"rendered":"<h3>Iberian: clase magistral limitada de Bastards Knives<\/h3>\n<p>La navaja Iberian del dise\u00f1ador portugu\u00e9s Carlos Queiros es una aut\u00e9ntica pieza de coleccionista y una obra maestra de la artesan\u00eda moderna en cuchiller\u00eda. Ganador del Blade Show Award 2024 al dise\u00f1o innovador, ha creado con esta navaja plegable un cuchillo que combina a la perfecci\u00f3n elegancia, funcionalidad y precisi\u00f3n.<\/p>\n<h4>Cuchillo integral \u00fanico con materiales de alta gama<\/h4>\n<p>La Iberian es la primera navaja integral del mercado espa\u00f1ol y destaca por su sofisticado dise\u00f1o. Fabricada en titanio de grado 5 y disponible en micarta de lona verde o FatCarbon en Cross Cut copper, combina robustez con un aspecto elegante. El seguro Framelock con incrustaci\u00f3n integrada no solo garantiza la m\u00e1xima estabilidad, sino que tambi\u00e9n completa armoniosamente el elegante dise\u00f1o.<\/p>\n<h4>Acero MagnaCut: rendimiento sin concesiones<\/h4>\n<p>La hoja Tanto modificada de 9 cm de longitud est\u00e1 fabricada en acero CPM MagnaCut, apreciado en todo el mundo por su extrema dureza, alta resistencia a la corrosi\u00f3n y extraordinaria capacidad de corte. Ya sea para el uso diario o como pieza de colecci\u00f3n, el Iberian ofrece un rendimiento sin concesiones.<\/p>\n<h4>Exclusividad limitada para coleccionistas y aficionados a los cuchillos<\/h4>\n<p>El Iberian est\u00e1 limitado a 200 unidades en todo el mundo (100 de micarta y 100 de FatCarbon), cada una de las cuales es una pieza de la historia de los cuchillos. Con su preciso flipper delantero y su pasador para el pulgar, se abre r\u00e1pidamente, mientras que el bloqueo de marco garantiza una seguridad absoluta. Este cuchillo no es solo una herramienta, sino toda una declaraci\u00f3n de intenciones.<\/p>\n<h4>La precisi\u00f3n se une al arte del dise\u00f1o<\/h4>\n<p>El Iberian de Bastards Knives muestra c\u00f3mo la artesan\u00eda m\u00e1s refinada y los conocimientos t\u00e9cnicos se fusionan para crear una obra maestra. El dise\u00f1ador Carlos Queiros aporta su experiencia como joyero y se encarga de los detalles que hacen que este cuchillo sea inconfundible. Cada ejemplar combina funcionalidad, lujo y valor coleccionable al m\u00e1s alto nivel. Para Carlos, la precisi\u00f3n no es solo una palabra, como se puede ver en sus navajas plegables personalizadas.<\/p>\n","protected":false},"excerpt":{"rendered":"<p>Iberian: clase magistral limitada de Bastards Knives La navaja Iberian del dise\u00f1ador portugu\u00e9s Carlos Queiros es una aut\u00e9ntica pieza de coleccionista y una obra maestra de la artesan\u00eda moderna en cuchiller\u00eda. Ganador del Blade Show Award 2024 al dise\u00f1o innovador, ha creado con esta navaja plegable un cuchillo que combina a la perfecci\u00f3n elegancia, funcionalidad&#8230;<\/p>\n","protected":false},"featured_media":8605,"template":"","meta":[],"product_brand":[],"product_cat":[1104,760],"product_tag":[],"class_list":{"0":"post-8594","1":"product","2":"type-product","3":"status-publish","4":"has-post-thumbnail","6":"product_cat-carlos-queiros-es","7":"product_cat-cuchillos-y-navajas","9":"first","10":"instock","11":"taxable","12":"shipping-taxable","13":"purchasable","14":"product-type-simple"},"acf":[],"yoast_head":"<!-- This site is optimized with the Yoast SEO plugin v23.1 - https:\/\/yoast.com\/wordpress\/plugins\/seo\/ -->\n<title>Iberian Canvas Micarta - Bastards Knives<\/title>\n<meta name=\"robots\" content=\"index, follow, max-snippet:-1, max-image-preview:large, max-video-preview:-1\" \/>\n<link rel=\"canonical\" href=\"https:\/\/bastardsknives.com\/es\/producto\/iberian-canvas-micarta-compra-anticipada\/\" \/>\n<meta property=\"og:locale\" content=\"es_ES\" \/>\n<meta property=\"og:type\" content=\"article\" \/>\n<meta property=\"og:title\" content=\"Iberian Canvas Micarta - Bastards Knives\" \/>\n<meta property=\"og:description\" content=\"Iberian: clase magistral limitada de Bastards Knives La navaja Iberian del dise\u00f1ador portugu\u00e9s Carlos Queiros es una aut\u00e9ntica pieza de coleccionista y una obra maestra de la artesan\u00eda moderna en cuchiller\u00eda. Ganador del Blade Show Award 2024 al dise\u00f1o innovador, ha creado con esta navaja plegable un cuchillo que combina a la perfecci\u00f3n elegancia, funcionalidad...\" \/>\n<meta property=\"og:url\" content=\"https:\/\/bastardsknives.com\/es\/producto\/iberian-canvas-micarta-compra-anticipada\/\" \/>\n<meta property=\"og:site_name\" content=\"Bastards Knives\" \/>\n<meta property=\"article:modified_time\" content=\"2025-10-05T12:47:41+00:00\" \/>\n<meta property=\"og:image\" content=\"https:\/\/bastardsknives.com\/wp-content\/uploads\/2025\/09\/Iberian-Micarta.jpg\" \/>\n\t<meta property=\"og:image:width\" content=\"1600\" \/>\n\t<meta property=\"og:image:height\" content=\"1600\" \/>\n\t<meta property=\"og:image:type\" content=\"image\/jpeg\" \/>\n<meta name=\"twitter:card\" content=\"summary_large_image\" \/>\n<meta name=\"twitter:label1\" content=\"Tiempo de lectura\" \/>\n\t<meta name=\"twitter:data1\" content=\"3 minutos\" \/>\n<script type=\"application\/ld+json\" class=\"yoast-schema-graph\">{\"@context\":\"https:\/\/schema.org\",\"@graph\":[{\"@type\":\"WebPage\",\"@id\":\"https:\/\/bastardsknives.com\/es\/producto\/iberian-canvas-micarta-compra-anticipada\/\",\"url\":\"https:\/\/bastardsknives.com\/es\/producto\/iberian-canvas-micarta-compra-anticipada\/\",\"name\":\"Iberian Canvas Micarta - Bastards Knives\",\"isPartOf\":{\"@id\":\"https:\/\/bastardsknives.com\/es\/#website\"},\"primaryImageOfPage\":{\"@id\":\"https:\/\/bastardsknives.com\/es\/producto\/iberian-canvas-micarta-compra-anticipada\/#primaryimage\"},\"image\":{\"@id\":\"https:\/\/bastardsknives.com\/es\/producto\/iberian-canvas-micarta-compra-anticipada\/#primaryimage\"},\"thumbnailUrl\":\"https:\/\/bastardsknives.com\/wp-content\/uploads\/2025\/09\/Iberian-Micarta.jpg\",\"datePublished\":\"2025-09-26T17:00:29+00:00\",\"dateModified\":\"2025-10-05T12:47:41+00:00\",\"breadcrumb\":{\"@id\":\"https:\/\/bastardsknives.com\/es\/producto\/iberian-canvas-micarta-compra-anticipada\/#breadcrumb\"},\"inLanguage\":\"es\",\"potentialAction\":[{\"@type\":\"ReadAction\",\"target\":[\"https:\/\/bastardsknives.com\/es\/producto\/iberian-canvas-micarta-compra-anticipada\/\"]}]},{\"@type\":\"ImageObject\",\"inLanguage\":\"es\",\"@id\":\"https:\/\/bastardsknives.com\/es\/producto\/iberian-canvas-micarta-compra-anticipada\/#primaryimage\",\"url\":\"https:\/\/bastardsknives.com\/wp-content\/uploads\/2025\/09\/Iberian-Micarta.jpg\",\"contentUrl\":\"https:\/\/bastardsknives.com\/wp-content\/uploads\/2025\/09\/Iberian-Micarta.jpg\",\"width\":1600,\"height\":1600},{\"@type\":\"BreadcrumbList\",\"@id\":\"https:\/\/bastardsknives.com\/es\/producto\/iberian-canvas-micarta-compra-anticipada\/#breadcrumb\",\"itemListElement\":[{\"@type\":\"ListItem\",\"position\":1,\"name\":\"Home\",\"item\":\"https:\/\/bastardsknives.com\/es\/\"},{\"@type\":\"ListItem\",\"position\":2,\"name\":\"Tienda\",\"item\":\"https:\/\/bastardsknives.com\/es\/tienda\/\"},{\"@type\":\"ListItem\",\"position\":3,\"name\":\"Iberian Canvas Micarta\"}]},{\"@type\":\"WebSite\",\"@id\":\"https:\/\/bastardsknives.com\/es\/#website\",\"url\":\"https:\/\/bastardsknives.com\/es\/\",\"name\":\"Bastards Knives\",\"description\":\"Bastards Knives | Viviendo al filo\",\"publisher\":{\"@id\":\"https:\/\/bastardsknives.com\/es\/#organization\"},\"potentialAction\":[{\"@type\":\"SearchAction\",\"target\":{\"@type\":\"EntryPoint\",\"urlTemplate\":\"https:\/\/bastardsknives.com\/es\/?s={search_term_string}\"},\"query-input\":\"required name=search_term_string\"}],\"inLanguage\":\"es\"},{\"@type\":\"Organization\",\"@id\":\"https:\/\/bastardsknives.com\/es\/#organization\",\"name\":\"Bastards Knives\",\"url\":\"https:\/\/bastardsknives.com\/es\/\",\"logo\":{\"@type\":\"ImageObject\",\"inLanguage\":\"es\",\"@id\":\"https:\/\/bastardsknives.com\/es\/#\/schema\/logo\/image\/\",\"url\":\"https:\/\/bastardsknives.com\/wp-content\/uploads\/2022\/07\/Logoprod1.png\",\"contentUrl\":\"https:\/\/bastardsknives.com\/wp-content\/uploads\/2022\/07\/Logoprod1.png\",\"width\":284,\"height\":122,\"caption\":\"Bastards Knives\"},\"image\":{\"@id\":\"https:\/\/bastardsknives.com\/es\/#\/schema\/logo\/image\/\"}}]}<\/script>\n<!-- \/ Yoast SEO plugin. -->","yoast_head_json":{"title":"Iberian Canvas Micarta - Bastards Knives","robots":{"index":"index","follow":"follow","max-snippet":"max-snippet:-1","max-image-preview":"max-image-preview:large","max-video-preview":"max-video-preview:-1"},"canonical":"https:\/\/bastardsknives.com\/es\/producto\/iberian-canvas-micarta-compra-anticipada\/","og_locale":"es_ES","og_type":"article","og_title":"Iberian Canvas Micarta - Bastards Knives","og_description":"Iberian: clase magistral limitada de Bastards Knives La navaja Iberian del dise\u00f1ador portugu\u00e9s Carlos Queiros es una aut\u00e9ntica pieza de coleccionista y una obra maestra de la artesan\u00eda moderna en cuchiller\u00eda. Ganador del Blade Show Award 2024 al dise\u00f1o innovador, ha creado con esta navaja plegable un cuchillo que combina a la perfecci\u00f3n elegancia, funcionalidad...","og_url":"https:\/\/bastardsknives.com\/es\/producto\/iberian-canvas-micarta-compra-anticipada\/","og_site_name":"Bastards Knives","article_modified_time":"2025-10-05T12:47:41+00:00","og_image":[{"width":1600,"height":1600,"url":"https:\/\/bastardsknives.com\/wp-content\/uploads\/2025\/09\/Iberian-Micarta.jpg","type":"image\/jpeg"}],"twitter_card":"summary_large_image","twitter_misc":{"Tiempo de lectura":"3 minutos"},"schema":{"@context":"https:\/\/schema.org","@graph":[{"@type":"WebPage","@id":"https:\/\/bastardsknives.com\/es\/producto\/iberian-canvas-micarta-compra-anticipada\/","url":"https:\/\/bastardsknives.com\/es\/producto\/iberian-canvas-micarta-compra-anticipada\/","name":"Iberian Canvas Micarta - Bastards Knives","isPartOf":{"@id":"https:\/\/bastardsknives.com\/es\/#website"},"primaryImageOfPage":{"@id":"https:\/\/bastardsknives.com\/es\/producto\/iberian-canvas-micarta-compra-anticipada\/#primaryimage"},"image":{"@id":"https:\/\/bastardsknives.com\/es\/producto\/iberian-canvas-micarta-compra-anticipada\/#primaryimage"},"thumbnailUrl":"https:\/\/bastardsknives.com\/wp-content\/uploads\/2025\/09\/Iberian-Micarta.jpg","datePublished":"2025-09-26T17:00:29+00:00","dateModified":"2025-10-05T12:47:41+00:00","breadcrumb":{"@id":"https:\/\/bastardsknives.com\/es\/producto\/iberian-canvas-micarta-compra-anticipada\/#breadcrumb"},"inLanguage":"es","potentialAction":[{"@type":"ReadAction","target":["https:\/\/bastardsknives.com\/es\/producto\/iberian-canvas-micarta-compra-anticipada\/"]}]},{"@type":"ImageObject","inLanguage":"es","@id":"https:\/\/bastardsknives.com\/es\/producto\/iberian-canvas-micarta-compra-anticipada\/#primaryimage","url":"https:\/\/bastardsknives.com\/wp-content\/uploads\/2025\/09\/Iberian-Micarta.jpg","contentUrl":"https:\/\/bastardsknives.com\/wp-content\/uploads\/2025\/09\/Iberian-Micarta.jpg","width":1600,"height":1600},{"@type":"BreadcrumbList","@id":"https:\/\/bastardsknives.com\/es\/producto\/iberian-canvas-micarta-compra-anticipada\/#breadcrumb","itemListElement":[{"@type":"ListItem","position":1,"name":"Home","item":"https:\/\/bastardsknives.com\/es\/"},{"@type":"ListItem","position":2,"name":"Tienda","item":"https:\/\/bastardsknives.com\/es\/tienda\/"},{"@type":"ListItem","position":3,"name":"Iberian Canvas Micarta"}]},{"@type":"WebSite","@id":"https:\/\/bastardsknives.com\/es\/#website","url":"https:\/\/bastardsknives.com\/es\/","name":"Bastards Knives","description":"Bastards Knives | Viviendo al filo","publisher":{"@id":"https:\/\/bastardsknives.com\/es\/#organization"},"potentialAction":[{"@type":"SearchAction","target":{"@type":"EntryPoint","urlTemplate":"https:\/\/bastardsknives.com\/es\/?s={search_term_string}"},"query-input":"required name=search_term_string"}],"inLanguage":"es"},{"@type":"Organization","@id":"https:\/\/bastardsknives.com\/es\/#organization","name":"Bastards Knives","url":"https:\/\/bastardsknives.com\/es\/","logo":{"@type":"ImageObject","inLanguage":"es","@id":"https:\/\/bastardsknives.com\/es\/#\/schema\/logo\/image\/","url":"https:\/\/bastardsknives.com\/wp-content\/uploads\/2022\/07\/Logoprod1.png","contentUrl":"https:\/\/bastardsknives.com\/wp-content\/uploads\/2022\/07\/Logoprod1.png","width":284,"height":122,"caption":"Bastards Knives"},"image":{"@id":"https:\/\/bastardsknives.com\/es\/#\/schema\/logo\/image\/"}}]}},"_links":{"self":[{"href":"https:\/\/bastardsknives.com\/es\/wp-json\/wp\/v2\/product\/8594","targetHints":{"allow":["GET"]}}],"collection":[{"href":"https:\/\/bastardsknives.com\/es\/wp-json\/wp\/v2\/product"}],"about":[{"href":"https:\/\/bastardsknives.com\/es\/wp-json\/wp\/v2\/types\/product"}],"wp:featuredmedia":[{"embeddable":true,"href":"https:\/\/bastardsknives.com\/es\/wp-json\/wp\/v2\/media\/8605"}],"wp:attachment":[{"href":"https:\/\/bastardsknives.com\/es\/wp-json\/wp\/v2\/media?parent=8594"}],"wp:term":[{"taxonomy":"product_brand","embeddable":true,"href":"https:\/\/bastardsknives.com\/es\/wp-json\/wp\/v2\/product_brand?post=8594"},{"taxonomy":"product_cat","embeddable":true,"href":"https:\/\/bastardsknives.com\/es\/wp-json\/wp\/v2\/product_cat?post=8594"},{"taxonomy":"product_tag","embeddable":true,"href":"https:\/\/bastardsknives.com\/es\/wp-json\/wp\/v2\/product_tag?post=8594"}],"curies":[{"name":"wp","href":"https:\/\/api.w.org\/{rel}","templated":true}]}}