{"id":9180,"date":"2026-01-24T14:10:59","date_gmt":"2026-01-24T12:10:59","guid":{"rendered":"https:\/\/bastardsknives.com\/?post_type=product&#038;p=9180"},"modified":"2026-01-24T20:18:22","modified_gmt":"2026-01-24T18:18:22","slug":"salamandra-black-pearl-camo-carbon-kopie-2","status":"publish","type":"product","link":"https:\/\/bastardsknives.com\/es\/producto\/salamandra-black-pearl-camo-carbon-kopie-2\/","title":{"rendered":"SKIR Carbon Fiber by C\u00e9sar Bozal Germ\u00e1n"},"content":{"rendered":"<h3>El caballero espa\u00f1ol para el uso diario<\/h3>\n<p>Un verdadero caballero no tiene por qu\u00e9 ser ruidoso. Convence por su porte, estilo y soberan\u00eda. SKIR encarna precisamente esta imagen. Una navaja elegante, deliberadamente discreta, que se puede llevar legalmente en casi todas partes y que causa una impresi\u00f3n silenciosa. No por su tama\u00f1o, sino por su car\u00e1cter.<\/p>\n<p>Esta navaja EDC ha sido dise\u00f1ada para personas que valoran la discreci\u00f3n. No se muestra, se utiliza. Y es precisamente ah\u00ed donde destaca.<\/p>\n<h4>La elegancia discreta se une a la funcionalidad<\/h4>\n<p>La SKIR es compacta, equilibrada y tiene un dise\u00f1o claro. La hoja Drop Point con acabado satinado garantiza cortes precisos en el d\u00eda a d\u00eda, mientras que el fiable bloqueo trasero es sin\u00f3nimo de seguridad. Los materiales se han elegido deliberadamente y subrayan su car\u00e1cter caballeroso.<\/p>\n<p>Dependiendo del modelo, el mango G10 texturizado se combina con el potente acero VG10 o la elegante fibra de carbono con el M390 de alta calidad. Ambos materiales son sin\u00f3nimo de funcionalidad, durabilidad y estilo para el d\u00eda a d\u00eda.<\/p>\n<p>El resultado es un peque\u00f1o cuchillo EDC que se integra perfectamente en el d\u00eda a d\u00eda y, sin embargo, tiene un estilo propio.<\/p>\n<h4>El esp\u00edritu detr\u00e1s del cuchillo: C\u00e9sar Bozal Germ\u00e1n<\/h4>\n<p>C\u00e9sar Bozal Germ\u00e1n es una de las personalidades m\u00e1s influyentes del mundo de los cuchillos en Espa\u00f1a. Su pasi\u00f3n comenz\u00f3 muy pronto y, a lo largo de d\u00e9cadas, se ha convertido en un profundo conocimiento de los materiales, la ergonom\u00eda y el dise\u00f1o. Ha trabajado para coleccionistas, cazadores y chefs de renombre, ha dise\u00f1ado cuchillos para marcas prestigiosas y, como presidente de la ACAE (Asociaci\u00f3n de Cuchilleros Artesanos de Espa\u00f1a), ha dejado una huella indeleble en el sector.<\/p>\n<p>Su exigencia es clara: cada cuchillo debe convencer por su funcionalidad, ser est\u00e9ticamente equilibrado y tener alma propia. El SKIR es la expresi\u00f3n de esta filosof\u00eda. Reducido, honesto y pensado sin concesiones.<\/p>\n<h4>\u00bfPara qui\u00e9n est\u00e1 hecho el SKIR?<\/h4>\n<p>Para personas que buscan una navaja EDC legal.<br \/>\nPara amantes de las l\u00edneas claras y los materiales de alta calidad.<br \/>\nPara el d\u00eda a d\u00eda, en el que el estilo no necesita explicaciones.<\/p>\n<p>O, dicho de otro modo: para el caballero de hoy.<\/p>\n<h4>La elecci\u00f3n adecuada para cada ocasi\u00f3n<\/h4>\n<p>Elige el SKIR by C\u00e9sar Bozal German y descubre c\u00f3mo la elegancia discreta, la funcionalidad precisa y el dise\u00f1o europeo se combinan a la perfecci\u00f3n. Un cuchillo que no quiere llamar la atenci\u00f3n, pero que lo hace.<\/p>\n<h4>Caracter\u00edsticas destacadas del producto<\/h4>\n<ul>\n<li>Elegante navaja de dos manos para EDC legal<\/li>\n<li>Dise\u00f1o de C\u00e9sar Bozal German<\/li>\n<li>Hoja Drop Point con acabado satinado<\/li>\n<li>Hoja de acero VG10 o M390 a elegir<\/li>\n<li>Mango de G10 o fibra de carbono<\/li>\n<li>Cierre Back Lock seguro<\/li>\n<li>Compacta, ligera y apta para el uso diario<\/li>\n<li>Filosof\u00eda de dise\u00f1o espa\u00f1ola con car\u00e1cter caballeroso<\/li>\n<\/ul>\n","protected":false},"excerpt":{"rendered":"<p>El caballero espa\u00f1ol para el uso diario Un verdadero caballero no tiene por qu\u00e9 ser ruidoso. Convence por su porte, estilo y soberan\u00eda. SKIR encarna precisamente esta imagen. Una navaja elegante, deliberadamente discreta, que se puede llevar legalmente en casi todas partes y que causa una impresi\u00f3n silenciosa. No por su tama\u00f1o, sino por su&#8230;<\/p>\n","protected":false},"featured_media":9184,"template":"","meta":[],"product_brand":[],"product_cat":[760],"product_tag":[],"class_list":{"0":"post-9180","1":"product","2":"type-product","3":"status-publish","4":"has-post-thumbnail","6":"product_cat-cuchillos-y-navajas","8":"first","9":"instock","10":"taxable","11":"shipping-taxable","12":"purchasable","13":"product-type-simple"},"acf":[],"yoast_head":"<!-- This site is optimized with the Yoast SEO plugin v23.1 - https:\/\/yoast.com\/wordpress\/plugins\/seo\/ -->\n<title>SKIR Carbon Fiber by C\u00e9sar Bozal Germ\u00e1n - Bastards Knives<\/title>\n<meta name=\"robots\" content=\"index, follow, max-snippet:-1, max-image-preview:large, max-video-preview:-1\" \/>\n<link rel=\"canonical\" href=\"https:\/\/bastardsknives.com\/es\/producto\/salamandra-black-pearl-camo-carbon-kopie-2\/\" \/>\n<meta property=\"og:locale\" content=\"es_ES\" \/>\n<meta property=\"og:type\" content=\"article\" \/>\n<meta property=\"og:title\" content=\"SKIR Carbon Fiber by C\u00e9sar Bozal Germ\u00e1n - Bastards Knives\" \/>\n<meta property=\"og:description\" content=\"El caballero espa\u00f1ol para el uso diario Un verdadero caballero no tiene por qu\u00e9 ser ruidoso. Convence por su porte, estilo y soberan\u00eda. SKIR encarna precisamente esta imagen. Una navaja elegante, deliberadamente discreta, que se puede llevar legalmente en casi todas partes y que causa una impresi\u00f3n silenciosa. No por su tama\u00f1o, sino por su...\" \/>\n<meta property=\"og:url\" content=\"https:\/\/bastardsknives.com\/es\/producto\/salamandra-black-pearl-camo-carbon-kopie-2\/\" \/>\n<meta property=\"og:site_name\" content=\"Bastards Knives\" \/>\n<meta property=\"article:modified_time\" content=\"2026-01-24T18:18:22+00:00\" \/>\n<meta property=\"og:image\" content=\"https:\/\/bastardsknives.com\/wp-content\/uploads\/2026\/01\/Skir_CF.png\" \/>\n\t<meta property=\"og:image:width\" content=\"800\" \/>\n\t<meta property=\"og:image:height\" content=\"700\" \/>\n\t<meta property=\"og:image:type\" content=\"image\/png\" \/>\n<meta name=\"twitter:card\" content=\"summary_large_image\" \/>\n<meta name=\"twitter:label1\" content=\"Tiempo de lectura\" \/>\n\t<meta name=\"twitter:data1\" content=\"3 minutos\" \/>\n<script type=\"application\/ld+json\" class=\"yoast-schema-graph\">{\"@context\":\"https:\/\/schema.org\",\"@graph\":[{\"@type\":\"WebPage\",\"@id\":\"https:\/\/bastardsknives.com\/es\/producto\/salamandra-black-pearl-camo-carbon-kopie-2\/\",\"url\":\"https:\/\/bastardsknives.com\/es\/producto\/salamandra-black-pearl-camo-carbon-kopie-2\/\",\"name\":\"SKIR Carbon Fiber by C\u00e9sar Bozal Germ\u00e1n - Bastards Knives\",\"isPartOf\":{\"@id\":\"https:\/\/bastardsknives.com\/es\/#website\"},\"primaryImageOfPage\":{\"@id\":\"https:\/\/bastardsknives.com\/es\/producto\/salamandra-black-pearl-camo-carbon-kopie-2\/#primaryimage\"},\"image\":{\"@id\":\"https:\/\/bastardsknives.com\/es\/producto\/salamandra-black-pearl-camo-carbon-kopie-2\/#primaryimage\"},\"thumbnailUrl\":\"https:\/\/bastardsknives.com\/wp-content\/uploads\/2026\/01\/Skir_CF.png\",\"datePublished\":\"2026-01-24T12:10:59+00:00\",\"dateModified\":\"2026-01-24T18:18:22+00:00\",\"breadcrumb\":{\"@id\":\"https:\/\/bastardsknives.com\/es\/producto\/salamandra-black-pearl-camo-carbon-kopie-2\/#breadcrumb\"},\"inLanguage\":\"es\",\"potentialAction\":[{\"@type\":\"ReadAction\",\"target\":[\"https:\/\/bastardsknives.com\/es\/producto\/salamandra-black-pearl-camo-carbon-kopie-2\/\"]}]},{\"@type\":\"ImageObject\",\"inLanguage\":\"es\",\"@id\":\"https:\/\/bastardsknives.com\/es\/producto\/salamandra-black-pearl-camo-carbon-kopie-2\/#primaryimage\",\"url\":\"https:\/\/bastardsknives.com\/wp-content\/uploads\/2026\/01\/Skir_CF.png\",\"contentUrl\":\"https:\/\/bastardsknives.com\/wp-content\/uploads\/2026\/01\/Skir_CF.png\",\"width\":800,\"height\":700},{\"@type\":\"BreadcrumbList\",\"@id\":\"https:\/\/bastardsknives.com\/es\/producto\/salamandra-black-pearl-camo-carbon-kopie-2\/#breadcrumb\",\"itemListElement\":[{\"@type\":\"ListItem\",\"position\":1,\"name\":\"Home\",\"item\":\"https:\/\/bastardsknives.com\/es\/\"},{\"@type\":\"ListItem\",\"position\":2,\"name\":\"Tienda\",\"item\":\"https:\/\/bastardsknives.com\/es\/tienda\/\"},{\"@type\":\"ListItem\",\"position\":3,\"name\":\"SKIR Carbon Fiber by C\u00e9sar Bozal Germ\u00e1n\"}]},{\"@type\":\"WebSite\",\"@id\":\"https:\/\/bastardsknives.com\/es\/#website\",\"url\":\"https:\/\/bastardsknives.com\/es\/\",\"name\":\"Bastards Knives\",\"description\":\"Bastards Knives | Viviendo al filo\",\"publisher\":{\"@id\":\"https:\/\/bastardsknives.com\/es\/#organization\"},\"potentialAction\":[{\"@type\":\"SearchAction\",\"target\":{\"@type\":\"EntryPoint\",\"urlTemplate\":\"https:\/\/bastardsknives.com\/es\/?s={search_term_string}\"},\"query-input\":\"required name=search_term_string\"}],\"inLanguage\":\"es\"},{\"@type\":\"Organization\",\"@id\":\"https:\/\/bastardsknives.com\/es\/#organization\",\"name\":\"Bastards Knives\",\"url\":\"https:\/\/bastardsknives.com\/es\/\",\"logo\":{\"@type\":\"ImageObject\",\"inLanguage\":\"es\",\"@id\":\"https:\/\/bastardsknives.com\/es\/#\/schema\/logo\/image\/\",\"url\":\"https:\/\/bastardsknives.com\/wp-content\/uploads\/2022\/07\/Logoprod1.png\",\"contentUrl\":\"https:\/\/bastardsknives.com\/wp-content\/uploads\/2022\/07\/Logoprod1.png\",\"width\":284,\"height\":122,\"caption\":\"Bastards Knives\"},\"image\":{\"@id\":\"https:\/\/bastardsknives.com\/es\/#\/schema\/logo\/image\/\"}}]}<\/script>\n<!-- \/ Yoast SEO plugin. -->","yoast_head_json":{"title":"SKIR Carbon Fiber by C\u00e9sar Bozal Germ\u00e1n - Bastards Knives","robots":{"index":"index","follow":"follow","max-snippet":"max-snippet:-1","max-image-preview":"max-image-preview:large","max-video-preview":"max-video-preview:-1"},"canonical":"https:\/\/bastardsknives.com\/es\/producto\/salamandra-black-pearl-camo-carbon-kopie-2\/","og_locale":"es_ES","og_type":"article","og_title":"SKIR Carbon Fiber by C\u00e9sar Bozal Germ\u00e1n - Bastards Knives","og_description":"El caballero espa\u00f1ol para el uso diario Un verdadero caballero no tiene por qu\u00e9 ser ruidoso. Convence por su porte, estilo y soberan\u00eda. SKIR encarna precisamente esta imagen. Una navaja elegante, deliberadamente discreta, que se puede llevar legalmente en casi todas partes y que causa una impresi\u00f3n silenciosa. No por su tama\u00f1o, sino por su...","og_url":"https:\/\/bastardsknives.com\/es\/producto\/salamandra-black-pearl-camo-carbon-kopie-2\/","og_site_name":"Bastards Knives","article_modified_time":"2026-01-24T18:18:22+00:00","og_image":[{"width":800,"height":700,"url":"https:\/\/bastardsknives.com\/wp-content\/uploads\/2026\/01\/Skir_CF.png","type":"image\/png"}],"twitter_card":"summary_large_image","twitter_misc":{"Tiempo de lectura":"3 minutos"},"schema":{"@context":"https:\/\/schema.org","@graph":[{"@type":"WebPage","@id":"https:\/\/bastardsknives.com\/es\/producto\/salamandra-black-pearl-camo-carbon-kopie-2\/","url":"https:\/\/bastardsknives.com\/es\/producto\/salamandra-black-pearl-camo-carbon-kopie-2\/","name":"SKIR Carbon Fiber by C\u00e9sar Bozal Germ\u00e1n - Bastards Knives","isPartOf":{"@id":"https:\/\/bastardsknives.com\/es\/#website"},"primaryImageOfPage":{"@id":"https:\/\/bastardsknives.com\/es\/producto\/salamandra-black-pearl-camo-carbon-kopie-2\/#primaryimage"},"image":{"@id":"https:\/\/bastardsknives.com\/es\/producto\/salamandra-black-pearl-camo-carbon-kopie-2\/#primaryimage"},"thumbnailUrl":"https:\/\/bastardsknives.com\/wp-content\/uploads\/2026\/01\/Skir_CF.png","datePublished":"2026-01-24T12:10:59+00:00","dateModified":"2026-01-24T18:18:22+00:00","breadcrumb":{"@id":"https:\/\/bastardsknives.com\/es\/producto\/salamandra-black-pearl-camo-carbon-kopie-2\/#breadcrumb"},"inLanguage":"es","potentialAction":[{"@type":"ReadAction","target":["https:\/\/bastardsknives.com\/es\/producto\/salamandra-black-pearl-camo-carbon-kopie-2\/"]}]},{"@type":"ImageObject","inLanguage":"es","@id":"https:\/\/bastardsknives.com\/es\/producto\/salamandra-black-pearl-camo-carbon-kopie-2\/#primaryimage","url":"https:\/\/bastardsknives.com\/wp-content\/uploads\/2026\/01\/Skir_CF.png","contentUrl":"https:\/\/bastardsknives.com\/wp-content\/uploads\/2026\/01\/Skir_CF.png","width":800,"height":700},{"@type":"BreadcrumbList","@id":"https:\/\/bastardsknives.com\/es\/producto\/salamandra-black-pearl-camo-carbon-kopie-2\/#breadcrumb","itemListElement":[{"@type":"ListItem","position":1,"name":"Home","item":"https:\/\/bastardsknives.com\/es\/"},{"@type":"ListItem","position":2,"name":"Tienda","item":"https:\/\/bastardsknives.com\/es\/tienda\/"},{"@type":"ListItem","position":3,"name":"SKIR Carbon Fiber by C\u00e9sar Bozal Germ\u00e1n"}]},{"@type":"WebSite","@id":"https:\/\/bastardsknives.com\/es\/#website","url":"https:\/\/bastardsknives.com\/es\/","name":"Bastards Knives","description":"Bastards Knives | Viviendo al filo","publisher":{"@id":"https:\/\/bastardsknives.com\/es\/#organization"},"potentialAction":[{"@type":"SearchAction","target":{"@type":"EntryPoint","urlTemplate":"https:\/\/bastardsknives.com\/es\/?s={search_term_string}"},"query-input":"required name=search_term_string"}],"inLanguage":"es"},{"@type":"Organization","@id":"https:\/\/bastardsknives.com\/es\/#organization","name":"Bastards Knives","url":"https:\/\/bastardsknives.com\/es\/","logo":{"@type":"ImageObject","inLanguage":"es","@id":"https:\/\/bastardsknives.com\/es\/#\/schema\/logo\/image\/","url":"https:\/\/bastardsknives.com\/wp-content\/uploads\/2022\/07\/Logoprod1.png","contentUrl":"https:\/\/bastardsknives.com\/wp-content\/uploads\/2022\/07\/Logoprod1.png","width":284,"height":122,"caption":"Bastards Knives"},"image":{"@id":"https:\/\/bastardsknives.com\/es\/#\/schema\/logo\/image\/"}}]}},"_links":{"self":[{"href":"https:\/\/bastardsknives.com\/es\/wp-json\/wp\/v2\/product\/9180","targetHints":{"allow":["GET"]}}],"collection":[{"href":"https:\/\/bastardsknives.com\/es\/wp-json\/wp\/v2\/product"}],"about":[{"href":"https:\/\/bastardsknives.com\/es\/wp-json\/wp\/v2\/types\/product"}],"wp:featuredmedia":[{"embeddable":true,"href":"https:\/\/bastardsknives.com\/es\/wp-json\/wp\/v2\/media\/9184"}],"wp:attachment":[{"href":"https:\/\/bastardsknives.com\/es\/wp-json\/wp\/v2\/media?parent=9180"}],"wp:term":[{"taxonomy":"product_brand","embeddable":true,"href":"https:\/\/bastardsknives.com\/es\/wp-json\/wp\/v2\/product_brand?post=9180"},{"taxonomy":"product_cat","embeddable":true,"href":"https:\/\/bastardsknives.com\/es\/wp-json\/wp\/v2\/product_cat?post=9180"},{"taxonomy":"product_tag","embeddable":true,"href":"https:\/\/bastardsknives.com\/es\/wp-json\/wp\/v2\/product_tag?post=9180"}],"curies":[{"name":"wp","href":"https:\/\/api.w.org\/{rel}","templated":true}]}}